{"id":642,"date":"2017-03-10T09:23:39","date_gmt":"2017-03-10T09:23:39","guid":{"rendered":"http:\/\/the7.io\/ecommerce-book\/?page_id=2"},"modified":"2024-10-01T08:24:53","modified_gmt":"2024-10-01T08:24:53","slug":"subotic-webpoint-com-hr","status":"publish","type":"page","link":"https:\/\/stomatologija-pula.com\/it\/","title":{"rendered":"Inizio"},"content":{"rendered":"<div class=\"wpb-content-wrapper\"><p>[vc_row type=&#8221;vc_default&#8221; full_width=&#8221;stretch_row&#8221; gap=&#8221;35&#8243; bg_type=&#8221;bg_color&#8221; bg_override=&#8221;full&#8221; el_id=&#8221;o_nama&#8221; bg_color_value=&#8221;#f9f9f9&#8243; css=&#8221;.vc_custom_1598423550515{padding-top: 70px !important;}&#8221;][vc_column width=&#8221;1\/2&#8243; offset=&#8221;vc_col-lg-offset-0 vc_col-md-offset-0 vc_col-sm-offset-0&#8243; css=&#8221;.vc_custom_1727770845162{margin-top: 0px !important;margin-right: 0px !important;margin-bottom: 0px !important;margin-left: 0px !important;border-top-width: 0px !important;border-right-width: 0px !important;border-bottom-width: 0px !important;border-left-width: 0px !important;padding-top: 0px !important;padding-right: 0px !important;padding-bottom: 0px !important;padding-left: 0px !important;}&#8221;][vc_single_image image=&#8221;1732&#8243; img_size=&#8221;full&#8221; alignment=&#8221;center&#8221; css_animation=&#8221;fadeIn&#8221; css=&#8221;.vc_custom_1727770853882{margin-top: 0px !important;margin-right: 0px !important;margin-bottom: 0px !important;margin-left: 0px !important;border-top-width: 0px !important;border-right-width: 0px !important;border-bottom-width: 0px !important;border-left-width: 0px !important;padding-top: 0px !important;padding-right: 0px !important;padding-bottom: 0px !important;padding-left: 0px !important;}&#8221;][\/vc_column][vc_column css_animation=&#8221;none&#8221; width=&#8221;1\/2&#8243; css=&#8221;.vc_custom_1598423593707{padding-top: 30px !important;padding-bottom: 60px !important;}&#8221;]<div id=\"ultimate-heading-568169dff4977b9cc\" class=\"uvc-heading ult-adjust-bottom-margin ultimate-heading-568169dff4977b9cc uvc-2013 accent-title-color color-title\" data-hspacer=\"no_spacer\"  data-halign=\"left\" style=\"text-align:left\"><div class=\"uvc-heading-spacer no_spacer\" style=\"top\"><\/div><div class=\"uvc-main-heading ult-responsive\"  data-ultimate-target='.uvc-heading.ultimate-heading-568169dff4977b9cc h2'  data-responsive-json-new='{\"font-size\":\"desktop:18px;\",\"line-height\":\"desktop:34px;\"}' ><h2 style=\"font-family:&#039;Montserrat&#039;;font-weight:500;color:#2f2f2f;\">Studio di Medicina dentale<\/h2><\/div><div class=\"uvc-sub-heading ult-responsive\"  data-ultimate-target='.uvc-heading.ultimate-heading-568169dff4977b9cc .uvc-sub-heading '  data-responsive-json-new='{\"font-size\":\"desktop:37px;\",\"line-height\":\"desktop:50px;\"}'  style=\"font-family:&#039;Raleway&#039;;font-weight:bold;margin-bottom:30px;\"><\/p>\n<h1>Milenko Suboti\u0107<\/h1>\n<p><\/div><\/div>[vc_column_text css_animation=&#8221;right-to-left&#8221; css=&#8221;&#8221;]Lo Studio di Medicina dentale del dottor Milenko Suboti\u0107 \u00e8 stato aperto nel 1997. Sin dai primi momenti cerchiamo, prima di ogni altra cosa, di instaurare un rapporto di grande fiducia con i nostri pazienti, e investiamo costantemente nell&#8217;attrezzatura e nella formazione del personale, in modo da poter offrire un&#8217;ottima assistenza odontoiatrica. Oggi, il nostro piccolo equipaggio \u00e8 composto da due dentisti a tempo pieno e un&#8217;infermiera.[\/vc_column_text][vc_empty_space height=&#8221;40px&#8221;]<a href=\"https:\/\/stomatologija-pula.com\/nas-tim\/\" class=\"btn-shortcode dt-btn-m dt-btn default-btn-color default-btn-hover-color default-btn-bg-color default-btn-bg-hover-color anchor-link\" id=\"dt-btn-7\"><span>Conoscete lo staff<\/span><\/a>[\/vc_column][\/vc_row][vc_row type=&#8221;vc_default&#8221; full_width=&#8221;stretch_row&#8221; css=&#8221;.vc_custom_1539780230048{padding-top: 70px !important;padding-bottom: 40px !important;}&#8221; el_id=&#8221;video&#8221;][vc_column css_animation=&#8221;none&#8221; width=&#8221;1\/3&#8243; css=&#8221;.vc_custom_1727770901408{padding-right: 50px !important;padding-left: 50px !important;}&#8221;]<div id=\"ultimate-heading-332069dff4977bafc\" class=\"uvc-heading ult-adjust-bottom-margin ultimate-heading-332069dff4977bafc uvc-1806 accent-title-color color-title\" data-hspacer=\"no_spacer\"  data-halign=\"left\" style=\"text-align:left\"><div class=\"uvc-heading-spacer no_spacer\" style=\"top\"><\/div><div class=\"uvc-main-heading ult-responsive\"  data-ultimate-target='.uvc-heading.ultimate-heading-332069dff4977bafc h2'  data-responsive-json-new='{\"font-size\":\"desktop:18px;\",\"line-height\":\"desktop:34px;\"}' ><h2 style=\"font-family:&#039;Montserrat&#039;;font-weight:500;color:#2f2f2f;\">Dental team<\/h2><\/div><div class=\"uvc-sub-heading ult-responsive\"  data-ultimate-target='.uvc-heading.ultimate-heading-332069dff4977bafc .uvc-sub-heading '  data-responsive-json-new='{\"font-size\":\"desktop:40px;\",\"line-height\":\"desktop:50px;\"}'  style=\"font-family:&#039;Raleway&#039;;font-weight:bold;\"><\/p>\n<h1>dott. Suboti\u0107<\/h1>\n<p><\/div><\/div>[vc_column_text css_animation=&#8221;left-to-right&#8221; css=&#8221;.vc_custom_1559828587415{padding-top: 30px !important;}&#8221;]Il nostro studio odontoiatrico \u00e8 dotato di attrezzature di rinomati produttori mondiali. La nostra struttura conta tre \u201criuniti odontoiatrici\u201d, e dispone di un TC 3D per la radiografia dentale digitale e di un ortopantomografo; i materiali utilizzati sono di altissima qualit\u00e0.<br \/>\nInvestiamo ininterrottamente nella formazione professionale del nostro personale al fine di essere ai passi con tutti i settori della medicina dentale e con le ultime tendenze in campo odontoiatrico.<\/p>\n<p><strong>Visualizzate il filmato<\/strong> per poter conoscere al meglio il nostro ambiente lavorativo ed alcune delle nostre offerte.[\/vc_column_text]<div class=\"ult-spacer spacer-69dff4977bb67\" data-id=\"69dff4977bb67\" data-height=\"70\" data-height-mobile=\"50\" data-height-tab=\"50\" data-height-tab-portrait=\"50\" data-height-mobile-landscape=\"50\" style=\"clear:both;display:block;\"><\/div>[\/vc_column][vc_column width=&#8221;2\/3&#8243;][vc_video link=&#8221;https:\/\/www.youtube.com\/watch?v=WuhOZLiNMD0&#8243; align=&#8221;center&#8221; css_animation=&#8221;right-to-left&#8221; css=&#8221;&#8221;][vc_empty_space][\/vc_column][\/vc_row][vc_row type=&#8221;vc_default&#8221; full_width=&#8221;stretch_row&#8221; bg_type=&#8221;bg_color&#8221; bg_color_value=&#8221;#f4f4f4&#8243; css=&#8221;.vc_custom_1539783149646{padding-top: 70px !important;padding-bottom: 70px !important;}&#8221;][vc_column][vc_row_inner][vc_column_inner width=&#8221;1\/2&#8243;][vc_single_image image=&#8221;1157&#8243; img_size=&#8221;full&#8221; alignment=&#8221;center&#8221; css_animation=&#8221;left-to-right&#8221;][vc_empty_space height=&#8221;40px&#8221;][\/vc_column_inner][vc_column_inner width=&#8221;1\/2&#8243; css=&#8221;.vc_custom_1727770931077{padding-right: 50px !important;padding-left: 50px !important;}&#8221;]<div id=\"ultimate-heading-120469dff4977bb97\" class=\"uvc-heading ult-adjust-bottom-margin ultimate-heading-120469dff4977bb97 uvc-6967 accent-title-color color-title\" data-hspacer=\"no_spacer\"  data-halign=\"left\" style=\"text-align:left\"><div class=\"uvc-heading-spacer no_spacer\" style=\"top\"><\/div><div class=\"uvc-main-heading ult-responsive\"  data-ultimate-target='.uvc-heading.ultimate-heading-120469dff4977bb97 h2'  data-responsive-json-new='{\"font-size\":\"desktop:18px;\",\"line-height\":\"desktop:34px;\"}' ><h2 style=\"font-family:&#039;Montserrat&#039;;font-weight:500;color:#2f2f2f;\">Six month smiles<\/h2><\/div><div class=\"uvc-sub-heading ult-responsive\"  data-ultimate-target='.uvc-heading.ultimate-heading-120469dff4977bb97 .uvc-sub-heading '  data-responsive-json-new='{\"font-size\":\"\",\"line-height\":\"\"}'  style=\"font-weight:normal;\"><\/p>\n<h3>Un sorriso che parla di te<\/h3>\n<p><\/div><\/div>[vc_column_text css=&#8221;.vc_custom_1559828638817{padding-top: 30px !important;}&#8221;]Six Month Smiles \u00e8 il sistema di ortodonzia estetica per gli adulti che permette in soli sei mesi di avere il sorriso da sempre desiderato. Six Month Smiles \u00e8 una tecnica che combina tecniche ortodontiche e materiali moderni con l\u2019aiuto di metodi innovativi raggiungendo i risultati desiderati nel minor tempo possibile. Gli attacchi sono trasparenti e combinati con fili dello stesso colore dei denti e l\u2019apparecchio ortodontico \u00e8 quasi invisibile all\u2019occhio.\u00a0<strong>Perch\u00e9 scegliere la terapia Six Month Smile? Quali sono le sue qualit\u00e0?<\/strong>[\/vc_column_text][vc_empty_space height=&#8221;40px&#8221;]<a href=\"https:\/\/stomatologija-pula.com\/usluge\/six-month-smiles\/\" class=\"btn-shortcode dt-btn-l dt-btn default-btn-color default-btn-hover-color default-btn-bg-color default-btn-bg-hover-color\" id=\"dt-btn-8\"><span>Saperne di pi\u00f9<\/span><\/a>[\/vc_column_inner][\/vc_row_inner][\/vc_column][\/vc_row][vc_row type=&#8221;vc_default&#8221; full_width=&#8221;stretch_row&#8221; bg_type=&#8221;image&#8221; parallax_style=&#8221;vcpb-vz-jquery&#8221; bg_image_new=&#8221;id^1150|url^https:\/\/stomatologija-pula.com\/wp-content\/uploads\/2018\/10\/ordinacija-dentalne-medicine-pula.jpg|caption^null|alt^ordinacija-dentalne-medicine-pula|title^ordinacija-dentalne-medicine-pula|description^null&#8221; bg_image_repeat=&#8221;no-repeat&#8221; bg_image_size=&#8221;initial&#8221; parallax_sense=&#8221;40&#8243; bg_override=&#8221;ex-full&#8221; enable_overlay=&#8221;enable_overlay_value&#8221; overlay_color=&#8221;rgba(19,24,33,0.65)&#8221;][vc_column width=&#8221;1\/12&#8243;][\/vc_column][vc_column width=&#8221;5\/6&#8243; css=&#8221;.vc_custom_1727770940090{padding-right: 40px !important;padding-left: 40px !important;}&#8221;][vc_empty_space height=&#8221;70px&#8221;][vc_column_text css=&#8221;.vc_custom_1559828692783{padding-bottom: 15px !important;}&#8221;]<\/p>\n<h3 style=\"text-align: center;\"><span style=\"color: #ffffff;\">Le nostre prestazioni<\/span><\/h3>\n<p>[\/vc_column_text][vc_column_text css=&#8221;.vc_custom_1559828702424{padding-bottom: 15px !important;}&#8221;]<\/p>\n<p style=\"text-align: center;\"><span style=\"color: #ffffff; font-size: 17px;\">Siamo impegnati costantemente e da lungo tempo nell&#8217;offrire a chi ha bisogno di trattamenti odotontoiatrici, la qualit\u00e0 delle prestazioni. Interveniamo con grande esperienza nella risoluzione di ogni problema in campo conservativo, di protesi dentale, di chirurgia orale e di odontoiatria estetica.<\/span><\/p>\n<p>[\/vc_column_text][vc_empty_space height=&#8221;40px&#8221;]<div class=\"text-centered\"><a href=\"https:\/\/stomatologija-pula.com\/usluge\/\" class=\"btn-shortcode dt-btn-l dt-btn default-btn-color default-btn-hover-color default-btn-bg-color default-btn-bg-hover-color\" id=\"dt-btn-9\"><span>LE NOSTRE PRESTAZIONI<\/span><\/a><\/div>[vc_empty_space height=&#8221;70px&#8221;][\/vc_column][vc_column width=&#8221;1\/12&#8243;][\/vc_column][\/vc_row][vc_row type=&#8221;vc_default&#8221; full_width=&#8221;stretch_row&#8221; gap=&#8221;20&#8243; css=&#8221;.vc_custom_1539785650249{padding-top: 70px !important;padding-bottom: 70px !important;}&#8221; el_id=&#8221;kontakt&#8221;][vc_column css_animation=&#8221;none&#8221; width=&#8221;1\/2&#8243; css=&#8221;.vc_custom_1511768736762{background-color: #f4f4f4 !important;border-radius: 10px !important;}&#8221;][vc_column_text css_animation=&#8221;left-to-right&#8221; css=&#8221;.vc_custom_1511768745857{padding-top: 16px !important;padding-right: 16px !important;padding-bottom: 16px !important;padding-left: 16px !important;}&#8221;]\n<div class=\"wpcf7 no-js\" id=\"wpcf7-f4-o3\" lang=\"en-US\" dir=\"ltr\" data-wpcf7-id=\"4\">\n<div class=\"screen-reader-response\"><p role=\"status\" aria-live=\"polite\" aria-atomic=\"true\"><\/p> <ul><\/ul><\/div>\n<form action=\"\/it\/wp-json\/wp\/v2\/pages\/642#wpcf7-f4-o3\" method=\"post\" class=\"wpcf7-form init\" aria-label=\"Contact form\" novalidate=\"novalidate\" data-status=\"init\">\n<fieldset class=\"hidden-fields-container\"><input type=\"hidden\" name=\"_wpcf7\" value=\"4\" \/><input type=\"hidden\" name=\"_wpcf7_version\" value=\"6.1.2\" \/><input type=\"hidden\" name=\"_wpcf7_locale\" value=\"en_US\" \/><input type=\"hidden\" name=\"_wpcf7_unit_tag\" value=\"wpcf7-f4-o3\" \/><input type=\"hidden\" name=\"_wpcf7_container_post\" value=\"0\" \/><input type=\"hidden\" name=\"_wpcf7_posted_data_hash\" value=\"\" \/><input type=\"hidden\" name=\"_wpcf7_recaptcha_response\" value=\"\" \/>\n<\/fieldset>\n<p><label> Nome e cognome (*)<br \/>\n<span class=\"wpcf7-form-control-wrap\" data-name=\"your-name\"><input size=\"40\" maxlength=\"400\" class=\"wpcf7-form-control wpcf7-text wpcf7-validates-as-required\" aria-required=\"true\" aria-invalid=\"false\" value=\"\" type=\"text\" name=\"your-name\" \/><\/span> <\/label>\n<\/p>\n<p><label> Email (*)<br \/>\n<span class=\"wpcf7-form-control-wrap\" data-name=\"your-email\"><input size=\"40\" maxlength=\"400\" class=\"wpcf7-form-control wpcf7-email wpcf7-validates-as-required wpcf7-text wpcf7-validates-as-email\" aria-required=\"true\" aria-invalid=\"false\" value=\"\" type=\"email\" name=\"your-email\" \/><\/span> <\/label>\n<\/p>\n<p><label>Titolo<br \/>\n<span class=\"wpcf7-form-control-wrap\" data-name=\"your-subject\"><input size=\"40\" maxlength=\"400\" class=\"wpcf7-form-control wpcf7-text\" aria-invalid=\"false\" value=\"\" type=\"text\" name=\"your-subject\" \/><\/span> <\/label>\n<\/p>\n<p><label> Messaggio<br \/>\n<span class=\"wpcf7-form-control-wrap\" data-name=\"your-message\"><textarea cols=\"40\" rows=\"10\" maxlength=\"2000\" class=\"wpcf7-form-control wpcf7-textarea\" aria-invalid=\"false\" name=\"your-message\"><\/textarea><\/span> <\/label>\n<\/p>\n<p><input class=\"wpcf7-form-control wpcf7-submit has-spinner\" type=\"submit\" value=\"Send\" \/>\n<\/p><div class=\"wpcf7-response-output\" aria-hidden=\"true\"><\/div>\n<\/form>\n<\/div>\n[\/vc_column_text][vc_empty_space height=&#8221;70&#8243;][\/vc_column][vc_column css_animation=&#8221;none&#8221; width=&#8221;1\/2&#8243;]<div id=\"ultimate-heading-247769dff4977db34\" class=\"uvc-heading ult-adjust-bottom-margin ultimate-heading-247769dff4977db34 uvc-3660 accent-title-color color-title\" data-hspacer=\"no_spacer\"  data-halign=\"left\" style=\"text-align:left\"><div class=\"uvc-heading-spacer no_spacer\" style=\"top\"><\/div><div class=\"uvc-main-heading ult-responsive\"  data-ultimate-target='.uvc-heading.ultimate-heading-247769dff4977db34 h2'  data-responsive-json-new='{\"font-size\":\"desktop:18px;\",\"line-height\":\"desktop:34px;\"}' ><h2 style=\"font-family:&#039;Montserrat&#039;;font-weight:500;color:#2f2f2f;\">Contatti<\/h2><\/div><div class=\"uvc-sub-heading ult-responsive\"  data-ultimate-target='.uvc-heading.ultimate-heading-247769dff4977db34 .uvc-sub-heading '  data-responsive-json-new='{\"font-size\":\"desktop:36px;\",\"line-height\":\"desktop:46px;\"}'  style=\"font-weight:normal;\"><\/p>\n<h3>Prenota un appuntamento<\/h3>\n<p><\/div><\/div>[vc_column_text css_animation=&#8221;right-to-left&#8221; css=&#8221;.vc_custom_1727771072111{padding-top: 30px !important;padding-right: 20px !important;padding-left: 20px !important;}&#8221;]Se volete prenotare un appuntamento o chiedere delle informazioni riempite il modulo di contatto in tutti gli spazi. Provvederemo a ricontattarvi al pi\u00f9 presto per rispondere a tutte le vostre richieste.[\/vc_column_text][vc_empty_space height=&#8221;40px&#8221;]<div class=\"uavc-list-icon uavc-list-icon-wrapper ult-adjust-bottom-margin   \"><ul class=\"uavc-list\"><li><div class=\"uavc-list-content\" id=\"list-icon-wrap-7772\">\n<div class=\"uavc-list-icon  \" data-animation=\"\" data-animation-delay=\"03\" style=\"margin-right:22px;\"><div class=\"ult-just-icon-wrapper  \"><div class=\"align-icon\" style=\"text-align:center;\">\n<div class=\"aio-icon none \"  style=\"color:#e95443;font-size:22px;display:inline-block;\">\n\t<i class=\"Defaults-map-marker\"><\/i>\n<\/div><\/div><\/div>\n<\/div><span  data-ultimate-target='#list-icon-wrap-7772 .uavc-list-desc'  data-responsive-json-new='{\"font-size\":\"\",\"line-height\":\"\"}'  class=\"uavc-list-desc ult-responsive\" style=\"\"><span class=\"font_7\">Via Otokar Kersovani 37,\u00a0\u200b52 000 Pula<br \/>\n<\/span><\/p>\n<p><span style=\"color: #ffffff;\">.<\/span><\/span><\/div><\/li><li><div class=\"uavc-list-content\" id=\"list-icon-wrap-1957\">\n<div class=\"uavc-list-icon  \" data-animation=\"\" data-animation-delay=\"03\" style=\"margin-right:22px;\"><div class=\"ult-just-icon-wrapper  \"><div class=\"align-icon\" style=\"text-align:center;\">\n<div class=\"aio-icon none \"  style=\"color:#e95443;font-size:22px;display:inline-block;\">\n\t<i class=\"Defaults-phone\"><\/i>\n<\/div><\/div><\/div>\n<\/div><span  data-ultimate-target='#list-icon-wrap-1957 .uavc-list-desc'  data-responsive-json-new='{\"font-size\":\"\",\"line-height\":\"\"}'  class=\"uavc-list-desc ult-responsive\" style=\"\"><span class=\"font_7\">+385 52 216 144<\/span><\/p>\n<p><span style=\"color: #ffffff;\">.<\/span><\/span><\/div><\/li><li><div class=\"uavc-list-content\" id=\"list-icon-wrap-4938\">\n<div class=\"uavc-list-icon  \" data-animation=\"\" data-animation-delay=\"03\" style=\"margin-right:22px;\"><div class=\"ult-just-icon-wrapper  \"><div class=\"align-icon\" style=\"text-align:center;\">\n<div class=\"aio-icon none \"  style=\"color:#e95443;font-size:22px;display:inline-block;\">\n\t<i class=\"Defaults-envelope\"><\/i>\n<\/div><\/div><\/div>\n<\/div><span  data-ultimate-target='#list-icon-wrap-4938 .uavc-list-desc'  data-responsive-json-new='{\"font-size\":\"\",\"line-height\":\"\"}'  class=\"uavc-list-desc ult-responsive\" style=\"\"><a href=\"mailto:subotic.dent@gmail.com\">subotic.dent@gmail.com<\/a><\/span><\/div><\/li><li><div class=\"uavc-list-content\" id=\"list-icon-wrap-1531\">\n<div class=\"uavc-list-icon  \" data-animation=\"\" data-animation-delay=\"03\" style=\"margin-right:22px;\"><div class=\"ult-just-icon-wrapper  \"><div class=\"align-icon\" style=\"text-align:center;\">\n<div class=\"aio-icon none \"  style=\"color:#e95443;font-size:22px;display:inline-block;\">\n\t<i class=\"Defaults-clock-o\"><\/i>\n<\/div><\/div><\/div>\n<\/div><span  data-ultimate-target='#list-icon-wrap-1531 .uavc-list-desc'  data-responsive-json-new='{\"font-size\":\"\",\"line-height\":\"\"}'  class=\"uavc-list-desc ult-responsive\" style=\"\">Luned\u00ec, mercoled\u00ec, venerd\u00ec &#8211; mattina<br \/>\nMarted\u00ec, gioved\u00ec &#8211; pomeriggio<\/span><\/div><\/li><\/ul><\/div>[\/vc_column][\/vc_row]<\/p>\n<\/div>","protected":false},"excerpt":{"rendered":"<p>[vc_row type=&#8221;vc_default&#8221; full_width=&#8221;stretch_row&#8221; gap=&#8221;35&#8243; bg_type=&#8221;bg_color&#8221; bg_override=&#8221;full&#8221; el_id=&#8221;o_nama&#8221; bg_color_value=&#8221;#f9f9f9&#8243; css=&#8221;.vc_custom_1598423550515{padding-top: 70px !important;}&#8221;][vc_column width=&#8221;1\/2&#8243; offset=&#8221;vc_col-lg-offset-0 vc_col-md-offset-0 vc_col-sm-offset-0&#8243; css=&#8221;.vc_custom_1727770845162{margin-top: 0px !important;margin-right: 0px !important;margin-bottom: 0px !important;margin-left: 0px !important;border-top-width: 0px !important;border-right-width: 0px !important;border-bottom-width: 0px !important;border-left-width: 0px !important;padding-top: 0px !important;padding-right: 0px !important;padding-bottom: 0px !important;padding-left: 0px !important;}&#8221;][vc_single_image image=&#8221;1732&#8243; img_size=&#8221;full&#8221; alignment=&#8221;center&#8221; css_animation=&#8221;fadeIn&#8221; css=&#8221;.vc_custom_1727770853882{margin-top: 0px !important;margin-right: 0px !important;margin-bottom: 0px !important;margin-left: 0px !important;border-top-width: 0px !important;border-right-width:&hellip;<\/p>\n","protected":false},"author":1,"featured_media":0,"parent":0,"menu_order":0,"comment_status":"closed","ping_status":"open","template":"template-microsite.php","meta":{"footnotes":""},"class_list":["post-642","page","type-page","status-publish","hentry","description-off"],"yoast_head":"<!-- This site is optimized with the Yoast SEO plugin v26.0 - https:\/\/yoast.com\/wordpress\/plugins\/seo\/ -->\n<title>Stomatolo\u0161ka ordinacija Suboti\u0107 - Stomatolog Pula<\/title>\n<meta name=\"description\" content=\"Stomatolo\u0161ka ordinacija Suboti\u0107 u Puli pru\u017ea sve vrste usluga koje se mogu ponuditi u suvremenoj dentalnoj medicini. Povjerite nam Va\u0161 osmijeh. :)\" \/>\n<meta name=\"robots\" content=\"index, follow, max-snippet:-1, max-image-preview:large, max-video-preview:-1\" \/>\n<link rel=\"canonical\" href=\"https:\/\/stomatologija-pula.com\/\" \/>\n<meta property=\"og:locale\" content=\"it_IT\" \/>\n<meta property=\"og:type\" content=\"article\" \/>\n<meta property=\"og:title\" content=\"Stomatolo\u0161ka ordinacija Suboti\u0107 - Stomatolog Pula\" \/>\n<meta property=\"og:description\" content=\"Stomatolo\u0161ka ordinacija Suboti\u0107 u Puli pru\u017ea sve vrste usluga koje se mogu ponuditi u suvremenoj dentalnoj medicini. Povjerite nam Va\u0161 osmijeh. :)\" \/>\n<meta property=\"og:url\" content=\"https:\/\/stomatologija-pula.com\/\" \/>\n<meta property=\"og:site_name\" content=\"Ordinacija dentalne medicine Suboti\u0107\" \/>\n<meta property=\"article:modified_time\" content=\"2024-10-01T08:24:53+00:00\" \/>\n<meta name=\"twitter:card\" content=\"summary_large_image\" \/>\n<meta name=\"twitter:label1\" content=\"Tempo di lettura stimato\" \/>\n\t<meta name=\"twitter:data1\" content=\"3 minuti\" \/>\n<script type=\"application\/ld+json\" class=\"yoast-schema-graph\">{\"@context\":\"https:\/\/schema.org\",\"@graph\":[{\"@type\":\"WebPage\",\"@id\":\"https:\/\/stomatologija-pula.com\/\",\"url\":\"https:\/\/stomatologija-pula.com\/\",\"name\":\"Stomatolo\u0161ka ordinacija Suboti\u0107 - Stomatolog Pula\",\"isPartOf\":{\"@id\":\"https:\/\/stomatologija-pula.com\/en\/#website\"},\"datePublished\":\"2017-03-10T09:23:39+00:00\",\"dateModified\":\"2024-10-01T08:24:53+00:00\",\"description\":\"Stomatolo\u0161ka ordinacija Suboti\u0107 u Puli pru\u017ea sve vrste usluga koje se mogu ponuditi u suvremenoj dentalnoj medicini. Povjerite nam Va\u0161 osmijeh. :)\",\"breadcrumb\":{\"@id\":\"https:\/\/stomatologija-pula.com\/#breadcrumb\"},\"inLanguage\":\"it-IT\",\"potentialAction\":[{\"@type\":\"ReadAction\",\"target\":[\"https:\/\/stomatologija-pula.com\/\"]}]},{\"@type\":\"BreadcrumbList\",\"@id\":\"https:\/\/stomatologija-pula.com\/#breadcrumb\",\"itemListElement\":[{\"@type\":\"ListItem\",\"position\":1,\"name\":\"Home\",\"item\":\"https:\/\/stomatologija-pula.com\/\"},{\"@type\":\"ListItem\",\"position\":2,\"name\":\"Home\"}]},{\"@type\":\"WebSite\",\"@id\":\"https:\/\/stomatologija-pula.com\/en\/#website\",\"url\":\"https:\/\/stomatologija-pula.com\/en\/\",\"name\":\"Ordinacija dentalne medicine Suboti\u0107\",\"description\":\"Studio dentistico dr. Suboti\u0107\",\"potentialAction\":[{\"@type\":\"SearchAction\",\"target\":{\"@type\":\"EntryPoint\",\"urlTemplate\":\"https:\/\/stomatologija-pula.com\/en\/?s={search_term_string}\"},\"query-input\":{\"@type\":\"PropertyValueSpecification\",\"valueRequired\":true,\"valueName\":\"search_term_string\"}}],\"inLanguage\":\"it-IT\"}]}<\/script>\n<!-- \/ Yoast SEO plugin. -->","yoast_head_json":{"title":"Stomatolo\u0161ka ordinacija Suboti\u0107 - Stomatolog Pula","description":"Stomatolo\u0161ka ordinacija Suboti\u0107 u Puli pru\u017ea sve vrste usluga koje se mogu ponuditi u suvremenoj dentalnoj medicini. Povjerite nam Va\u0161 osmijeh. :)","robots":{"index":"index","follow":"follow","max-snippet":"max-snippet:-1","max-image-preview":"max-image-preview:large","max-video-preview":"max-video-preview:-1"},"canonical":"https:\/\/stomatologija-pula.com\/","og_locale":"it_IT","og_type":"article","og_title":"Stomatolo\u0161ka ordinacija Suboti\u0107 - Stomatolog Pula","og_description":"Stomatolo\u0161ka ordinacija Suboti\u0107 u Puli pru\u017ea sve vrste usluga koje se mogu ponuditi u suvremenoj dentalnoj medicini. Povjerite nam Va\u0161 osmijeh. :)","og_url":"https:\/\/stomatologija-pula.com\/","og_site_name":"Ordinacija dentalne medicine Suboti\u0107","article_modified_time":"2024-10-01T08:24:53+00:00","twitter_card":"summary_large_image","twitter_misc":{"Tempo di lettura stimato":"3 minuti"},"schema":{"@context":"https:\/\/schema.org","@graph":[{"@type":"WebPage","@id":"https:\/\/stomatologija-pula.com\/","url":"https:\/\/stomatologija-pula.com\/","name":"Stomatolo\u0161ka ordinacija Suboti\u0107 - Stomatolog Pula","isPartOf":{"@id":"https:\/\/stomatologija-pula.com\/en\/#website"},"datePublished":"2017-03-10T09:23:39+00:00","dateModified":"2024-10-01T08:24:53+00:00","description":"Stomatolo\u0161ka ordinacija Suboti\u0107 u Puli pru\u017ea sve vrste usluga koje se mogu ponuditi u suvremenoj dentalnoj medicini. Povjerite nam Va\u0161 osmijeh. :)","breadcrumb":{"@id":"https:\/\/stomatologija-pula.com\/#breadcrumb"},"inLanguage":"it-IT","potentialAction":[{"@type":"ReadAction","target":["https:\/\/stomatologija-pula.com\/"]}]},{"@type":"BreadcrumbList","@id":"https:\/\/stomatologija-pula.com\/#breadcrumb","itemListElement":[{"@type":"ListItem","position":1,"name":"Home","item":"https:\/\/stomatologija-pula.com\/"},{"@type":"ListItem","position":2,"name":"Home"}]},{"@type":"WebSite","@id":"https:\/\/stomatologija-pula.com\/en\/#website","url":"https:\/\/stomatologija-pula.com\/en\/","name":"Ordinacija dentalne medicine Suboti\u0107","description":"Studio dentistico dr. Suboti\u0107","potentialAction":[{"@type":"SearchAction","target":{"@type":"EntryPoint","urlTemplate":"https:\/\/stomatologija-pula.com\/en\/?s={search_term_string}"},"query-input":{"@type":"PropertyValueSpecification","valueRequired":true,"valueName":"search_term_string"}}],"inLanguage":"it-IT"}]}},"_links":{"self":[{"href":"https:\/\/stomatologija-pula.com\/it\/wp-json\/wp\/v2\/pages\/642","targetHints":{"allow":["GET"]}}],"collection":[{"href":"https:\/\/stomatologija-pula.com\/it\/wp-json\/wp\/v2\/pages"}],"about":[{"href":"https:\/\/stomatologija-pula.com\/it\/wp-json\/wp\/v2\/types\/page"}],"author":[{"embeddable":true,"href":"https:\/\/stomatologija-pula.com\/it\/wp-json\/wp\/v2\/users\/1"}],"replies":[{"embeddable":true,"href":"https:\/\/stomatologija-pula.com\/it\/wp-json\/wp\/v2\/comments?post=642"}],"version-history":[{"count":5,"href":"https:\/\/stomatologija-pula.com\/it\/wp-json\/wp\/v2\/pages\/642\/revisions"}],"predecessor-version":[{"id":1869,"href":"https:\/\/stomatologija-pula.com\/it\/wp-json\/wp\/v2\/pages\/642\/revisions\/1869"}],"wp:attachment":[{"href":"https:\/\/stomatologija-pula.com\/it\/wp-json\/wp\/v2\/media?parent=642"}],"curies":[{"name":"wp","href":"https:\/\/api.w.org\/{rel}","templated":true}]}}