{"id":1338,"date":"2018-11-20T13:11:42","date_gmt":"2018-11-20T13:11:42","guid":{"rendered":"https:\/\/stomatologija-pula.com\/?page_id=1338"},"modified":"2019-06-11T09:00:46","modified_gmt":"2019-06-11T09:00:46","slug":"six-month-smiles","status":"publish","type":"page","link":"https:\/\/stomatologija-pula.com\/it\/usluge\/six-month-smiles\/","title":{"rendered":"Six month smiles"},"content":{"rendered":"<div class=\"wpb-content-wrapper\"><p>[vc_row type=&#8221;vc_default&#8221; css=&#8221;.vc_custom_1540890971987{padding-top: 40px !important;padding-bottom: 40px !important;}&#8221;][vc_column width=&#8221;1\/2&#8243; css=&#8221;.vc_custom_1467303303610{padding-bottom: 20px !important;}&#8221;][vc_row_inner][vc_column_inner][vc_single_image image=&#8221;1356&#8243; img_size=&#8221;full&#8221; alignment=&#8221;center&#8221;][\/vc_column_inner][\/vc_row_inner][\/vc_column][vc_column width=&#8221;1\/2&#8243; css=&#8221;.vc_custom_1467303244842{padding-bottom: 40px !important;}&#8221;][vc_column_text]SMS \u2013 Six Month Smiles \u00e8 il sistema americano di ortodonzia estetica per adulti. L\u2019ortodonzia, soprattutto quando \u00e8 mirata agli adulti, viene definita \u201festetica\u201d in quanto rispetta molto bene le necessit\u00e0 sociali e personali di questo tipo di et\u00e0, proponendo soluzioni alternative ai classici attacchi in metallo, e con colori molto pi\u00f9 chiari e quasi impercettibili.[\/vc_column_text][vc_empty_space height=&#8221;24px&#8221;]<a href=\"https:\/\/stomatologija-pula.com\/kontakt\/\" class=\"btn-shortcode dt-btn-l dt-btn default-btn-color default-btn-hover-color default-btn-bg-color default-btn-bg-hover-color anchor-link\" id=\"dt-btn-5\"><span>Prenota un appuntamento<\/span><\/a>[\/vc_column][\/vc_row][vc_row type=&#8221;vc_default&#8221; bg_type=&#8221;bg_color&#8221; bg_override=&#8221;full&#8221; css=&#8221;.vc_custom_1542719601524{padding-top: 60px !important;padding-bottom: 60px !important;}&#8221; bg_color_value=&#8221;#f4f4f5&#8243;][vc_column width=&#8221;1\/2&#8243;][vc_column_text]L\u2019obiettivo di questo sistema \u00e8 quello di raddrizzare i denti in soli 6 mesi \u2013 in modo veloce e discreto. L&#8217;apparecchio ortodontico \u00e8 quasi invisibile all&#8217;occhio. Grazie all&#8217;utilizzo di una tecnologia esclusiva e all&#8217;ortodonzia classica l&#8217;apparato dentario del paziente verr\u00e0 sistemato in modo veloce, sicuro e delicato, raggiungendo cos\u00ec la posizione desiderata dei denti.<\/p>\n<p>\u00c8 importante sottolineare che in caso di anomalie ortodontiche serie, in cui la correzione dei denti e delle strutture circostanti dalla posizione irregolare dovesse dimostrarsi pi\u00f9 complicata, \u00e8 consigliato il ricorso alla terapia fissa. I dottori Milenko Suboti\u0107 e Luka Mirkovi\u0107, dottori in medicina dentale presso il nostro Studio, sono in possesso del certificato per l\u2019uso del sistema Six Month Smiles. Per informazioni aggiuntive seguite il collegamento: <a href=\"https:\/\/www.6monthsmiles.com\/home\" target=\"_blank\" rel=\"noopener noreferrer\">https:\/\/www.6monthsmiles.com\/home<\/a>[\/vc_column_text][\/vc_column][vc_column width=&#8221;1\/2&#8243; css=&#8221;.vc_custom_1467303303610{padding-bottom: 20px !important;}&#8221;][vc_single_image image=&#8221;1396&#8243; img_size=&#8221;full&#8221; alignment=&#8221;center&#8221;][\/vc_column][\/vc_row][vc_row type=&#8221;vc_default&#8221; css=&#8221;.vc_custom_1542719619603{padding-top: 60px !important;padding-bottom: 40px !important;}&#8221;][vc_column width=&#8221;1\/2&#8243; css=&#8221;.vc_custom_1467303303610{padding-bottom: 20px !important;}&#8221;][vc_row_inner][vc_column_inner width=&#8221;1\/2&#8243;][vc_single_image image=&#8221;1357&#8243; img_size=&#8221;full&#8221; alignment=&#8221;center&#8221;][\/vc_column_inner][vc_column_inner width=&#8221;1\/2&#8243;][vc_single_image image=&#8221;1355&#8243; img_size=&#8221;full&#8221; alignment=&#8221;center&#8221;][\/vc_column_inner][\/vc_row_inner][\/vc_column][vc_column width=&#8221;1\/2&#8243; css=&#8221;.vc_custom_1467303244842{padding-bottom: 40px !important;}&#8221;][vc_column_text]Un sorriso non costa niente eppure regala delle belle sensazioni. Chi lo riceve \u00e8 pi\u00f9 ricco, chi lo dona non perde nulla. \u00c8 questo il senso del sorridere: dare senza fatica qualcosa che durer\u00e0 nel tempo.\u00a0Nessuno \u00e8 troppo ricco da non desiderarlo quando non ne \u00e8 in possesso, e nessuno \u00e8 cos\u00ec povero da non poterlo generosamente regalare.<\/p>\n<p>Se qualcuno non ha pi\u00f9 voglia di sorridere aiutalo a farlo: grazie a chi fa del sorriso una missione.[\/vc_column_text][vc_empty_space height=&#8221;24px&#8221;]<a href=\"https:\/\/stomatologija-pula.com\/usluge\/\" class=\"btn-shortcode dt-btn-l dt-btn default-btn-color default-btn-hover-color default-btn-bg-color default-btn-bg-hover-color anchor-link\" id=\"dt-btn-6\"><span>Servizi aggiuntivi<\/span><\/a>[\/vc_column][\/vc_row]<\/p>\n<\/div>","protected":false},"excerpt":{"rendered":"<p>[vc_row type=&#8221;vc_default&#8221; css=&#8221;.vc_custom_1540890971987{padding-top: 40px !important;padding-bottom: 40px !important;}&#8221;][vc_column width=&#8221;1\/2&#8243; css=&#8221;.vc_custom_1467303303610{padding-bottom: 20px !important;}&#8221;][vc_row_inner][vc_column_inner][vc_single_image image=&#8221;1356&#8243; img_size=&#8221;full&#8221; alignment=&#8221;center&#8221;][\/vc_column_inner][\/vc_row_inner][\/vc_column][vc_column width=&#8221;1\/2&#8243; css=&#8221;.vc_custom_1467303244842{padding-bottom: 40px !important;}&#8221;][vc_column_text]SMS \u2013 Six Month Smiles \u00e8 il sistema americano di ortodonzia estetica per adulti. L\u2019ortodonzia, soprattutto quando \u00e8 mirata agli adulti, viene definita \u201festetica\u201d in quanto rispetta molto bene le necessit\u00e0 sociali e personali di questo tipo di&hellip;<\/p>\n","protected":false},"author":2,"featured_media":0,"parent":1166,"menu_order":1,"comment_status":"closed","ping_status":"closed","template":"template-microsite.php","meta":{"footnotes":""},"class_list":["post-1338","page","type-page","status-publish","hentry","description-off"],"yoast_head":"<!-- This site is optimized with the Yoast SEO plugin v26.0 - https:\/\/yoast.com\/wordpress\/plugins\/seo\/ -->\n<title>Six month smiles - Ordinacija dentalne medicine Suboti\u0107<\/title>\n<meta name=\"description\" content=\"U samo 6 mjeseci mo\u017eete imati osmijeh o kojem ste sanjali uz pomo\u0107 inovativnih metoda, ortodontskih tehnike i modernih materijala. Kako? Saznajte ovdje!\" \/>\n<meta name=\"robots\" content=\"index, follow, max-snippet:-1, max-image-preview:large, max-video-preview:-1\" \/>\n<link rel=\"canonical\" href=\"https:\/\/stomatologija-pula.com\/en\/usluge\/six-month-smiles\/\" \/>\n<meta property=\"og:locale\" content=\"it_IT\" \/>\n<meta property=\"og:type\" content=\"article\" \/>\n<meta property=\"og:title\" content=\"Six month smiles - Ordinacija dentalne medicine Suboti\u0107\" \/>\n<meta property=\"og:description\" content=\"U samo 6 mjeseci mo\u017eete imati osmijeh o kojem ste sanjali uz pomo\u0107 inovativnih metoda, ortodontskih tehnike i modernih materijala. Kako? Saznajte ovdje!\" \/>\n<meta property=\"og:url\" content=\"https:\/\/stomatologija-pula.com\/en\/usluge\/six-month-smiles\/\" \/>\n<meta property=\"og:site_name\" content=\"Ordinacija dentalne medicine Suboti\u0107\" \/>\n<meta property=\"article:modified_time\" content=\"2019-06-11T09:00:46+00:00\" \/>\n<meta name=\"twitter:card\" content=\"summary_large_image\" \/>\n<meta name=\"twitter:label1\" content=\"Tempo di lettura stimato\" \/>\n\t<meta name=\"twitter:data1\" content=\"9 minuti\" \/>\n<script type=\"application\/ld+json\" class=\"yoast-schema-graph\">{\"@context\":\"https:\/\/schema.org\",\"@graph\":[{\"@type\":\"WebPage\",\"@id\":\"https:\/\/stomatologija-pula.com\/en\/usluge\/six-month-smiles\/\",\"url\":\"https:\/\/stomatologija-pula.com\/en\/usluge\/six-month-smiles\/\",\"name\":\"Six month smiles - Ordinacija dentalne medicine Suboti\u0107\",\"isPartOf\":{\"@id\":\"https:\/\/stomatologija-pula.com\/en\/#website\"},\"datePublished\":\"2018-11-20T13:11:42+00:00\",\"dateModified\":\"2019-06-11T09:00:46+00:00\",\"description\":\"U samo 6 mjeseci mo\u017eete imati osmijeh o kojem ste sanjali uz pomo\u0107 inovativnih metoda, ortodontskih tehnike i modernih materijala. Kako? Saznajte ovdje!\",\"breadcrumb\":{\"@id\":\"https:\/\/stomatologija-pula.com\/en\/usluge\/six-month-smiles\/#breadcrumb\"},\"inLanguage\":\"it-IT\",\"potentialAction\":[{\"@type\":\"ReadAction\",\"target\":[\"https:\/\/stomatologija-pula.com\/en\/usluge\/six-month-smiles\/\"]}]},{\"@type\":\"BreadcrumbList\",\"@id\":\"https:\/\/stomatologija-pula.com\/en\/usluge\/six-month-smiles\/#breadcrumb\",\"itemListElement\":[{\"@type\":\"ListItem\",\"position\":1,\"name\":\"Home\",\"item\":\"https:\/\/stomatologija-pula.com\/\"},{\"@type\":\"ListItem\",\"position\":2,\"name\":\"Services\",\"item\":\"https:\/\/stomatologija-pula.com\/en\/usluge\/\"},{\"@type\":\"ListItem\",\"position\":3,\"name\":\"Six month smiles\"}]},{\"@type\":\"WebSite\",\"@id\":\"https:\/\/stomatologija-pula.com\/en\/#website\",\"url\":\"https:\/\/stomatologija-pula.com\/en\/\",\"name\":\"Ordinacija dentalne medicine Suboti\u0107\",\"description\":\"Studio dentistico dr. Suboti\u0107\",\"potentialAction\":[{\"@type\":\"SearchAction\",\"target\":{\"@type\":\"EntryPoint\",\"urlTemplate\":\"https:\/\/stomatologija-pula.com\/en\/?s={search_term_string}\"},\"query-input\":{\"@type\":\"PropertyValueSpecification\",\"valueRequired\":true,\"valueName\":\"search_term_string\"}}],\"inLanguage\":\"it-IT\"}]}<\/script>\n<!-- \/ Yoast SEO plugin. -->","yoast_head_json":{"title":"Six month smiles - Ordinacija dentalne medicine Suboti\u0107","description":"U samo 6 mjeseci mo\u017eete imati osmijeh o kojem ste sanjali uz pomo\u0107 inovativnih metoda, ortodontskih tehnike i modernih materijala. Kako? Saznajte ovdje!","robots":{"index":"index","follow":"follow","max-snippet":"max-snippet:-1","max-image-preview":"max-image-preview:large","max-video-preview":"max-video-preview:-1"},"canonical":"https:\/\/stomatologija-pula.com\/en\/usluge\/six-month-smiles\/","og_locale":"it_IT","og_type":"article","og_title":"Six month smiles - Ordinacija dentalne medicine Suboti\u0107","og_description":"U samo 6 mjeseci mo\u017eete imati osmijeh o kojem ste sanjali uz pomo\u0107 inovativnih metoda, ortodontskih tehnike i modernih materijala. Kako? Saznajte ovdje!","og_url":"https:\/\/stomatologija-pula.com\/en\/usluge\/six-month-smiles\/","og_site_name":"Ordinacija dentalne medicine Suboti\u0107","article_modified_time":"2019-06-11T09:00:46+00:00","twitter_card":"summary_large_image","twitter_misc":{"Tempo di lettura stimato":"9 minuti"},"schema":{"@context":"https:\/\/schema.org","@graph":[{"@type":"WebPage","@id":"https:\/\/stomatologija-pula.com\/en\/usluge\/six-month-smiles\/","url":"https:\/\/stomatologija-pula.com\/en\/usluge\/six-month-smiles\/","name":"Six month smiles - Ordinacija dentalne medicine Suboti\u0107","isPartOf":{"@id":"https:\/\/stomatologija-pula.com\/en\/#website"},"datePublished":"2018-11-20T13:11:42+00:00","dateModified":"2019-06-11T09:00:46+00:00","description":"U samo 6 mjeseci mo\u017eete imati osmijeh o kojem ste sanjali uz pomo\u0107 inovativnih metoda, ortodontskih tehnike i modernih materijala. Kako? Saznajte ovdje!","breadcrumb":{"@id":"https:\/\/stomatologija-pula.com\/en\/usluge\/six-month-smiles\/#breadcrumb"},"inLanguage":"it-IT","potentialAction":[{"@type":"ReadAction","target":["https:\/\/stomatologija-pula.com\/en\/usluge\/six-month-smiles\/"]}]},{"@type":"BreadcrumbList","@id":"https:\/\/stomatologija-pula.com\/en\/usluge\/six-month-smiles\/#breadcrumb","itemListElement":[{"@type":"ListItem","position":1,"name":"Home","item":"https:\/\/stomatologija-pula.com\/"},{"@type":"ListItem","position":2,"name":"Services","item":"https:\/\/stomatologija-pula.com\/en\/usluge\/"},{"@type":"ListItem","position":3,"name":"Six month smiles"}]},{"@type":"WebSite","@id":"https:\/\/stomatologija-pula.com\/en\/#website","url":"https:\/\/stomatologija-pula.com\/en\/","name":"Ordinacija dentalne medicine Suboti\u0107","description":"Studio dentistico dr. Suboti\u0107","potentialAction":[{"@type":"SearchAction","target":{"@type":"EntryPoint","urlTemplate":"https:\/\/stomatologija-pula.com\/en\/?s={search_term_string}"},"query-input":{"@type":"PropertyValueSpecification","valueRequired":true,"valueName":"search_term_string"}}],"inLanguage":"it-IT"}]}},"_links":{"self":[{"href":"https:\/\/stomatologija-pula.com\/it\/wp-json\/wp\/v2\/pages\/1338","targetHints":{"allow":["GET"]}}],"collection":[{"href":"https:\/\/stomatologija-pula.com\/it\/wp-json\/wp\/v2\/pages"}],"about":[{"href":"https:\/\/stomatologija-pula.com\/it\/wp-json\/wp\/v2\/types\/page"}],"author":[{"embeddable":true,"href":"https:\/\/stomatologija-pula.com\/it\/wp-json\/wp\/v2\/users\/2"}],"replies":[{"embeddable":true,"href":"https:\/\/stomatologija-pula.com\/it\/wp-json\/wp\/v2\/comments?post=1338"}],"version-history":[{"count":5,"href":"https:\/\/stomatologija-pula.com\/it\/wp-json\/wp\/v2\/pages\/1338\/revisions"}],"predecessor-version":[{"id":1500,"href":"https:\/\/stomatologija-pula.com\/it\/wp-json\/wp\/v2\/pages\/1338\/revisions\/1500"}],"up":[{"embeddable":true,"href":"https:\/\/stomatologija-pula.com\/it\/wp-json\/wp\/v2\/pages\/1166"}],"wp:attachment":[{"href":"https:\/\/stomatologija-pula.com\/it\/wp-json\/wp\/v2\/media?parent=1338"}],"curies":[{"name":"wp","href":"https:\/\/api.w.org\/{rel}","templated":true}]}}