{"id":1334,"date":"2018-11-20T12:42:54","date_gmt":"2018-11-20T12:42:54","guid":{"rendered":"https:\/\/stomatologija-pula.com\/?page_id=1334"},"modified":"2023-08-30T15:02:35","modified_gmt":"2023-08-30T15:02:35","slug":"implantologija","status":"publish","type":"page","link":"https:\/\/stomatologija-pula.com\/it\/usluge\/implantologija\/","title":{"rendered":"L&#8217;implantologia"},"content":{"rendered":"<div class=\"wpb-content-wrapper\"><p>[vc_row type=&#8221;vc_default&#8221; css=&#8221;.vc_custom_1540890971987{padding-top: 40px !important;padding-bottom: 40px !important;}&#8221;][vc_column width=&#8221;1\/2&#8243; css=&#8221;.vc_custom_1467303303610{padding-bottom: 20px !important;}&#8221;][vc_single_image image=&#8221;1373&#8243; img_size=&#8221;full&#8221; alignment=&#8221;center&#8221;][\/vc_column][vc_column width=&#8221;1\/2&#8243; css=&#8221;.vc_custom_1467303244842{padding-bottom: 40px !important;}&#8221;]<div id=\"ultimate-heading-979969eb79318ff2d\" class=\"uvc-heading ult-adjust-bottom-margin ultimate-heading-979969eb79318ff2d uvc-5607 \" data-hspacer=\"no_spacer\"  data-halign=\"left\" style=\"text-align:left\"><div class=\"uvc-heading-spacer no_spacer\" style=\"top\"><\/div><div class=\"uvc-main-heading ult-responsive\"  data-ultimate-target='.uvc-heading.ultimate-heading-979969eb79318ff2d h2'  data-responsive-json-new='{\"font-size\":\"desktop:30px;\",\"line-height\":\"desktop:40px;\"}' ><h2 style=\"font-weight:bold;margin-bottom:10px;\">Denti mancanti? Ve li restituiamo noi<\/h2><\/div><\/div>[vc_empty_space height=&#8221;24px&#8221;][vc_column_text]Negli ultimi vent\u2019anni, dopo la scoperta di Braenmark, il successo dell\u2019implantologia \u00e8 cresciuto grazie al processo biologico di osteointegrazione (che produce un legame stabile e duraturo con il titanio dell\u2019impianto che sar\u00e0 cos\u00ec saldamente adeso sostituendo la radice naturale del dente del paziente). Nel nostro studio dentistico usiamo esclusivamente un tipo di impianto, il Nobel Care, considerato il migliore sul mercato.<\/p>\n<p>L\u2019implantologia \u00e8 una terapia riabilitativa sicura e affidabile che offre l\u2018opportunit\u00e0 di sostituire completamente i denti perduti o danneggiati attraverso una metodica terapeutica che si fonda su solide basi scientifiche. Gli impianti dentali possono sostituire denti singoli o gruppi di denti mancanti, oppure consentono di fissare saldamente le protesi rimovibili permettendo di ripristinare il confort, l\u2019estetica e la sicurezza perdute.<\/p>\n<p>Nel nostro studio dentistico, vengono utilizzati esclusivamente impianti dentali di alta gamma dei marchi Nobel Biocare e Aadva.[\/vc_column_text][vc_empty_space height=&#8221;40px&#8221;]<a href=\"https:\/\/stomatologija-pula.com\/kontakt\/\" class=\"btn-shortcode dt-btn-l dt-btn default-btn-color default-btn-hover-color default-btn-bg-color default-btn-bg-hover-color\" id=\"dt-btn-3\"><span>Naru\u010dite se<\/span><\/a>[\/vc_column][\/vc_row][vc_row type=&#8221;vc_default&#8221; bg_type=&#8221;bg_color&#8221; bg_override=&#8221;full&#8221; css=&#8221;.vc_custom_1540892929892{padding-top: 60px !important;padding-bottom: 60px !important;}&#8221; bg_color_value=&#8221;#f4f4f5&#8243;][vc_column][vc_column_text]<\/p>\n<p style=\"text-align: center;\">Gli \u201cimpianti dentali\u201d sono delle viti di titanio puro che con un piccolo intervento chirurgico praticato sotto anestesia vengono inseriti all\u2019interno dell\u2019osso mascellare o mandibolare. Tutto ha inizio con una CONE BEAM Tomografia Computerizzata (CBCT): nel nostro studio ci siamo dotati di un macchinario di imaging radiologica di ultima generazione: una Carestream 3D CT.<br \/>\nQuesta nuova tecnica di Tomografia Computerizzata CBCT \u00e8 rivolta allo studio del massiccio facciale, in particolare delle arcate dentarie nella valutazione e programmazione di interventi chirurgici e implantologici. La tecnologia \u201ccone beam\u201d applicata al campo dentale ha elevato la qualit\u00e0 dell\u2019imaging con una notevole riduzione della dose di radiazioni data al paziente.<\/p>\n<p style=\"text-align: center;\">L\u2019utilizzo principale di questa nuova tecnica, si diceva, \u00e8 nel campo dell\u2019implantologia per valutare le caratteristiche morfo-strutturali, l\u2019altezza e lo spessore dell\u2019osso alveolare nelle sedi di interesse implantare. Con l\u2019acquisizione tridimensionale (3D) \u00e8 possibile ottenere informazioni e dettagli anatomici migliori rispetto a quello che si pu\u00f2 ottenere da rappresentazioni bidimensionali (2D).\u00a0I dati ottenuti dal CT vengono elaborati da un software e spediti al Laboratorio odontotecnico che realizzer\u00e0 le cosiddette \u201cdime chirurgiche\u201d stampate in 3D grazie alle stampanti 3D dentali. L&#8217;odontoiatria digitale \u00e8 gi\u00e0 una realt\u00e0 per un crescente numero di centri odontoiatrici compreso il nostro.<\/p>\n<p>[\/vc_column_text][\/vc_column][\/vc_row][vc_row type=&#8221;vc_default&#8221; css=&#8221;.vc_custom_1540890971987{padding-top: 40px !important;padding-bottom: 40px !important;}&#8221;][vc_column width=&#8221;1\/2&#8243; css=&#8221;.vc_custom_1467303303610{padding-bottom: 20px !important;}&#8221;][vc_single_image image=&#8221;1372&#8243; img_size=&#8221;full&#8221; alignment=&#8221;center&#8221;][\/vc_column][vc_column width=&#8221;1\/2&#8243;][vc_single_image image=&#8221;1371&#8243; img_size=&#8221;full&#8221; alignment=&#8221;center&#8221;][\/vc_column][\/vc_row]<\/p>\n<\/div>","protected":false},"excerpt":{"rendered":"<p>[vc_row type=&#8221;vc_default&#8221; css=&#8221;.vc_custom_1540890971987{padding-top: 40px !important;padding-bottom: 40px !important;}&#8221;][vc_column width=&#8221;1\/2&#8243; css=&#8221;.vc_custom_1467303303610{padding-bottom: 20px !important;}&#8221;][vc_single_image image=&#8221;1373&#8243; img_size=&#8221;full&#8221; alignment=&#8221;center&#8221;][\/vc_column][vc_column width=&#8221;1\/2&#8243; css=&#8221;.vc_custom_1467303244842{padding-bottom: 40px !important;}&#8221;][vc_empty_space height=&#8221;24px&#8221;][vc_column_text]Negli ultimi vent\u2019anni, dopo la scoperta di Braenmark, il successo dell\u2019implantologia \u00e8 cresciuto grazie al processo biologico di osteointegrazione (che produce un legame stabile e duraturo con il titanio dell\u2019impianto che sar\u00e0 cos\u00ec saldamente adeso sostituendo la&hellip;<\/p>\n","protected":false},"author":2,"featured_media":0,"parent":1166,"menu_order":1,"comment_status":"closed","ping_status":"closed","template":"template-microsite.php","meta":{"footnotes":""},"class_list":["post-1334","page","type-page","status-publish","hentry","description-off"],"yoast_head":"<!-- This site is optimized with the Yoast SEO plugin v26.0 - https:\/\/yoast.com\/wordpress\/plugins\/seo\/ -->\n<title>L&#039;implantologia - Ordinacija dentalne medicine Suboti\u0107<\/title>\n<meta name=\"description\" content=\"Rije\u0161avamo nedostatak jednog, vi\u0161e ili svih zuba postavljanjem implantata u gornju odnosno donju \u010deljust pri \u010demu koristimo najkvalitetnijie materijale.\" \/>\n<meta name=\"robots\" content=\"index, follow, max-snippet:-1, max-image-preview:large, max-video-preview:-1\" \/>\n<link rel=\"canonical\" href=\"https:\/\/stomatologija-pula.com\/usluge\/implantologija\/\" \/>\n<meta property=\"og:locale\" content=\"it_IT\" \/>\n<meta property=\"og:type\" content=\"article\" \/>\n<meta property=\"og:title\" content=\"[:hr]Implantologija[:en]Implantology[:it]L&#039;implantologia[:] - Ordinacija dentalne medicine Suboti\u0107\" \/>\n<meta property=\"og:description\" content=\"Rije\u0161avamo nedostatak jednog, vi\u0161e ili svih zuba postavljanjem implantata u gornju odnosno donju \u010deljust pri \u010demu koristimo najkvalitetnijie materijale.\" \/>\n<meta property=\"og:url\" content=\"https:\/\/stomatologija-pula.com\/usluge\/implantologija\/\" \/>\n<meta property=\"og:site_name\" content=\"Ordinacija dentalne medicine Suboti\u0107\" \/>\n<meta property=\"article:modified_time\" content=\"2023-08-30T15:02:35+00:00\" \/>\n<meta name=\"twitter:card\" content=\"summary_large_image\" \/>\n<meta name=\"twitter:label1\" content=\"Tempo di lettura stimato\" \/>\n\t<meta name=\"twitter:data1\" content=\"2 minuti\" \/>\n<script type=\"application\/ld+json\" class=\"yoast-schema-graph\">{\"@context\":\"https:\/\/schema.org\",\"@graph\":[{\"@type\":\"WebPage\",\"@id\":\"https:\/\/stomatologija-pula.com\/usluge\/implantologija\/\",\"url\":\"https:\/\/stomatologija-pula.com\/usluge\/implantologija\/\",\"name\":\"[:hr]Implantologija[:en]Implantology[:it]L'implantologia[:] - Ordinacija dentalne medicine Suboti\u0107\",\"isPartOf\":{\"@id\":\"https:\/\/stomatologija-pula.com\/en\/#website\"},\"datePublished\":\"2018-11-20T12:42:54+00:00\",\"dateModified\":\"2023-08-30T15:02:35+00:00\",\"description\":\"Rije\u0161avamo nedostatak jednog, vi\u0161e ili svih zuba postavljanjem implantata u gornju odnosno donju \u010deljust pri \u010demu koristimo najkvalitetnijie materijale.\",\"breadcrumb\":{\"@id\":\"https:\/\/stomatologija-pula.com\/usluge\/implantologija\/#breadcrumb\"},\"inLanguage\":\"it-IT\",\"potentialAction\":[{\"@type\":\"ReadAction\",\"target\":[\"https:\/\/stomatologija-pula.com\/usluge\/implantologija\/\"]}]},{\"@type\":\"BreadcrumbList\",\"@id\":\"https:\/\/stomatologija-pula.com\/usluge\/implantologija\/#breadcrumb\",\"itemListElement\":[{\"@type\":\"ListItem\",\"position\":1,\"name\":\"Home\",\"item\":\"https:\/\/stomatologija-pula.com\/\"},{\"@type\":\"ListItem\",\"position\":2,\"name\":\"Services\",\"item\":\"https:\/\/stomatologija-pula.com\/en\/usluge\/\"},{\"@type\":\"ListItem\",\"position\":3,\"name\":\"Implantology\"}]},{\"@type\":\"WebSite\",\"@id\":\"https:\/\/stomatologija-pula.com\/en\/#website\",\"url\":\"https:\/\/stomatologija-pula.com\/en\/\",\"name\":\"Ordinacija dentalne medicine Suboti\u0107\",\"description\":\"Studio dentistico dr. Suboti\u0107\",\"potentialAction\":[{\"@type\":\"SearchAction\",\"target\":{\"@type\":\"EntryPoint\",\"urlTemplate\":\"https:\/\/stomatologija-pula.com\/en\/?s={search_term_string}\"},\"query-input\":{\"@type\":\"PropertyValueSpecification\",\"valueRequired\":true,\"valueName\":\"search_term_string\"}}],\"inLanguage\":\"it-IT\"}]}<\/script>\n<!-- \/ Yoast SEO plugin. -->","yoast_head_json":{"title":"[:hr]Implantologija[:en]Implantology[:it]L'implantologia[:] - Ordinacija dentalne medicine Suboti\u0107","description":"Rije\u0161avamo nedostatak jednog, vi\u0161e ili svih zuba postavljanjem implantata u gornju odnosno donju \u010deljust pri \u010demu koristimo najkvalitetnijie materijale.","robots":{"index":"index","follow":"follow","max-snippet":"max-snippet:-1","max-image-preview":"max-image-preview:large","max-video-preview":"max-video-preview:-1"},"canonical":"https:\/\/stomatologija-pula.com\/usluge\/implantologija\/","og_locale":"it_IT","og_type":"article","og_title":"[:hr]Implantologija[:en]Implantology[:it]L'implantologia[:] - Ordinacija dentalne medicine Suboti\u0107","og_description":"Rije\u0161avamo nedostatak jednog, vi\u0161e ili svih zuba postavljanjem implantata u gornju odnosno donju \u010deljust pri \u010demu koristimo najkvalitetnijie materijale.","og_url":"https:\/\/stomatologija-pula.com\/usluge\/implantologija\/","og_site_name":"Ordinacija dentalne medicine Suboti\u0107","article_modified_time":"2023-08-30T15:02:35+00:00","twitter_card":"summary_large_image","twitter_misc":{"Tempo di lettura stimato":"2 minuti"},"schema":{"@context":"https:\/\/schema.org","@graph":[{"@type":"WebPage","@id":"https:\/\/stomatologija-pula.com\/usluge\/implantologija\/","url":"https:\/\/stomatologija-pula.com\/usluge\/implantologija\/","name":"[:hr]Implantologija[:en]Implantology[:it]L'implantologia[:] - Ordinacija dentalne medicine Suboti\u0107","isPartOf":{"@id":"https:\/\/stomatologija-pula.com\/en\/#website"},"datePublished":"2018-11-20T12:42:54+00:00","dateModified":"2023-08-30T15:02:35+00:00","description":"Rije\u0161avamo nedostatak jednog, vi\u0161e ili svih zuba postavljanjem implantata u gornju odnosno donju \u010deljust pri \u010demu koristimo najkvalitetnijie materijale.","breadcrumb":{"@id":"https:\/\/stomatologija-pula.com\/usluge\/implantologija\/#breadcrumb"},"inLanguage":"it-IT","potentialAction":[{"@type":"ReadAction","target":["https:\/\/stomatologija-pula.com\/usluge\/implantologija\/"]}]},{"@type":"BreadcrumbList","@id":"https:\/\/stomatologija-pula.com\/usluge\/implantologija\/#breadcrumb","itemListElement":[{"@type":"ListItem","position":1,"name":"Home","item":"https:\/\/stomatologija-pula.com\/"},{"@type":"ListItem","position":2,"name":"Services","item":"https:\/\/stomatologija-pula.com\/en\/usluge\/"},{"@type":"ListItem","position":3,"name":"Implantology"}]},{"@type":"WebSite","@id":"https:\/\/stomatologija-pula.com\/en\/#website","url":"https:\/\/stomatologija-pula.com\/en\/","name":"Ordinacija dentalne medicine Suboti\u0107","description":"Studio dentistico dr. Suboti\u0107","potentialAction":[{"@type":"SearchAction","target":{"@type":"EntryPoint","urlTemplate":"https:\/\/stomatologija-pula.com\/en\/?s={search_term_string}"},"query-input":{"@type":"PropertyValueSpecification","valueRequired":true,"valueName":"search_term_string"}}],"inLanguage":"it-IT"}]}},"_links":{"self":[{"href":"https:\/\/stomatologija-pula.com\/it\/wp-json\/wp\/v2\/pages\/1334","targetHints":{"allow":["GET"]}}],"collection":[{"href":"https:\/\/stomatologija-pula.com\/it\/wp-json\/wp\/v2\/pages"}],"about":[{"href":"https:\/\/stomatologija-pula.com\/it\/wp-json\/wp\/v2\/types\/page"}],"author":[{"embeddable":true,"href":"https:\/\/stomatologija-pula.com\/it\/wp-json\/wp\/v2\/users\/2"}],"replies":[{"embeddable":true,"href":"https:\/\/stomatologija-pula.com\/it\/wp-json\/wp\/v2\/comments?post=1334"}],"version-history":[{"count":5,"href":"https:\/\/stomatologija-pula.com\/it\/wp-json\/wp\/v2\/pages\/1334\/revisions"}],"predecessor-version":[{"id":1739,"href":"https:\/\/stomatologija-pula.com\/it\/wp-json\/wp\/v2\/pages\/1334\/revisions\/1739"}],"up":[{"embeddable":true,"href":"https:\/\/stomatologija-pula.com\/it\/wp-json\/wp\/v2\/pages\/1166"}],"wp:attachment":[{"href":"https:\/\/stomatologija-pula.com\/it\/wp-json\/wp\/v2\/media?parent=1334"}],"curies":[{"name":"wp","href":"https:\/\/api.w.org\/{rel}","templated":true}]}}