{"id":1332,"date":"2018-11-20T12:39:58","date_gmt":"2018-11-20T12:39:58","guid":{"rendered":"https:\/\/stomatologija-pula.com\/?page_id=1332"},"modified":"2023-09-12T15:21:23","modified_gmt":"2023-09-12T15:21:23","slug":"estetska-stomatologija","status":"publish","type":"page","link":"https:\/\/stomatologija-pula.com\/it\/usluge\/estetska-stomatologija\/","title":{"rendered":"Estetica dentale"},"content":{"rendered":"<div class=\"wpb-content-wrapper\"><p><\/p>\n<p>[vc_row type=&#8221;vc_default&#8221; css=&#8221;.vc_custom_1540890971987{padding-top: 40px !important;padding-bottom: 40px !important;}&#8221;][vc_column width=&#8221;1\/2&#8243; css=&#8221;.vc_custom_1467303303610{padding-bottom: 20px !important;}&#8221;][vc_single_image image=&#8221;1380&#8243; img_size=&#8221;full&#8221; alignment=&#8221;center&#8221;][\/vc_column][vc_column width=&#8221;1\/2&#8243; css=&#8221;.vc_custom_1467303244842{padding-bottom: 40px !important;}&#8221;]<div id=\"ultimate-heading-603769ecc633c2073\" class=\"uvc-heading ult-adjust-bottom-margin ultimate-heading-603769ecc633c2073 uvc-8665 \" data-hspacer=\"no_spacer\"  data-halign=\"left\" style=\"text-align:left\"><div class=\"uvc-heading-spacer no_spacer\" style=\"top\"><\/div><div class=\"uvc-main-heading ult-responsive\"  data-ultimate-target='.uvc-heading.ultimate-heading-603769ecc633c2073 h2'  data-responsive-json-new='{\"font-size\":\"desktop:30px;\",\"line-height\":\"desktop:40px;\"}' ><h2 style=\"font-weight:bold;margin-bottom:10px;\">L'importanza di ogni sorriso<\/h2><\/div><\/div>[vc_empty_space height=&#8221;24px&#8221;][vc_column_text]<span lang=\"HR\">L&#8217;obiettivo dunque \u00e8 quello di\u00a0 garantire a ogni paziente un sorriso perfetto non solo dal punto di vista estetico, ma anche funzionale, al di l\u00e0 del trascorrere del tempo e dei cambiamenti causati dall&#8217;et\u00e0 avanzata.<\/span>[\/vc_column_text][vc_empty_space height=&#8221;24px&#8221;][\/vc_column][\/vc_row][vc_row type=&#8221;vc_default&#8221; bg_type=&#8221;bg_color&#8221; bg_override=&#8221;full&#8221; css=&#8221;.vc_custom_1693408593205{padding-top: 40px !important;padding-bottom: 40px !important;}&#8221; bg_color_value=&#8221;#f4f4f5&#8243;][vc_column width=&#8221;1\/2&#8243; css=&#8221;.vc_custom_1467303244842{padding-bottom: 40px !important;}&#8221;]<div id=\"ultimate-heading-910469ecc633c20ae\" class=\"uvc-heading ult-adjust-bottom-margin ultimate-heading-910469ecc633c20ae uvc-3256 \" data-hspacer=\"no_spacer\"  data-halign=\"left\" style=\"text-align:left\"><div class=\"uvc-heading-spacer no_spacer\" style=\"top\"><\/div><div class=\"uvc-main-heading ult-responsive\"  data-ultimate-target='.uvc-heading.ultimate-heading-910469ecc633c20ae h2'  data-responsive-json-new='{\"font-size\":\"desktop:30px;\",\"line-height\":\"desktop:40px;\"}' ><h2 style=\"font-weight:bold;margin-bottom:10px;\">I-PRF (Trattamento ``Vampiro``)<\/h2><\/div><\/div>[vc_empty_space height=&#8221;24px&#8221;][vc_column_text]Il PRF \u00e8 una forma liquida di plasma arricchito utilizzata per il ringiovanimento non invasivo e non chirurgico di viso, collo e d\u00e9collet\u00e9. Il trattamento prevede l&#8217;estrazione del sangue e il PRF ottenuto (concentrato di fattori di crescita e piastrine) viene applicato utilizzando il DermoPen sulle aree del viso, collo e d\u00e9collet\u00e9.<\/p>\n<p>Questo metodo stimola la produzione di collagene ed elastina, ottenendo un aumento della consistenza e della tensione della pelle.<\/p>\n<p>Per ottenere i migliori risultati, la procedura viene ripetuta almeno 3 volte a distanza di un mese.[\/vc_column_text][vc_empty_space height=&#8221;24px&#8221;][\/vc_column][vc_column width=&#8221;1\/2&#8243; css=&#8221;.vc_custom_1467303303610{padding-bottom: 20px !important;}&#8221;][vc_single_image image=&#8221;1748&#8243; img_size=&#8221;full&#8221; alignment=&#8221;center&#8221;][\/vc_column][\/vc_row][vc_row type=&#8221;vc_default&#8221; css=&#8221;.vc_custom_1693408603673{padding-top: 60px !important;padding-bottom: 60px !important;}&#8221;][vc_column width=&#8221;1\/2&#8243; css=&#8221;.vc_custom_1467303303610{padding-bottom: 20px !important;}&#8221;][vc_single_image image=&#8221;1379&#8243; img_size=&#8221;full&#8221; alignment=&#8221;center&#8221;][\/vc_column][vc_column width=&#8221;1\/2&#8243;]<div id=\"ultimate-heading-274869ecc633c20e3\" class=\"uvc-heading ult-adjust-bottom-margin ultimate-heading-274869ecc633c20e3 uvc-1494 \" data-hspacer=\"no_spacer\"  data-halign=\"left\" style=\"text-align:left\"><div class=\"uvc-heading-spacer no_spacer\" style=\"top\"><\/div><div class=\"uvc-main-heading ult-responsive\"  data-ultimate-target='.uvc-heading.ultimate-heading-274869ecc633c20e3 h2'  data-responsive-json-new='{\"font-size\":\"desktop:30px;\",\"line-height\":\"desktop:40px;\"}' ><h2 style=\"font-weight:bold;margin-bottom:10px;\">L'uso di filler<\/h2><\/div><\/div>[vc_empty_space height=&#8221;24px&#8221;][vc_column_text]L\u2019odontoiatria estetica, ovvero quella branca dell&#8217;odontoiatria che si occupa di soddisfare tutti i requisiti di funzionalit\u00e0 e di estetica del lavoro dentale, oggi possiede una marcia in pi\u00f9. Il nostro studio \u00e8 sempre pi\u00f9 attento all\u2019aspetto del viso e al conseguente benessere della persona, e offre dei metodi semplici e sicuri che consentono di curare l\u2019aspetto del viso senza dovere intervenire chirurgicamente.<\/p>\n<p>Questi metodi si basano sul reintegro dell\u2019acido ialuronico nelle aree del volto interessate. Si tratta di trattamenti indicati per la correzione degli inestetismi pi\u00f9 comuni: volumi, rughe di media e alta profondit\u00e0. Di trattamenti specifici per interventi sulle labbra e di trattamenti dedicati al controllo dei volumi estesi. Il nostro studio usa nel suo \u201cprogramma di bellezza\u201d i filler di marchio tedesco Hyabell.[\/vc_column_text][\/vc_column][\/vc_row][vc_row type=&#8221;vc_default&#8221; bg_type=&#8221;bg_color&#8221; bg_override=&#8221;full&#8221; css=&#8221;.vc_custom_1693408613304{padding-top: 60px !important;padding-bottom: 60px !important;}&#8221; bg_color_value=&#8221;#f4f4f5&#8243;][vc_column width=&#8221;1\/2&#8243; css=&#8221;.vc_custom_1467303244842{padding-bottom: 40px !important;}&#8221;]<div id=\"ultimate-heading-808469ecc633c2116\" class=\"uvc-heading ult-adjust-bottom-margin ultimate-heading-808469ecc633c2116 uvc-9991 \" data-hspacer=\"no_spacer\"  data-halign=\"left\" style=\"text-align:left\"><div class=\"uvc-heading-spacer no_spacer\" style=\"top\"><\/div><div class=\"uvc-main-heading ult-responsive\"  data-ultimate-target='.uvc-heading.ultimate-heading-808469ecc633c2116 h2'  data-responsive-json-new='{\"font-size\":\"desktop:30px;\",\"line-height\":\"desktop:40px;\"}' ><h2 style=\"font-weight:bold;margin-bottom:10px;\">Lo sbiancamento<\/h2><\/div><\/div>[vc_empty_space height=&#8221;24px&#8221;][vc_column_text]Nel nostro studio dentistico, utilizziamo lo sbiancamento dei denti con una lampada flash di un rinomato produttore tedesco. La lampada flash offre il metodo migliore possibile per lo sbiancamento dei denti.<\/p>\n<p>Questa tecnologia innovativa consente di schiarire i denti fino a 4 tonalit\u00e0 in soli 45 minuti.<\/p>\n<p>\u00c8 clinicamente provato che lo sbiancamento dei denti con la lampada flash \u00e8 sicuro, efficace e molto veloce &#8211; la procedura viene eseguita esclusivamente nelle cliniche di medicina dentale.[\/vc_column_text][vc_empty_space height=&#8221;40px&#8221;]<a href=\"https:\/\/stomatologija-pula.com\/kontakt\/\" class=\"btn-shortcode dt-btn-l dt-btn default-btn-color default-btn-hover-color default-btn-bg-color default-btn-bg-hover-color anchor-link\" id=\"dt-btn-3\"><span>Prenota un appuntamento<\/span><\/a>[\/vc_column][vc_column width=&#8221;1\/2&#8243; css=&#8221;.vc_custom_1467303303610{padding-bottom: 20px !important;}&#8221;][vc_single_image image=&#8221;1416&#8243; img_size=&#8221;full&#8221; alignment=&#8221;center&#8221;][\/vc_column][\/vc_row]<\/p>\n<p><\/p>\n<\/div>","protected":false},"excerpt":{"rendered":"<p>[vc_row type=&#8221;vc_default&#8221; css=&#8221;.vc_custom_1540890971987{padding-top: 40px !important;padding-bottom: 40px !important;}&#8221;][vc_column width=&#8221;1\/2&#8243; css=&#8221;.vc_custom_1467303303610{padding-bottom: 20px !important;}&#8221;][vc_single_image image=&#8221;1380&#8243; img_size=&#8221;full&#8221; alignment=&#8221;center&#8221;][\/vc_column][vc_column width=&#8221;1\/2&#8243; css=&#8221;.vc_custom_1467303244842{padding-bottom: 40px !important;}&#8221;][vc_empty_space height=&#8221;24px&#8221;][vc_column_text]L&#8217;obiettivo dunque \u00e8 quello di\u00a0 garantire a ogni paziente un sorriso perfetto non solo dal punto di vista estetico, ma anche funzionale, al di l\u00e0 del trascorrere del tempo e dei cambiamenti causati dall&#8217;et\u00e0 avanzata.[\/vc_column_text][vc_empty_space height=&#8221;24px&#8221;][\/vc_column][\/vc_row][vc_row type=&#8221;vc_default&#8221;&hellip;<\/p>\n","protected":false},"author":2,"featured_media":0,"parent":1166,"menu_order":1,"comment_status":"closed","ping_status":"closed","template":"template-microsite.php","meta":{"footnotes":""},"class_list":["post-1332","page","type-page","status-publish","hentry","description-off"],"yoast_head":"<!-- This site is optimized with the Yoast SEO plugin v26.0 - https:\/\/yoast.com\/wordpress\/plugins\/seo\/ -->\n<title>Estetica dentale - Ordinacija dentalne medicine Suboti\u0107<\/title>\n<meta name=\"description\" content=\"Estetska stomatologija je grana dentalne medicine kojoj je na prvom mjestu estetska komponenta usluge: izbjeljivanje zubiju, zubni nakit, hialuronski fileri.\" \/>\n<meta name=\"robots\" content=\"index, follow, max-snippet:-1, max-image-preview:large, max-video-preview:-1\" \/>\n<link rel=\"canonical\" href=\"https:\/\/stomatologija-pula.com\/usluge\/estetska-stomatologija\/\" \/>\n<meta property=\"og:locale\" content=\"it_IT\" \/>\n<meta property=\"og:type\" content=\"article\" \/>\n<meta property=\"og:title\" content=\"[:hr]Estetska stomatologija[:en]Aesthetic dentistry[:it]Estetica dentale[:] - Ordinacija dentalne medicine Suboti\u0107\" \/>\n<meta property=\"og:description\" content=\"Estetska stomatologija je grana dentalne medicine kojoj je na prvom mjestu estetska komponenta usluge: izbjeljivanje zubiju, zubni nakit, hialuronski fileri.\" \/>\n<meta property=\"og:url\" content=\"https:\/\/stomatologija-pula.com\/usluge\/estetska-stomatologija\/\" \/>\n<meta property=\"og:site_name\" content=\"Ordinacija dentalne medicine Suboti\u0107\" \/>\n<meta property=\"article:modified_time\" content=\"2023-09-12T15:21:23+00:00\" \/>\n<meta name=\"twitter:card\" content=\"summary_large_image\" \/>\n<meta name=\"twitter:label1\" content=\"Tempo di lettura stimato\" \/>\n\t<meta name=\"twitter:data1\" content=\"2 minuti\" \/>\n<script type=\"application\/ld+json\" class=\"yoast-schema-graph\">{\"@context\":\"https:\/\/schema.org\",\"@graph\":[{\"@type\":\"WebPage\",\"@id\":\"https:\/\/stomatologija-pula.com\/usluge\/estetska-stomatologija\/\",\"url\":\"https:\/\/stomatologija-pula.com\/usluge\/estetska-stomatologija\/\",\"name\":\"[:hr]Estetska stomatologija[:en]Aesthetic dentistry[:it]Estetica dentale[:] - Ordinacija dentalne medicine Suboti\u0107\",\"isPartOf\":{\"@id\":\"https:\/\/stomatologija-pula.com\/en\/#website\"},\"datePublished\":\"2018-11-20T12:39:58+00:00\",\"dateModified\":\"2023-09-12T15:21:23+00:00\",\"description\":\"Estetska stomatologija je grana dentalne medicine kojoj je na prvom mjestu estetska komponenta usluge: izbjeljivanje zubiju, zubni nakit, hialuronski fileri.\",\"breadcrumb\":{\"@id\":\"https:\/\/stomatologija-pula.com\/usluge\/estetska-stomatologija\/#breadcrumb\"},\"inLanguage\":\"it-IT\",\"potentialAction\":[{\"@type\":\"ReadAction\",\"target\":[\"https:\/\/stomatologija-pula.com\/usluge\/estetska-stomatologija\/\"]}]},{\"@type\":\"BreadcrumbList\",\"@id\":\"https:\/\/stomatologija-pula.com\/usluge\/estetska-stomatologija\/#breadcrumb\",\"itemListElement\":[{\"@type\":\"ListItem\",\"position\":1,\"name\":\"Home\",\"item\":\"https:\/\/stomatologija-pula.com\/\"},{\"@type\":\"ListItem\",\"position\":2,\"name\":\"Services\",\"item\":\"https:\/\/stomatologija-pula.com\/en\/usluge\/\"},{\"@type\":\"ListItem\",\"position\":3,\"name\":\"Aesthetic dentistry\"}]},{\"@type\":\"WebSite\",\"@id\":\"https:\/\/stomatologija-pula.com\/en\/#website\",\"url\":\"https:\/\/stomatologija-pula.com\/en\/\",\"name\":\"Ordinacija dentalne medicine Suboti\u0107\",\"description\":\"Studio dentistico dr. Suboti\u0107\",\"potentialAction\":[{\"@type\":\"SearchAction\",\"target\":{\"@type\":\"EntryPoint\",\"urlTemplate\":\"https:\/\/stomatologija-pula.com\/en\/?s={search_term_string}\"},\"query-input\":{\"@type\":\"PropertyValueSpecification\",\"valueRequired\":true,\"valueName\":\"search_term_string\"}}],\"inLanguage\":\"it-IT\"}]}<\/script>\n<!-- \/ Yoast SEO plugin. -->","yoast_head_json":{"title":"[:hr]Estetska stomatologija[:en]Aesthetic dentistry[:it]Estetica dentale[:] - Ordinacija dentalne medicine Suboti\u0107","description":"Estetska stomatologija je grana dentalne medicine kojoj je na prvom mjestu estetska komponenta usluge: izbjeljivanje zubiju, zubni nakit, hialuronski fileri.","robots":{"index":"index","follow":"follow","max-snippet":"max-snippet:-1","max-image-preview":"max-image-preview:large","max-video-preview":"max-video-preview:-1"},"canonical":"https:\/\/stomatologija-pula.com\/usluge\/estetska-stomatologija\/","og_locale":"it_IT","og_type":"article","og_title":"[:hr]Estetska stomatologija[:en]Aesthetic dentistry[:it]Estetica dentale[:] - Ordinacija dentalne medicine Suboti\u0107","og_description":"Estetska stomatologija je grana dentalne medicine kojoj je na prvom mjestu estetska komponenta usluge: izbjeljivanje zubiju, zubni nakit, hialuronski fileri.","og_url":"https:\/\/stomatologija-pula.com\/usluge\/estetska-stomatologija\/","og_site_name":"Ordinacija dentalne medicine Suboti\u0107","article_modified_time":"2023-09-12T15:21:23+00:00","twitter_card":"summary_large_image","twitter_misc":{"Tempo di lettura stimato":"2 minuti"},"schema":{"@context":"https:\/\/schema.org","@graph":[{"@type":"WebPage","@id":"https:\/\/stomatologija-pula.com\/usluge\/estetska-stomatologija\/","url":"https:\/\/stomatologija-pula.com\/usluge\/estetska-stomatologija\/","name":"[:hr]Estetska stomatologija[:en]Aesthetic dentistry[:it]Estetica dentale[:] - Ordinacija dentalne medicine Suboti\u0107","isPartOf":{"@id":"https:\/\/stomatologija-pula.com\/en\/#website"},"datePublished":"2018-11-20T12:39:58+00:00","dateModified":"2023-09-12T15:21:23+00:00","description":"Estetska stomatologija je grana dentalne medicine kojoj je na prvom mjestu estetska komponenta usluge: izbjeljivanje zubiju, zubni nakit, hialuronski fileri.","breadcrumb":{"@id":"https:\/\/stomatologija-pula.com\/usluge\/estetska-stomatologija\/#breadcrumb"},"inLanguage":"it-IT","potentialAction":[{"@type":"ReadAction","target":["https:\/\/stomatologija-pula.com\/usluge\/estetska-stomatologija\/"]}]},{"@type":"BreadcrumbList","@id":"https:\/\/stomatologija-pula.com\/usluge\/estetska-stomatologija\/#breadcrumb","itemListElement":[{"@type":"ListItem","position":1,"name":"Home","item":"https:\/\/stomatologija-pula.com\/"},{"@type":"ListItem","position":2,"name":"Services","item":"https:\/\/stomatologija-pula.com\/en\/usluge\/"},{"@type":"ListItem","position":3,"name":"Aesthetic dentistry"}]},{"@type":"WebSite","@id":"https:\/\/stomatologija-pula.com\/en\/#website","url":"https:\/\/stomatologija-pula.com\/en\/","name":"Ordinacija dentalne medicine Suboti\u0107","description":"Studio dentistico dr. Suboti\u0107","potentialAction":[{"@type":"SearchAction","target":{"@type":"EntryPoint","urlTemplate":"https:\/\/stomatologija-pula.com\/en\/?s={search_term_string}"},"query-input":{"@type":"PropertyValueSpecification","valueRequired":true,"valueName":"search_term_string"}}],"inLanguage":"it-IT"}]}},"_links":{"self":[{"href":"https:\/\/stomatologija-pula.com\/it\/wp-json\/wp\/v2\/pages\/1332","targetHints":{"allow":["GET"]}}],"collection":[{"href":"https:\/\/stomatologija-pula.com\/it\/wp-json\/wp\/v2\/pages"}],"about":[{"href":"https:\/\/stomatologija-pula.com\/it\/wp-json\/wp\/v2\/types\/page"}],"author":[{"embeddable":true,"href":"https:\/\/stomatologija-pula.com\/it\/wp-json\/wp\/v2\/users\/2"}],"replies":[{"embeddable":true,"href":"https:\/\/stomatologija-pula.com\/it\/wp-json\/wp\/v2\/comments?post=1332"}],"version-history":[{"count":5,"href":"https:\/\/stomatologija-pula.com\/it\/wp-json\/wp\/v2\/pages\/1332\/revisions"}],"predecessor-version":[{"id":1752,"href":"https:\/\/stomatologija-pula.com\/it\/wp-json\/wp\/v2\/pages\/1332\/revisions\/1752"}],"up":[{"embeddable":true,"href":"https:\/\/stomatologija-pula.com\/it\/wp-json\/wp\/v2\/pages\/1166"}],"wp:attachment":[{"href":"https:\/\/stomatologija-pula.com\/it\/wp-json\/wp\/v2\/media?parent=1332"}],"curies":[{"name":"wp","href":"https:\/\/api.w.org\/{rel}","templated":true}]}}