{"id":1328,"date":"2018-11-20T12:35:45","date_gmt":"2018-11-20T12:35:45","guid":{"rendered":"https:\/\/stomatologija-pula.com\/?page_id=1328"},"modified":"2023-08-30T15:04:40","modified_gmt":"2023-08-30T15:04:40","slug":"djecja-dentalna-medicina","status":"publish","type":"page","link":"https:\/\/stomatologija-pula.com\/it\/usluge\/djecja-dentalna-medicina\/","title":{"rendered":"L&#8217;odontoiatria pediatrica"},"content":{"rendered":"<div class=\"wpb-content-wrapper\"><p>[vc_row type=&#8221;vc_default&#8221; css=&#8221;.vc_custom_1540890971987{padding-top: 40px !important;padding-bottom: 40px !important;}&#8221;][vc_column width=&#8221;1\/2&#8243; css=&#8221;.vc_custom_1467303303610{padding-bottom: 20px !important;}&#8221;][vc_single_image image=&#8221;1376&#8243; img_size=&#8221;full&#8221; alignment=&#8221;center&#8221;][\/vc_column][vc_column width=&#8221;1\/2&#8243; css=&#8221;.vc_custom_1467303244842{padding-bottom: 40px !important;}&#8221;]<div id=\"ultimate-heading-429769edcd8c65605\" class=\"uvc-heading ult-adjust-bottom-margin ultimate-heading-429769edcd8c65605 uvc-6917 \" data-hspacer=\"no_spacer\"  data-halign=\"left\" style=\"text-align:left\"><div class=\"uvc-heading-spacer no_spacer\" style=\"top\"><\/div><div class=\"uvc-main-heading ult-responsive\"  data-ultimate-target='.uvc-heading.ultimate-heading-429769edcd8c65605 h2'  data-responsive-json-new='{\"font-size\":\"desktop:30px;\",\"line-height\":\"desktop:40px;\"}' ><h2 style=\"font-weight:bold;margin-bottom:10px;\">La fiducia \u00e8 l'unica cosa che conta<\/h2><\/div><\/div>[vc_empty_space height=&#8221;24px&#8221;][vc_column_text]Acquisire infatti delle buone abitudini fin dall\u2019infanzia diventa un fattore essenziale per preservare la buona salute dell\u2019arco dentario e del cavo orale anche durante l\u2019et\u00e0 adulta.<\/p>\n<p>La nostra paziente-dedicata dottoressa, la Dott.ssa Dubravka Greblo, si avvicina individualmente ad ogni nostro piccolo paziente e ai loro genitori sin dalla prima visita in clinica. Questo coinvolge familiarizzare il bambino con la clinica e il personale, gradualmente aiutando il bambino attraverso il gioco nel trattamento pianificato. \u00c8 essenziale che sia il bambino che i genitori abbiano fiducia nella nostra squadra.[\/vc_column_text][\/vc_column][\/vc_row][vc_row type=&#8221;vc_default&#8221; bg_type=&#8221;bg_color&#8221; bg_override=&#8221;full&#8221; css=&#8221;.vc_custom_1540892929892{padding-top: 60px !important;padding-bottom: 60px !important;}&#8221; bg_color_value=&#8221;#f4f4f5&#8243;][vc_column width=&#8221;1\/2&#8243;][vc_column_text]Ricorriamo pure a dei metodi di \u201cpremiazione\u201d, assegnando il &#8220;riconoscimento di coraggio&#8221; e, nei casi in cui il piccolo paziente dimostri coraggio e pazienza fuori dal comune, interveniamo con degli utili e simpatici regali.[\/vc_column_text][vc_empty_space height=&#8221;24px&#8221;]<a href=\"https:\/\/stomatologija-pula.com\/kontakt\/\" class=\"btn-shortcode dt-btn-l dt-btn default-btn-color default-btn-hover-color default-btn-bg-color default-btn-bg-hover-color anchor-link\" id=\"dt-btn-3\"><span>Prenota un appuntamento<\/span><\/a>[\/vc_column][vc_column width=&#8221;1\/2&#8243; css=&#8221;.vc_custom_1467303303610{padding-bottom: 20px !important;}&#8221;][vc_single_image image=&#8221;1375&#8243; img_size=&#8221;full&#8221; alignment=&#8221;center&#8221;][\/vc_column][\/vc_row]<\/p>\n<\/div>","protected":false},"excerpt":{"rendered":"<p>[vc_row type=&#8221;vc_default&#8221; css=&#8221;.vc_custom_1540890971987{padding-top: 40px !important;padding-bottom: 40px !important;}&#8221;][vc_column width=&#8221;1\/2&#8243; css=&#8221;.vc_custom_1467303303610{padding-bottom: 20px !important;}&#8221;][vc_single_image image=&#8221;1376&#8243; img_size=&#8221;full&#8221; alignment=&#8221;center&#8221;][\/vc_column][vc_column width=&#8221;1\/2&#8243; css=&#8221;.vc_custom_1467303244842{padding-bottom: 40px !important;}&#8221;][vc_empty_space height=&#8221;24px&#8221;][vc_column_text]Acquisire infatti delle buone abitudini fin dall\u2019infanzia diventa un fattore essenziale per preservare la buona salute dell\u2019arco dentario e del cavo orale anche durante l\u2019et\u00e0 adulta. La nostra paziente-dedicata dottoressa, la Dott.ssa Dubravka Greblo, si avvicina individualmente&hellip;<\/p>\n","protected":false},"author":2,"featured_media":0,"parent":1166,"menu_order":1,"comment_status":"closed","ping_status":"closed","template":"template-microsite.php","meta":{"footnotes":""},"class_list":["post-1328","page","type-page","status-publish","hentry","description-off"],"yoast_head":"<!-- This site is optimized with the Yoast SEO plugin v26.0 - https:\/\/yoast.com\/wordpress\/plugins\/seo\/ -->\n<title>L&#039;odontoiatria pediatrica - Ordinacija dentalne medicine Suboti\u0107<\/title>\n<meta name=\"description\" content=\"Dje\u010dja dentalna medicina grana je dentalne medicine koja je posve\u0107ena na\u0161im malim pacijentima. Ona obuhva\u0107a brigu i o mlije\u010dnim i o trajnim zubima.\" \/>\n<meta name=\"robots\" content=\"index, follow, max-snippet:-1, max-image-preview:large, max-video-preview:-1\" \/>\n<link rel=\"canonical\" href=\"https:\/\/stomatologija-pula.com\/usluge\/djecja-dentalna-medicina\/\" \/>\n<meta property=\"og:locale\" content=\"it_IT\" \/>\n<meta property=\"og:type\" content=\"article\" \/>\n<meta property=\"og:title\" content=\"[:hr]Dje\u010dja dentalna medicina[:en]Pediatric dentistry[:it]L&#039;odontoiatria pediatrica[:] - Ordinacija dentalne medicine Suboti\u0107\" \/>\n<meta property=\"og:description\" content=\"Dje\u010dja dentalna medicina grana je dentalne medicine koja je posve\u0107ena na\u0161im malim pacijentima. Ona obuhva\u0107a brigu i o mlije\u010dnim i o trajnim zubima.\" \/>\n<meta property=\"og:url\" content=\"https:\/\/stomatologija-pula.com\/usluge\/djecja-dentalna-medicina\/\" \/>\n<meta property=\"og:site_name\" content=\"Ordinacija dentalne medicine Suboti\u0107\" \/>\n<meta property=\"article:modified_time\" content=\"2023-08-30T15:04:40+00:00\" \/>\n<meta name=\"twitter:card\" content=\"summary_large_image\" \/>\n<meta name=\"twitter:label1\" content=\"Tempo di lettura stimato\" \/>\n\t<meta name=\"twitter:data1\" content=\"1 minuto\" \/>\n<script type=\"application\/ld+json\" class=\"yoast-schema-graph\">{\"@context\":\"https:\/\/schema.org\",\"@graph\":[{\"@type\":\"WebPage\",\"@id\":\"https:\/\/stomatologija-pula.com\/usluge\/djecja-dentalna-medicina\/\",\"url\":\"https:\/\/stomatologija-pula.com\/usluge\/djecja-dentalna-medicina\/\",\"name\":\"[:hr]Dje\u010dja dentalna medicina[:en]Pediatric dentistry[:it]L'odontoiatria pediatrica[:] - Ordinacija dentalne medicine Suboti\u0107\",\"isPartOf\":{\"@id\":\"https:\/\/stomatologija-pula.com\/en\/#website\"},\"datePublished\":\"2018-11-20T12:35:45+00:00\",\"dateModified\":\"2023-08-30T15:04:40+00:00\",\"description\":\"Dje\u010dja dentalna medicina grana je dentalne medicine koja je posve\u0107ena na\u0161im malim pacijentima. Ona obuhva\u0107a brigu i o mlije\u010dnim i o trajnim zubima.\",\"breadcrumb\":{\"@id\":\"https:\/\/stomatologija-pula.com\/usluge\/djecja-dentalna-medicina\/#breadcrumb\"},\"inLanguage\":\"it-IT\",\"potentialAction\":[{\"@type\":\"ReadAction\",\"target\":[\"https:\/\/stomatologija-pula.com\/usluge\/djecja-dentalna-medicina\/\"]}]},{\"@type\":\"BreadcrumbList\",\"@id\":\"https:\/\/stomatologija-pula.com\/usluge\/djecja-dentalna-medicina\/#breadcrumb\",\"itemListElement\":[{\"@type\":\"ListItem\",\"position\":1,\"name\":\"Home\",\"item\":\"https:\/\/stomatologija-pula.com\/\"},{\"@type\":\"ListItem\",\"position\":2,\"name\":\"Services\",\"item\":\"https:\/\/stomatologija-pula.com\/en\/usluge\/\"},{\"@type\":\"ListItem\",\"position\":3,\"name\":\"Pediatric dentistry\"}]},{\"@type\":\"WebSite\",\"@id\":\"https:\/\/stomatologija-pula.com\/en\/#website\",\"url\":\"https:\/\/stomatologija-pula.com\/en\/\",\"name\":\"Ordinacija dentalne medicine Suboti\u0107\",\"description\":\"Studio dentistico dr. Suboti\u0107\",\"potentialAction\":[{\"@type\":\"SearchAction\",\"target\":{\"@type\":\"EntryPoint\",\"urlTemplate\":\"https:\/\/stomatologija-pula.com\/en\/?s={search_term_string}\"},\"query-input\":{\"@type\":\"PropertyValueSpecification\",\"valueRequired\":true,\"valueName\":\"search_term_string\"}}],\"inLanguage\":\"it-IT\"}]}<\/script>\n<!-- \/ Yoast SEO plugin. -->","yoast_head_json":{"title":"[:hr]Dje\u010dja dentalna medicina[:en]Pediatric dentistry[:it]L'odontoiatria pediatrica[:] - Ordinacija dentalne medicine Suboti\u0107","description":"Dje\u010dja dentalna medicina grana je dentalne medicine koja je posve\u0107ena na\u0161im malim pacijentima. Ona obuhva\u0107a brigu i o mlije\u010dnim i o trajnim zubima.","robots":{"index":"index","follow":"follow","max-snippet":"max-snippet:-1","max-image-preview":"max-image-preview:large","max-video-preview":"max-video-preview:-1"},"canonical":"https:\/\/stomatologija-pula.com\/usluge\/djecja-dentalna-medicina\/","og_locale":"it_IT","og_type":"article","og_title":"[:hr]Dje\u010dja dentalna medicina[:en]Pediatric dentistry[:it]L'odontoiatria pediatrica[:] - Ordinacija dentalne medicine Suboti\u0107","og_description":"Dje\u010dja dentalna medicina grana je dentalne medicine koja je posve\u0107ena na\u0161im malim pacijentima. Ona obuhva\u0107a brigu i o mlije\u010dnim i o trajnim zubima.","og_url":"https:\/\/stomatologija-pula.com\/usluge\/djecja-dentalna-medicina\/","og_site_name":"Ordinacija dentalne medicine Suboti\u0107","article_modified_time":"2023-08-30T15:04:40+00:00","twitter_card":"summary_large_image","twitter_misc":{"Tempo di lettura stimato":"1 minuto"},"schema":{"@context":"https:\/\/schema.org","@graph":[{"@type":"WebPage","@id":"https:\/\/stomatologija-pula.com\/usluge\/djecja-dentalna-medicina\/","url":"https:\/\/stomatologija-pula.com\/usluge\/djecja-dentalna-medicina\/","name":"[:hr]Dje\u010dja dentalna medicina[:en]Pediatric dentistry[:it]L'odontoiatria pediatrica[:] - Ordinacija dentalne medicine Suboti\u0107","isPartOf":{"@id":"https:\/\/stomatologija-pula.com\/en\/#website"},"datePublished":"2018-11-20T12:35:45+00:00","dateModified":"2023-08-30T15:04:40+00:00","description":"Dje\u010dja dentalna medicina grana je dentalne medicine koja je posve\u0107ena na\u0161im malim pacijentima. Ona obuhva\u0107a brigu i o mlije\u010dnim i o trajnim zubima.","breadcrumb":{"@id":"https:\/\/stomatologija-pula.com\/usluge\/djecja-dentalna-medicina\/#breadcrumb"},"inLanguage":"it-IT","potentialAction":[{"@type":"ReadAction","target":["https:\/\/stomatologija-pula.com\/usluge\/djecja-dentalna-medicina\/"]}]},{"@type":"BreadcrumbList","@id":"https:\/\/stomatologija-pula.com\/usluge\/djecja-dentalna-medicina\/#breadcrumb","itemListElement":[{"@type":"ListItem","position":1,"name":"Home","item":"https:\/\/stomatologija-pula.com\/"},{"@type":"ListItem","position":2,"name":"Services","item":"https:\/\/stomatologija-pula.com\/en\/usluge\/"},{"@type":"ListItem","position":3,"name":"Pediatric dentistry"}]},{"@type":"WebSite","@id":"https:\/\/stomatologija-pula.com\/en\/#website","url":"https:\/\/stomatologija-pula.com\/en\/","name":"Ordinacija dentalne medicine Suboti\u0107","description":"Studio dentistico dr. Suboti\u0107","potentialAction":[{"@type":"SearchAction","target":{"@type":"EntryPoint","urlTemplate":"https:\/\/stomatologija-pula.com\/en\/?s={search_term_string}"},"query-input":{"@type":"PropertyValueSpecification","valueRequired":true,"valueName":"search_term_string"}}],"inLanguage":"it-IT"}]}},"_links":{"self":[{"href":"https:\/\/stomatologija-pula.com\/it\/wp-json\/wp\/v2\/pages\/1328","targetHints":{"allow":["GET"]}}],"collection":[{"href":"https:\/\/stomatologija-pula.com\/it\/wp-json\/wp\/v2\/pages"}],"about":[{"href":"https:\/\/stomatologija-pula.com\/it\/wp-json\/wp\/v2\/types\/page"}],"author":[{"embeddable":true,"href":"https:\/\/stomatologija-pula.com\/it\/wp-json\/wp\/v2\/users\/2"}],"replies":[{"embeddable":true,"href":"https:\/\/stomatologija-pula.com\/it\/wp-json\/wp\/v2\/comments?post=1328"}],"version-history":[{"count":5,"href":"https:\/\/stomatologija-pula.com\/it\/wp-json\/wp\/v2\/pages\/1328\/revisions"}],"predecessor-version":[{"id":1740,"href":"https:\/\/stomatologija-pula.com\/it\/wp-json\/wp\/v2\/pages\/1328\/revisions\/1740"}],"up":[{"embeddable":true,"href":"https:\/\/stomatologija-pula.com\/it\/wp-json\/wp\/v2\/pages\/1166"}],"wp:attachment":[{"href":"https:\/\/stomatologija-pula.com\/it\/wp-json\/wp\/v2\/media?parent=1328"}],"curies":[{"name":"wp","href":"https:\/\/api.w.org\/{rel}","templated":true}]}}