{"id":1325,"date":"2018-11-20T12:32:37","date_gmt":"2018-11-20T12:32:37","guid":{"rendered":"https:\/\/stomatologija-pula.com\/?page_id=1325"},"modified":"2024-04-15T13:13:05","modified_gmt":"2024-04-15T13:13:05","slug":"oralna-kirurgija","status":"publish","type":"page","link":"https:\/\/stomatologija-pula.com\/it\/usluge\/oralna-kirurgija\/","title":{"rendered":"La chirurgia orale"},"content":{"rendered":"<div class=\"wpb-content-wrapper\"><p><\/p>\n<p>[vc_row type=&#8221;vc_default&#8221; css=&#8221;.vc_custom_1540890971987{padding-top: 40px !important;padding-bottom: 40px !important;}&#8221;][vc_column width=&#8221;1\/2&#8243; css=&#8221;.vc_custom_1467303303610{padding-bottom: 20px !important;}&#8221;][vc_single_image image=&#8221;1807&#8243; img_size=&#8221;full&#8221; alignment=&#8221;center&#8221;][\/vc_column][vc_column width=&#8221;1\/2&#8243; css=&#8221;.vc_custom_1467303244842{padding-bottom: 40px !important;}&#8221;]<div id=\"ultimate-heading-252369ece3dddcae0\" class=\"uvc-heading ult-adjust-bottom-margin ultimate-heading-252369ece3dddcae0 uvc-4758 \" data-hspacer=\"no_spacer\"  data-halign=\"left\" style=\"text-align:left\"><div class=\"uvc-heading-spacer no_spacer\" style=\"top\"><\/div><div class=\"uvc-main-heading ult-responsive\"  data-ultimate-target='.uvc-heading.ultimate-heading-252369ece3dddcae0 h2'  data-responsive-json-new='{\"font-size\":\"desktop:30px;\",\"line-height\":\"desktop:40px;\"}' ><h2 style=\"font-weight:bold;margin-bottom:10px;\">Dall'estrazione all'intervento chirurgico<\/h2><\/div><\/div>[vc_empty_space height=&#8221;24px&#8221;][vc_column_text]Nel nostro studio eseguiamo estrazioni di denti erotti e di residui radicolari, estrazioni di denti del giudizio, l&#8217;alveolotomia e l&#8217;apicectomia, ovvero l&#8217;asportazione dell\u2019apice di denti coinvolti in processi infiammatori.<\/p>\n<p>In particolare il sistema utilizzato dalla nostra clinica \u00e8 l&#8217;L-PRF (Fibrina Ricca di Piastrine \u2013 Platelet Rich Fibrin) che \u00e8 un protocollo biologico di fibrina autogena polimerizzata biologicamente, ricca di piastrine, leucociti, fattori di crescita e proteine plasmatiche.\u00a0In odontoiatria in generale il trattamento con i concentrati piastrinici \u00e8 utilizzato per favorire la rigenerazione ossea intorno agli impianti.[\/vc_column_text][vc_empty_space height=&#8221;24px&#8221;][\/vc_column][\/vc_row][vc_row type=&#8221;vc_default&#8221; bg_type=&#8221;bg_color&#8221; bg_override=&#8221;full&#8221; css=&#8221;.vc_custom_1540892929892{padding-top: 60px !important;padding-bottom: 60px !important;}&#8221; bg_color_value=&#8221;#f4f4f5&#8243;][vc_column width=&#8221;1\/2&#8243;][vc_column_text]Per ottenere la molecola naturale di fibrina con struttura trimolecolare, quindi particolarmente elastica, \u00e8 sufficiente prelevare in studio il sangue del paziente con l\u2019apposito Kit monouso.\u00a0Il prelievo ematico viene centrifugato senza l\u2019utilizzo di anticoagulante in provetta e senza ulteriore manipolazione.<\/p>\n<p>L-PRF favorisce attivamente una rapida cicatrizzazione dei tessuti molli, nonch\u00e9 una pi\u00f9 rapida guarigione ossea, anticipando i tempi di mineralizzazione della matrice ossea stessa e del rientro clinico.<\/p>\n<p>Con l&#8217;L-PRF vengono effettuate anche la biostimolazione e bioristrutturazione, tanto che il gel ottenuto dalla particolare centrifugazione viene iniettato con microiniezioni nel sottocute. Si ottiene subito un leggero effetto filler, ma i risultati pi\u00f9 evidenti cominciano a manifestarsi nell\u2019arco del mese.\u00a0Grazie a questo trattamento si possono risolvere varie patologie ed inestetismi.[\/vc_column_text][vc_empty_space height=&#8221;24px&#8221;]<a href=\"https:\/\/stomatologija-pula.com\/kontakt\/\" class=\"btn-shortcode dt-btn-l dt-btn default-btn-color default-btn-hover-color default-btn-bg-color default-btn-bg-hover-color anchor-link\" id=\"dt-btn-3\"><span>Prenota un appuntamento<\/span><\/a>[vc_empty_space height=&#8221;24px&#8221;][\/vc_column][vc_column width=&#8221;1\/2&#8243; css=&#8221;.vc_custom_1467303303610{padding-bottom: 20px !important;}&#8221;][vc_row_inner][vc_column_inner width=&#8221;1\/2&#8243;][vc_single_image image=&#8221;1413&#8243; img_size=&#8221;full&#8221; alignment=&#8221;center&#8221;][\/vc_column_inner][vc_column_inner width=&#8221;1\/2&#8243;][vc_single_image image=&#8221;1414&#8243; img_size=&#8221;full&#8221; alignment=&#8221;center&#8221;][\/vc_column_inner][\/vc_row_inner][\/vc_column][\/vc_row][vc_row][vc_column]\n\t\t\t<!-- START Oralna kirurgija video REVOLUTION SLIDER 6.7.37 --><p class=\"rs-p-wp-fix\"><\/p>\n\t\t\t<rs-module-wrap id=\"rev_slider_9_3_wrapper\" data-source=\"gallery\" style=\"visibility:hidden;background:transparent;padding:0;margin:0px auto;margin-top:0;margin-bottom:0;\">\n\t\t\t\t<rs-module id=\"rev_slider_9_3\" style=\"\" data-version=\"6.7.37\">\n\t\t\t\t\t<rs-slides style=\"overflow: hidden; position: absolute;\">\n\t\t\t\t\t\t<rs-slide style=\"position: absolute;\" data-key=\"rs-21\" data-title=\"Slide\" data-in=\"o:0;\" data-out=\"a:false;\">\n\t\t\t\t\t\t\t<img decoding=\"async\" src=\"\/\/stomatologija-pula.com\/wp-content\/plugins\/revslider\/sr6\/assets\/assets\/dummy.png\" alt=\"\" title=\"La chirurgia orale\" class=\"rev-slidebg tp-rs-img rs-lazyload\" data-lazyload=\"\/\/stomatologija-pula.com\/wp-content\/plugins\/revslider\/sr6\/assets\/assets\/transparent.png\" data-no-retina>\n\t\t\t\t\t\t\t<rs-bgvideo \n\t\t\t\t\t\t\t\tdata-video=\"w:100%;h:100%;nse:false;l:true;ptimer:false;vfc:true;\"\n\t\t\t\t\t\t\t\tdata-mp4=\"\/\/stomatologija-pula.com\/wp-content\/uploads\/2024\/04\/stomatologija-pula.mp4\"\n\t\t\t\t\t\t\t><\/rs-bgvideo>\n<!---->\t\t\t\t\t<\/rs-slide>\n\t\t\t\t\t<\/rs-slides>\n\t\t\t\t<\/rs-module>\n\t\t\t\t<script>\n\t\t\t\t\tsetREVStartSize({c: 'rev_slider_9_3',rl:[1240,1024,778,480],el:[1240],gw:[1240],gh:[1240],type:'hero',justify:'',layout:'fullwidth',mh:\"0\"});if (window.RS_MODULES!==undefined && window.RS_MODULES.modules!==undefined && window.RS_MODULES.modules[\"revslider93\"]!==undefined) {window.RS_MODULES.modules[\"revslider93\"].once = false;window.revapi9_3 = undefined;if (window.RS_MODULES.checkMinimal!==undefined) window.RS_MODULES.checkMinimal()}\n\t\t\t\t<\/script>\n\t\t\t<\/rs-module-wrap>\n\t\t\t<!-- END REVOLUTION SLIDER -->\n[\/vc_column][\/vc_row]<\/p>\n<p><\/p>\n<\/div>","protected":false},"excerpt":{"rendered":"<p>[vc_row type=&#8221;vc_default&#8221; css=&#8221;.vc_custom_1540890971987{padding-top: 40px !important;padding-bottom: 40px !important;}&#8221;][vc_column width=&#8221;1\/2&#8243; css=&#8221;.vc_custom_1467303303610{padding-bottom: 20px !important;}&#8221;][vc_single_image image=&#8221;1807&#8243; img_size=&#8221;full&#8221; alignment=&#8221;center&#8221;][\/vc_column][vc_column width=&#8221;1\/2&#8243; css=&#8221;.vc_custom_1467303244842{padding-bottom: 40px !important;}&#8221;][vc_empty_space height=&#8221;24px&#8221;][vc_column_text]Nel nostro studio eseguiamo estrazioni di denti erotti e di residui radicolari, estrazioni di denti del giudizio, l&#8217;alveolotomia e l&#8217;apicectomia, ovvero l&#8217;asportazione dell\u2019apice di denti coinvolti in processi infiammatori. In particolare il sistema utilizzato dalla nostra clinica&hellip;<\/p>\n","protected":false},"author":2,"featured_media":0,"parent":1166,"menu_order":1,"comment_status":"closed","ping_status":"closed","template":"template-microsite.php","meta":{"footnotes":""},"class_list":["post-1325","page","type-page","status-publish","hentry","description-off"],"yoast_head":"<!-- This site is optimized with the Yoast SEO plugin v26.0 - https:\/\/yoast.com\/wordpress\/plugins\/seo\/ -->\n<title>La chirurgia orale - Ordinacija dentalne medicine Suboti\u0107<\/title>\n<meta name=\"description\" content=\"Bavimo se terapijom stanja koja zahtijevaju zbrinjavanje oralno-kirur\u0161kim metodama, a to se odnosi na najjednostavnije va\u0111enje zuba, pa sve do podizanja dna sinusa u implantologiji.\" \/>\n<meta name=\"robots\" content=\"index, follow, max-snippet:-1, max-image-preview:large, max-video-preview:-1\" \/>\n<link rel=\"canonical\" href=\"https:\/\/stomatologija-pula.com\/usluge\/oralna-kirurgija\/\" \/>\n<meta property=\"og:locale\" content=\"it_IT\" \/>\n<meta property=\"og:type\" content=\"article\" \/>\n<meta property=\"og:title\" content=\"[:hr]Oralna kirurgija[:en]Oral surgery[:it]La chirurgia orale[:] - Ordinacija dentalne medicine Suboti\u0107\" \/>\n<meta property=\"og:description\" content=\"Bavimo se terapijom stanja koja zahtijevaju zbrinjavanje oralno-kirur\u0161kim metodama, a to se odnosi na najjednostavnije va\u0111enje zuba, pa sve do podizanja dna sinusa u implantologiji.\" \/>\n<meta property=\"og:url\" content=\"https:\/\/stomatologija-pula.com\/usluge\/oralna-kirurgija\/\" \/>\n<meta property=\"og:site_name\" content=\"Ordinacija dentalne medicine Suboti\u0107\" \/>\n<meta property=\"article:modified_time\" content=\"2024-04-15T13:13:05+00:00\" \/>\n<meta name=\"twitter:card\" content=\"summary_large_image\" \/>\n<meta name=\"twitter:label1\" content=\"Tempo di lettura stimato\" \/>\n\t<meta name=\"twitter:data1\" content=\"4 minuti\" \/>\n<script type=\"application\/ld+json\" class=\"yoast-schema-graph\">{\"@context\":\"https:\/\/schema.org\",\"@graph\":[{\"@type\":\"WebPage\",\"@id\":\"https:\/\/stomatologija-pula.com\/usluge\/oralna-kirurgija\/\",\"url\":\"https:\/\/stomatologija-pula.com\/usluge\/oralna-kirurgija\/\",\"name\":\"[:hr]Oralna kirurgija[:en]Oral surgery[:it]La chirurgia orale[:] - Ordinacija dentalne medicine Suboti\u0107\",\"isPartOf\":{\"@id\":\"https:\/\/stomatologija-pula.com\/en\/#website\"},\"datePublished\":\"2018-11-20T12:32:37+00:00\",\"dateModified\":\"2024-04-15T13:13:05+00:00\",\"description\":\"Bavimo se terapijom stanja koja zahtijevaju zbrinjavanje oralno-kirur\u0161kim metodama, a to se odnosi na najjednostavnije va\u0111enje zuba, pa sve do podizanja dna sinusa u implantologiji.\",\"breadcrumb\":{\"@id\":\"https:\/\/stomatologija-pula.com\/usluge\/oralna-kirurgija\/#breadcrumb\"},\"inLanguage\":\"it-IT\",\"potentialAction\":[{\"@type\":\"ReadAction\",\"target\":[\"https:\/\/stomatologija-pula.com\/usluge\/oralna-kirurgija\/\"]}]},{\"@type\":\"BreadcrumbList\",\"@id\":\"https:\/\/stomatologija-pula.com\/usluge\/oralna-kirurgija\/#breadcrumb\",\"itemListElement\":[{\"@type\":\"ListItem\",\"position\":1,\"name\":\"Home\",\"item\":\"https:\/\/stomatologija-pula.com\/\"},{\"@type\":\"ListItem\",\"position\":2,\"name\":\"Services\",\"item\":\"https:\/\/stomatologija-pula.com\/en\/usluge\/\"},{\"@type\":\"ListItem\",\"position\":3,\"name\":\"Oral surgery\"}]},{\"@type\":\"WebSite\",\"@id\":\"https:\/\/stomatologija-pula.com\/en\/#website\",\"url\":\"https:\/\/stomatologija-pula.com\/en\/\",\"name\":\"Ordinacija dentalne medicine Suboti\u0107\",\"description\":\"Studio dentistico dr. Suboti\u0107\",\"potentialAction\":[{\"@type\":\"SearchAction\",\"target\":{\"@type\":\"EntryPoint\",\"urlTemplate\":\"https:\/\/stomatologija-pula.com\/en\/?s={search_term_string}\"},\"query-input\":{\"@type\":\"PropertyValueSpecification\",\"valueRequired\":true,\"valueName\":\"search_term_string\"}}],\"inLanguage\":\"it-IT\"}]}<\/script>\n<!-- \/ Yoast SEO plugin. -->","yoast_head_json":{"title":"[:hr]Oralna kirurgija[:en]Oral surgery[:it]La chirurgia orale[:] - Ordinacija dentalne medicine Suboti\u0107","description":"Bavimo se terapijom stanja koja zahtijevaju zbrinjavanje oralno-kirur\u0161kim metodama, a to se odnosi na najjednostavnije va\u0111enje zuba, pa sve do podizanja dna sinusa u implantologiji.","robots":{"index":"index","follow":"follow","max-snippet":"max-snippet:-1","max-image-preview":"max-image-preview:large","max-video-preview":"max-video-preview:-1"},"canonical":"https:\/\/stomatologija-pula.com\/usluge\/oralna-kirurgija\/","og_locale":"it_IT","og_type":"article","og_title":"[:hr]Oralna kirurgija[:en]Oral surgery[:it]La chirurgia orale[:] - Ordinacija dentalne medicine Suboti\u0107","og_description":"Bavimo se terapijom stanja koja zahtijevaju zbrinjavanje oralno-kirur\u0161kim metodama, a to se odnosi na najjednostavnije va\u0111enje zuba, pa sve do podizanja dna sinusa u implantologiji.","og_url":"https:\/\/stomatologija-pula.com\/usluge\/oralna-kirurgija\/","og_site_name":"Ordinacija dentalne medicine Suboti\u0107","article_modified_time":"2024-04-15T13:13:05+00:00","twitter_card":"summary_large_image","twitter_misc":{"Tempo di lettura stimato":"4 minuti"},"schema":{"@context":"https:\/\/schema.org","@graph":[{"@type":"WebPage","@id":"https:\/\/stomatologija-pula.com\/usluge\/oralna-kirurgija\/","url":"https:\/\/stomatologija-pula.com\/usluge\/oralna-kirurgija\/","name":"[:hr]Oralna kirurgija[:en]Oral surgery[:it]La chirurgia orale[:] - Ordinacija dentalne medicine Suboti\u0107","isPartOf":{"@id":"https:\/\/stomatologija-pula.com\/en\/#website"},"datePublished":"2018-11-20T12:32:37+00:00","dateModified":"2024-04-15T13:13:05+00:00","description":"Bavimo se terapijom stanja koja zahtijevaju zbrinjavanje oralno-kirur\u0161kim metodama, a to se odnosi na najjednostavnije va\u0111enje zuba, pa sve do podizanja dna sinusa u implantologiji.","breadcrumb":{"@id":"https:\/\/stomatologija-pula.com\/usluge\/oralna-kirurgija\/#breadcrumb"},"inLanguage":"it-IT","potentialAction":[{"@type":"ReadAction","target":["https:\/\/stomatologija-pula.com\/usluge\/oralna-kirurgija\/"]}]},{"@type":"BreadcrumbList","@id":"https:\/\/stomatologija-pula.com\/usluge\/oralna-kirurgija\/#breadcrumb","itemListElement":[{"@type":"ListItem","position":1,"name":"Home","item":"https:\/\/stomatologija-pula.com\/"},{"@type":"ListItem","position":2,"name":"Services","item":"https:\/\/stomatologija-pula.com\/en\/usluge\/"},{"@type":"ListItem","position":3,"name":"Oral surgery"}]},{"@type":"WebSite","@id":"https:\/\/stomatologija-pula.com\/en\/#website","url":"https:\/\/stomatologija-pula.com\/en\/","name":"Ordinacija dentalne medicine Suboti\u0107","description":"Studio dentistico dr. Suboti\u0107","potentialAction":[{"@type":"SearchAction","target":{"@type":"EntryPoint","urlTemplate":"https:\/\/stomatologija-pula.com\/en\/?s={search_term_string}"},"query-input":{"@type":"PropertyValueSpecification","valueRequired":true,"valueName":"search_term_string"}}],"inLanguage":"it-IT"}]}},"_links":{"self":[{"href":"https:\/\/stomatologija-pula.com\/it\/wp-json\/wp\/v2\/pages\/1325","targetHints":{"allow":["GET"]}}],"collection":[{"href":"https:\/\/stomatologija-pula.com\/it\/wp-json\/wp\/v2\/pages"}],"about":[{"href":"https:\/\/stomatologija-pula.com\/it\/wp-json\/wp\/v2\/types\/page"}],"author":[{"embeddable":true,"href":"https:\/\/stomatologija-pula.com\/it\/wp-json\/wp\/v2\/users\/2"}],"replies":[{"embeddable":true,"href":"https:\/\/stomatologija-pula.com\/it\/wp-json\/wp\/v2\/comments?post=1325"}],"version-history":[{"count":5,"href":"https:\/\/stomatologija-pula.com\/it\/wp-json\/wp\/v2\/pages\/1325\/revisions"}],"predecessor-version":[{"id":1811,"href":"https:\/\/stomatologija-pula.com\/it\/wp-json\/wp\/v2\/pages\/1325\/revisions\/1811"}],"up":[{"embeddable":true,"href":"https:\/\/stomatologija-pula.com\/it\/wp-json\/wp\/v2\/pages\/1166"}],"wp:attachment":[{"href":"https:\/\/stomatologija-pula.com\/it\/wp-json\/wp\/v2\/media?parent=1325"}],"curies":[{"name":"wp","href":"https:\/\/api.w.org\/{rel}","templated":true}]}}