{"id":1323,"date":"2018-11-20T12:30:34","date_gmt":"2018-11-20T12:30:34","guid":{"rendered":"https:\/\/stomatologija-pula.com\/?page_id=1323"},"modified":"2023-09-12T15:19:12","modified_gmt":"2023-09-12T15:19:12","slug":"fiksna-i-mobilna-protetika","status":"publish","type":"page","link":"https:\/\/stomatologija-pula.com\/it\/usluge\/fiksna-i-mobilna-protetika\/","title":{"rendered":"Protesi dentale fissa e mobile"},"content":{"rendered":"<div class=\"wpb-content-wrapper\"><p><\/p>\n<p>[vc_row type=&#8221;vc_default&#8221; css=&#8221;.vc_custom_1540890971987{padding-top: 40px !important;padding-bottom: 40px !important;}&#8221;][vc_column width=&#8221;1\/2&#8243; css=&#8221;.vc_custom_1467303303610{padding-bottom: 20px !important;}&#8221;][vc_single_image image=&#8221;1750&#8243; img_size=&#8221;full&#8221; alignment=&#8221;center&#8221;][\/vc_column][vc_column width=&#8221;1\/2&#8243; css=&#8221;.vc_custom_1467303244842{padding-bottom: 40px !important;}&#8221;]<div id=\"ultimate-heading-68569ed0c83e23b0\" class=\"uvc-heading ult-adjust-bottom-margin ultimate-heading-68569ed0c83e23b0 uvc-6338 \" data-hspacer=\"no_spacer\"  data-halign=\"left\" style=\"text-align:left\"><div class=\"uvc-heading-spacer no_spacer\" style=\"top\"><\/div><div class=\"uvc-main-heading ult-responsive\"  data-ultimate-target='.uvc-heading.ultimate-heading-68569ed0c83e23b0 h2'  data-responsive-json-new='{\"font-size\":\"desktop:30px;\",\"line-height\":\"desktop:40px;\"}' ><h2 style=\"font-weight:bold;margin-bottom:10px;\">Protesi dentale fissa e mobile<\/h2><\/div><\/div>[vc_empty_space height=&#8221;24px&#8221;][vc_column_text]La protesi dentale fissa ha il compito di sostituire i denti mancanti per migliorare l\u2019estetica e il comfort, proprio come se fosse la dentatura naturale. La protesi fissa pu\u00f2 essere costruita su impianti ossei, sostituendo tutto il dente, oppure su denti naturali. Tra le protesi dentali fisse offriamo la capsula dentale, il ponte dentale e la protesi ancorata o avvitata su impianto dentale (vedi in seguito il capitolo sull&#8217;Implantologia).<\/p>\n<p>Nel nostro studio dentistico, una parte significativa della protesi \u00e8 stata digitalizzata. Utilizziamo uno scanner intraorale al posto delle impronte tradizionali e la scansione intraorale viene inviata tramite il web al laboratorio odontotecnico, dove il lavoro finale viene realizzato utilizzando la tecnologia CAD CAM all&#8217;avanguardia.[\/vc_column_text][vc_empty_space height=&#8221;40px&#8221;]<a href=\"https:\/\/stomatologija-pula.com\/kontakt\/\" class=\"btn-shortcode dt-btn-l dt-btn default-btn-color default-btn-hover-color default-btn-bg-color default-btn-bg-hover-color anchor-link\" id=\"dt-btn-5\"><span>Prenota un appuntamento<\/span><\/a>[\/vc_column][\/vc_row][vc_row type=&#8221;vc_default&#8221; bg_type=&#8221;bg_color&#8221; bg_override=&#8221;full&#8221; css=&#8221;.vc_custom_1540892929892{padding-top: 60px !important;padding-bottom: 60px !important;}&#8221; bg_color_value=&#8221;#f4f4f5&#8243;][vc_column width=&#8221;5\/12&#8243;][vc_column_text]A oggi i pazienti che presentano una totale o parziale mancanza di elementi dentari possono optare anche per le protesi dentarie mobili. Anche le protesi mobili (comunemente chiamate dentiere) presentano la funzione di ristabilire il corretto equilibrio masticatorio ed estetico del paziente, tuttavia esse non sono cementate pertanto rimovibili a piacimento. Come per quella fissa, la protesi mobile pu\u00f2 essere parziale o totale a seconda dei casi riscontrati.[\/vc_column_text][\/vc_column][vc_column width=&#8221;7\/12&#8243; css=&#8221;.vc_custom_1467303303610{padding-bottom: 20px !important;}&#8221;][vc_row_inner][vc_column_inner width=&#8221;1\/2&#8243;][vc_single_image image=&#8221;1410&#8243; img_size=&#8221;full&#8221; alignment=&#8221;center&#8221;][\/vc_column_inner][vc_column_inner width=&#8221;1\/2&#8243;][vc_single_image image=&#8221;1409&#8243; img_size=&#8221;full&#8221; alignment=&#8221;center&#8221;][\/vc_column_inner][\/vc_row_inner][\/vc_column][\/vc_row][vc_row type=&#8221;vc_default&#8221; css=&#8221;.vc_custom_1544538611826{padding-top: 40px !important;padding-bottom: 70px !important;}&#8221;][vc_column width=&#8221;2\/3&#8243; css=&#8221;.vc_custom_1467303303610{padding-bottom: 20px !important;}&#8221;][rev_slider_vc alias=&#8221;protetika&#8221;][\/vc_column][vc_column width=&#8221;1\/3&#8243; css=&#8221;.vc_custom_1467303244842{padding-bottom: 40px !important;}&#8221;]<div id=\"ultimate-heading-926269ed0c83e2421\" class=\"uvc-heading ult-adjust-bottom-margin ultimate-heading-926269ed0c83e2421 uvc-1319 \" data-hspacer=\"no_spacer\"  data-halign=\"left\" style=\"text-align:left\"><div class=\"uvc-heading-spacer no_spacer\" style=\"top\"><\/div><div class=\"uvc-main-heading ult-responsive\"  data-ultimate-target='.uvc-heading.ultimate-heading-926269ed0c83e2421 h2'  data-responsive-json-new='{\"font-size\":\"desktop:30px;\",\"line-height\":\"desktop:40px;\"}' ><h2 style=\"font-weight:bold;margin-bottom:10px;\">Video<\/h2><\/div><\/div>[vc_empty_space height=&#8221;24px&#8221;][vc_column_text]La sinergia tra il dentistica e l&#8217;odontotecnico \u00e8 la garanzia di un ottimo risultsto finale. Per sincerarvene guardate il VIDEO.[\/vc_column_text][vc_empty_space height=&#8221;40px&#8221;]<a href=\"http:\/\/www.stomatologija-pula.com\/protetika.mp4\" class=\"btn-shortcode dt-btn-l dt-btn default-btn-color default-btn-hover-color default-btn-bg-color default-btn-bg-hover-color\" target=\"_blank\" id=\"dt-btn-6\" rel=\"noopener\"><span>Video con audio<\/span><\/a>[vc_empty_space height=&#8221;24px&#8221;][\/vc_column][\/vc_row]<\/p>\n<p><\/p>\n<\/div>","protected":false},"excerpt":{"rendered":"<p>[vc_row type=&#8221;vc_default&#8221; css=&#8221;.vc_custom_1540890971987{padding-top: 40px !important;padding-bottom: 40px !important;}&#8221;][vc_column width=&#8221;1\/2&#8243; css=&#8221;.vc_custom_1467303303610{padding-bottom: 20px !important;}&#8221;][vc_single_image image=&#8221;1750&#8243; img_size=&#8221;full&#8221; alignment=&#8221;center&#8221;][\/vc_column][vc_column width=&#8221;1\/2&#8243; css=&#8221;.vc_custom_1467303244842{padding-bottom: 40px !important;}&#8221;][vc_empty_space height=&#8221;24px&#8221;][vc_column_text]La protesi dentale fissa ha il compito di sostituire i denti mancanti per migliorare l\u2019estetica e il comfort, proprio come se fosse la dentatura naturale. La protesi fissa pu\u00f2 essere costruita su impianti ossei, sostituendo tutto il&hellip;<\/p>\n","protected":false},"author":2,"featured_media":0,"parent":1166,"menu_order":1,"comment_status":"closed","ping_status":"closed","template":"template-microsite.php","meta":{"footnotes":""},"class_list":["post-1323","page","type-page","status-publish","hentry","description-off"],"yoast_head":"<!-- This site is optimized with the Yoast SEO plugin v26.0 - https:\/\/yoast.com\/wordpress\/plugins\/seo\/ -->\n<title>Protesi dentale fissa e mobile - Ordinacija dentalne medicine Suboti\u0107<\/title>\n<meta name=\"description\" content=\"Protetika je grana dentalne medicine koja se bavi rje\u0161enjima nedostatka jednog, vi\u0161e ili svih zuba. U stanju smo rije\u0161iti i najzahtjevnije slu\u010dajeve.\" \/>\n<meta name=\"robots\" content=\"index, follow, max-snippet:-1, max-image-preview:large, max-video-preview:-1\" \/>\n<link rel=\"canonical\" href=\"https:\/\/stomatologija-pula.com\/usluge\/fiksna-i-mobilna-protetika\/\" \/>\n<meta property=\"og:locale\" content=\"it_IT\" \/>\n<meta property=\"og:type\" content=\"article\" \/>\n<meta property=\"og:title\" content=\"[:hr]Fiksna i mobilna protetika[:en]Fixed and mobile prosthetics[:it]Protesi dentale fissa e mobile[:] - Ordinacija dentalne medicine Suboti\u0107\" \/>\n<meta property=\"og:description\" content=\"Protetika je grana dentalne medicine koja se bavi rje\u0161enjima nedostatka jednog, vi\u0161e ili svih zuba. U stanju smo rije\u0161iti i najzahtjevnije slu\u010dajeve.\" \/>\n<meta property=\"og:url\" content=\"https:\/\/stomatologija-pula.com\/usluge\/fiksna-i-mobilna-protetika\/\" \/>\n<meta property=\"og:site_name\" content=\"Ordinacija dentalne medicine Suboti\u0107\" \/>\n<meta property=\"article:modified_time\" content=\"2023-09-12T15:19:12+00:00\" \/>\n<meta name=\"twitter:card\" content=\"summary_large_image\" \/>\n<meta name=\"twitter:label1\" content=\"Tempo di lettura stimato\" \/>\n\t<meta name=\"twitter:data1\" content=\"4 minuti\" \/>\n<script type=\"application\/ld+json\" class=\"yoast-schema-graph\">{\"@context\":\"https:\/\/schema.org\",\"@graph\":[{\"@type\":\"WebPage\",\"@id\":\"https:\/\/stomatologija-pula.com\/usluge\/fiksna-i-mobilna-protetika\/\",\"url\":\"https:\/\/stomatologija-pula.com\/usluge\/fiksna-i-mobilna-protetika\/\",\"name\":\"[:hr]Fiksna i mobilna protetika[:en]Fixed and mobile prosthetics[:it]Protesi dentale fissa e mobile[:] - Ordinacija dentalne medicine Suboti\u0107\",\"isPartOf\":{\"@id\":\"https:\/\/stomatologija-pula.com\/en\/#website\"},\"datePublished\":\"2018-11-20T12:30:34+00:00\",\"dateModified\":\"2023-09-12T15:19:12+00:00\",\"description\":\"Protetika je grana dentalne medicine koja se bavi rje\u0161enjima nedostatka jednog, vi\u0161e ili svih zuba. U stanju smo rije\u0161iti i najzahtjevnije slu\u010dajeve.\",\"breadcrumb\":{\"@id\":\"https:\/\/stomatologija-pula.com\/usluge\/fiksna-i-mobilna-protetika\/#breadcrumb\"},\"inLanguage\":\"it-IT\",\"potentialAction\":[{\"@type\":\"ReadAction\",\"target\":[\"https:\/\/stomatologija-pula.com\/usluge\/fiksna-i-mobilna-protetika\/\"]}]},{\"@type\":\"BreadcrumbList\",\"@id\":\"https:\/\/stomatologija-pula.com\/usluge\/fiksna-i-mobilna-protetika\/#breadcrumb\",\"itemListElement\":[{\"@type\":\"ListItem\",\"position\":1,\"name\":\"Home\",\"item\":\"https:\/\/stomatologija-pula.com\/\"},{\"@type\":\"ListItem\",\"position\":2,\"name\":\"Services\",\"item\":\"https:\/\/stomatologija-pula.com\/en\/usluge\/\"},{\"@type\":\"ListItem\",\"position\":3,\"name\":\"Fixed and mobile prosthetics\"}]},{\"@type\":\"WebSite\",\"@id\":\"https:\/\/stomatologija-pula.com\/en\/#website\",\"url\":\"https:\/\/stomatologija-pula.com\/en\/\",\"name\":\"Ordinacija dentalne medicine Suboti\u0107\",\"description\":\"Studio dentistico dr. Suboti\u0107\",\"potentialAction\":[{\"@type\":\"SearchAction\",\"target\":{\"@type\":\"EntryPoint\",\"urlTemplate\":\"https:\/\/stomatologija-pula.com\/en\/?s={search_term_string}\"},\"query-input\":{\"@type\":\"PropertyValueSpecification\",\"valueRequired\":true,\"valueName\":\"search_term_string\"}}],\"inLanguage\":\"it-IT\"}]}<\/script>\n<!-- \/ Yoast SEO plugin. -->","yoast_head_json":{"title":"[:hr]Fiksna i mobilna protetika[:en]Fixed and mobile prosthetics[:it]Protesi dentale fissa e mobile[:] - Ordinacija dentalne medicine Suboti\u0107","description":"Protetika je grana dentalne medicine koja se bavi rje\u0161enjima nedostatka jednog, vi\u0161e ili svih zuba. U stanju smo rije\u0161iti i najzahtjevnije slu\u010dajeve.","robots":{"index":"index","follow":"follow","max-snippet":"max-snippet:-1","max-image-preview":"max-image-preview:large","max-video-preview":"max-video-preview:-1"},"canonical":"https:\/\/stomatologija-pula.com\/usluge\/fiksna-i-mobilna-protetika\/","og_locale":"it_IT","og_type":"article","og_title":"[:hr]Fiksna i mobilna protetika[:en]Fixed and mobile prosthetics[:it]Protesi dentale fissa e mobile[:] - Ordinacija dentalne medicine Suboti\u0107","og_description":"Protetika je grana dentalne medicine koja se bavi rje\u0161enjima nedostatka jednog, vi\u0161e ili svih zuba. U stanju smo rije\u0161iti i najzahtjevnije slu\u010dajeve.","og_url":"https:\/\/stomatologija-pula.com\/usluge\/fiksna-i-mobilna-protetika\/","og_site_name":"Ordinacija dentalne medicine Suboti\u0107","article_modified_time":"2023-09-12T15:19:12+00:00","twitter_card":"summary_large_image","twitter_misc":{"Tempo di lettura stimato":"4 minuti"},"schema":{"@context":"https:\/\/schema.org","@graph":[{"@type":"WebPage","@id":"https:\/\/stomatologija-pula.com\/usluge\/fiksna-i-mobilna-protetika\/","url":"https:\/\/stomatologija-pula.com\/usluge\/fiksna-i-mobilna-protetika\/","name":"[:hr]Fiksna i mobilna protetika[:en]Fixed and mobile prosthetics[:it]Protesi dentale fissa e mobile[:] - Ordinacija dentalne medicine Suboti\u0107","isPartOf":{"@id":"https:\/\/stomatologija-pula.com\/en\/#website"},"datePublished":"2018-11-20T12:30:34+00:00","dateModified":"2023-09-12T15:19:12+00:00","description":"Protetika je grana dentalne medicine koja se bavi rje\u0161enjima nedostatka jednog, vi\u0161e ili svih zuba. U stanju smo rije\u0161iti i najzahtjevnije slu\u010dajeve.","breadcrumb":{"@id":"https:\/\/stomatologija-pula.com\/usluge\/fiksna-i-mobilna-protetika\/#breadcrumb"},"inLanguage":"it-IT","potentialAction":[{"@type":"ReadAction","target":["https:\/\/stomatologija-pula.com\/usluge\/fiksna-i-mobilna-protetika\/"]}]},{"@type":"BreadcrumbList","@id":"https:\/\/stomatologija-pula.com\/usluge\/fiksna-i-mobilna-protetika\/#breadcrumb","itemListElement":[{"@type":"ListItem","position":1,"name":"Home","item":"https:\/\/stomatologija-pula.com\/"},{"@type":"ListItem","position":2,"name":"Services","item":"https:\/\/stomatologija-pula.com\/en\/usluge\/"},{"@type":"ListItem","position":3,"name":"Fixed and mobile prosthetics"}]},{"@type":"WebSite","@id":"https:\/\/stomatologija-pula.com\/en\/#website","url":"https:\/\/stomatologija-pula.com\/en\/","name":"Ordinacija dentalne medicine Suboti\u0107","description":"Studio dentistico dr. Suboti\u0107","potentialAction":[{"@type":"SearchAction","target":{"@type":"EntryPoint","urlTemplate":"https:\/\/stomatologija-pula.com\/en\/?s={search_term_string}"},"query-input":{"@type":"PropertyValueSpecification","valueRequired":true,"valueName":"search_term_string"}}],"inLanguage":"it-IT"}]}},"_links":{"self":[{"href":"https:\/\/stomatologija-pula.com\/it\/wp-json\/wp\/v2\/pages\/1323","targetHints":{"allow":["GET"]}}],"collection":[{"href":"https:\/\/stomatologija-pula.com\/it\/wp-json\/wp\/v2\/pages"}],"about":[{"href":"https:\/\/stomatologija-pula.com\/it\/wp-json\/wp\/v2\/types\/page"}],"author":[{"embeddable":true,"href":"https:\/\/stomatologija-pula.com\/it\/wp-json\/wp\/v2\/users\/2"}],"replies":[{"embeddable":true,"href":"https:\/\/stomatologija-pula.com\/it\/wp-json\/wp\/v2\/comments?post=1323"}],"version-history":[{"count":5,"href":"https:\/\/stomatologija-pula.com\/it\/wp-json\/wp\/v2\/pages\/1323\/revisions"}],"predecessor-version":[{"id":1751,"href":"https:\/\/stomatologija-pula.com\/it\/wp-json\/wp\/v2\/pages\/1323\/revisions\/1751"}],"up":[{"embeddable":true,"href":"https:\/\/stomatologija-pula.com\/it\/wp-json\/wp\/v2\/pages\/1166"}],"wp:attachment":[{"href":"https:\/\/stomatologija-pula.com\/it\/wp-json\/wp\/v2\/media?parent=1323"}],"curies":[{"name":"wp","href":"https:\/\/api.w.org\/{rel}","templated":true}]}}