{"id":1321,"date":"2018-11-20T12:28:34","date_gmt":"2018-11-20T12:28:34","guid":{"rendered":"https:\/\/stomatologija-pula.com\/?page_id=1321"},"modified":"2023-08-30T14:52:01","modified_gmt":"2023-08-30T14:52:01","slug":"paradontologija","status":"publish","type":"page","link":"https:\/\/stomatologija-pula.com\/it\/usluge\/paradontologija\/","title":{"rendered":"La parodontologia"},"content":{"rendered":"<div class=\"wpb-content-wrapper\"><p>[vc_row type=&#8221;vc_default&#8221; css=&#8221;.vc_custom_1540890971987{padding-top: 40px !important;padding-bottom: 40px !important;}&#8221;][vc_column width=&#8221;1\/2&#8243; css=&#8221;.vc_custom_1467303303610{padding-bottom: 20px !important;}&#8221;][vc_single_image image=&#8221;1366&#8243; img_size=&#8221;full&#8221; alignment=&#8221;center&#8221;][\/vc_column][vc_column width=&#8221;1\/2&#8243; css=&#8221;.vc_custom_1467303244842{padding-bottom: 40px !important;}&#8221;]<div id=\"ultimate-heading-571669eb75d844a07\" class=\"uvc-heading ult-adjust-bottom-margin ultimate-heading-571669eb75d844a07 uvc-5810 \" data-hspacer=\"no_spacer\"  data-halign=\"left\" style=\"text-align:left\"><div class=\"uvc-heading-spacer no_spacer\" style=\"top\"><\/div><div class=\"uvc-main-heading ult-responsive\"  data-ultimate-target='.uvc-heading.ultimate-heading-571669eb75d844a07 h2'  data-responsive-json-new='{\"font-size\":\"desktop:30px;\",\"line-height\":\"desktop:40px;\"}' ><h2 style=\"font-weight:bold;margin-bottom:10px;\">La struttura portante del dente<\/h2><\/div><\/div>[vc_empty_space height=&#8221;24px&#8221;][vc_column_text]Se ci troviamo di fronte a un caso di parodontite (in una prima fase della malattia), la parodontologia prevede di eseguire una pulizia dentale professionale che noi facciamo presso il centro dentistico, per rimuovere la placca batterica e il tartaro accumulati. \u00c8 essenziale che il paziente sia coinvolto nella prevenzione di questa patologia attraverso corrette abitudini igieniche.<\/p>\n<p>Il trattamento laser per curare la malattia parodontale pu\u00f2 sostituire il metodo di cura tradizionale (con sostanze a base di clorexidina) &#8211; che noi anche pratichiamo &#8211; o anche affiancarlo.[\/vc_column_text][vc_empty_space height=&#8221;40px&#8221;]<a href=\"https:\/\/stomatologija-pula.com\/kontakt\/\" class=\"btn-shortcode dt-btn-l dt-btn default-btn-color default-btn-hover-color default-btn-bg-color default-btn-bg-hover-color anchor-link\" id=\"dt-btn-5\"><span>Prenota un appuntamento<\/span><\/a>[\/vc_column][\/vc_row][vc_row type=&#8221;vc_default&#8221; bg_type=&#8221;bg_color&#8221; bg_override=&#8221;full&#8221; css=&#8221;.vc_custom_1540892929892{padding-top: 60px !important;padding-bottom: 60px !important;}&#8221; bg_color_value=&#8221;#f4f4f5&#8243;][vc_column width=&#8221;1\/2&#8243;][vc_column_text]Nel nostro studio usiamo il laser dentale per rimuovere dalla radice del dente la placca batterica che causa l\u2019infiammazione del tessuto gengivale e la parodontite. Nel dettaglio si tratta dell\u2019emissione pulsata di un fascio di particolari onde che sgretolano la placca senza danneggiare i tessuti molli. In questo modo la pulizia radicale \u00e8 profonda ma non si utilizzano strumenti chirurgici che per il paziente possono risultare invasivi.<\/p>\n<p>Per una pulizia approfondita del tartaro subgingivale e supragingivale, utilizziamo le pi\u00f9 recenti generazioni di sabbiatrici dentali. Oltre al tartaro, le sabbiatrici sono altamente efficaci nell&#8217;eliminare i depositi batterici (tartaro marrone sul collo del dente) e le macchie da nicotina[\/vc_column_text][vc_empty_space height=&#8221;40px&#8221;]<a href=\"https:\/\/stomatologija-pula.com\/usluge\/\" class=\"btn-shortcode dt-btn-l dt-btn default-btn-color default-btn-hover-color default-btn-bg-color default-btn-bg-hover-color\" id=\"dt-btn-6\"><span>Le nostre prestazioni<\/span><\/a>[vc_empty_space height=&#8221;24px&#8221;][\/vc_column][vc_column width=&#8221;1\/2&#8243; css=&#8221;.vc_custom_1467303303610{padding-bottom: 20px !important;}&#8221;][vc_single_image image=&#8221;1365&#8243; img_size=&#8221;full&#8221; alignment=&#8221;center&#8221;][\/vc_column][\/vc_row]<\/p>\n<\/div>","protected":false},"excerpt":{"rendered":"<p>[vc_row type=&#8221;vc_default&#8221; css=&#8221;.vc_custom_1540890971987{padding-top: 40px !important;padding-bottom: 40px !important;}&#8221;][vc_column width=&#8221;1\/2&#8243; css=&#8221;.vc_custom_1467303303610{padding-bottom: 20px !important;}&#8221;][vc_single_image image=&#8221;1366&#8243; img_size=&#8221;full&#8221; alignment=&#8221;center&#8221;][\/vc_column][vc_column width=&#8221;1\/2&#8243; css=&#8221;.vc_custom_1467303244842{padding-bottom: 40px !important;}&#8221;][vc_empty_space height=&#8221;24px&#8221;][vc_column_text]Se ci troviamo di fronte a un caso di parodontite (in una prima fase della malattia), la parodontologia prevede di eseguire una pulizia dentale professionale che noi facciamo presso il centro dentistico, per rimuovere la placca batterica&hellip;<\/p>\n","protected":false},"author":2,"featured_media":0,"parent":1166,"menu_order":1,"comment_status":"closed","ping_status":"closed","template":"template-microsite.php","meta":{"footnotes":""},"class_list":["post-1321","page","type-page","status-publish","hentry","description-off"],"yoast_head":"<!-- This site is optimized with the Yoast SEO plugin v26.0 - https:\/\/yoast.com\/wordpress\/plugins\/seo\/ -->\n<title>La parodontologia - Ordinacija dentalne medicine Suboti\u0107<\/title>\n<meta name=\"description\" content=\"Paradontologija podrazumijevama sve zahvate koje poduzimamo za lije\u010denje odnosno sanaciju bolesti potporne strukture zuba (parodonta). Saznajte vi\u0161e.\" \/>\n<meta name=\"robots\" content=\"index, follow, max-snippet:-1, max-image-preview:large, max-video-preview:-1\" \/>\n<link rel=\"canonical\" href=\"https:\/\/stomatologija-pula.com\/usluge\/paradontologija\/\" \/>\n<meta property=\"og:locale\" content=\"it_IT\" \/>\n<meta property=\"og:type\" content=\"article\" \/>\n<meta property=\"og:title\" content=\"[:hr]Paradontologija[:en]Periodontics[:it]La parodontologia[:] - Ordinacija dentalne medicine Suboti\u0107\" \/>\n<meta property=\"og:description\" content=\"Paradontologija podrazumijevama sve zahvate koje poduzimamo za lije\u010denje odnosno sanaciju bolesti potporne strukture zuba (parodonta). Saznajte vi\u0161e.\" \/>\n<meta property=\"og:url\" content=\"https:\/\/stomatologija-pula.com\/usluge\/paradontologija\/\" \/>\n<meta property=\"og:site_name\" content=\"Ordinacija dentalne medicine Suboti\u0107\" \/>\n<meta property=\"article:modified_time\" content=\"2023-08-30T14:52:01+00:00\" \/>\n<meta name=\"twitter:card\" content=\"summary_large_image\" \/>\n<meta name=\"twitter:label1\" content=\"Tempo di lettura stimato\" \/>\n\t<meta name=\"twitter:data1\" content=\"2 minuti\" \/>\n<script type=\"application\/ld+json\" class=\"yoast-schema-graph\">{\"@context\":\"https:\/\/schema.org\",\"@graph\":[{\"@type\":\"WebPage\",\"@id\":\"https:\/\/stomatologija-pula.com\/usluge\/paradontologija\/\",\"url\":\"https:\/\/stomatologija-pula.com\/usluge\/paradontologija\/\",\"name\":\"[:hr]Paradontologija[:en]Periodontics[:it]La parodontologia[:] - Ordinacija dentalne medicine Suboti\u0107\",\"isPartOf\":{\"@id\":\"https:\/\/stomatologija-pula.com\/en\/#website\"},\"datePublished\":\"2018-11-20T12:28:34+00:00\",\"dateModified\":\"2023-08-30T14:52:01+00:00\",\"description\":\"Paradontologija podrazumijevama sve zahvate koje poduzimamo za lije\u010denje odnosno sanaciju bolesti potporne strukture zuba (parodonta). Saznajte vi\u0161e.\",\"breadcrumb\":{\"@id\":\"https:\/\/stomatologija-pula.com\/usluge\/paradontologija\/#breadcrumb\"},\"inLanguage\":\"it-IT\",\"potentialAction\":[{\"@type\":\"ReadAction\",\"target\":[\"https:\/\/stomatologija-pula.com\/usluge\/paradontologija\/\"]}]},{\"@type\":\"BreadcrumbList\",\"@id\":\"https:\/\/stomatologija-pula.com\/usluge\/paradontologija\/#breadcrumb\",\"itemListElement\":[{\"@type\":\"ListItem\",\"position\":1,\"name\":\"Home\",\"item\":\"https:\/\/stomatologija-pula.com\/\"},{\"@type\":\"ListItem\",\"position\":2,\"name\":\"Services\",\"item\":\"https:\/\/stomatologija-pula.com\/en\/usluge\/\"},{\"@type\":\"ListItem\",\"position\":3,\"name\":\"Periodontics\"}]},{\"@type\":\"WebSite\",\"@id\":\"https:\/\/stomatologija-pula.com\/en\/#website\",\"url\":\"https:\/\/stomatologija-pula.com\/en\/\",\"name\":\"Ordinacija dentalne medicine Suboti\u0107\",\"description\":\"Studio dentistico dr. Suboti\u0107\",\"potentialAction\":[{\"@type\":\"SearchAction\",\"target\":{\"@type\":\"EntryPoint\",\"urlTemplate\":\"https:\/\/stomatologija-pula.com\/en\/?s={search_term_string}\"},\"query-input\":{\"@type\":\"PropertyValueSpecification\",\"valueRequired\":true,\"valueName\":\"search_term_string\"}}],\"inLanguage\":\"it-IT\"}]}<\/script>\n<!-- \/ Yoast SEO plugin. -->","yoast_head_json":{"title":"[:hr]Paradontologija[:en]Periodontics[:it]La parodontologia[:] - Ordinacija dentalne medicine Suboti\u0107","description":"Paradontologija podrazumijevama sve zahvate koje poduzimamo za lije\u010denje odnosno sanaciju bolesti potporne strukture zuba (parodonta). Saznajte vi\u0161e.","robots":{"index":"index","follow":"follow","max-snippet":"max-snippet:-1","max-image-preview":"max-image-preview:large","max-video-preview":"max-video-preview:-1"},"canonical":"https:\/\/stomatologija-pula.com\/usluge\/paradontologija\/","og_locale":"it_IT","og_type":"article","og_title":"[:hr]Paradontologija[:en]Periodontics[:it]La parodontologia[:] - Ordinacija dentalne medicine Suboti\u0107","og_description":"Paradontologija podrazumijevama sve zahvate koje poduzimamo za lije\u010denje odnosno sanaciju bolesti potporne strukture zuba (parodonta). Saznajte vi\u0161e.","og_url":"https:\/\/stomatologija-pula.com\/usluge\/paradontologija\/","og_site_name":"Ordinacija dentalne medicine Suboti\u0107","article_modified_time":"2023-08-30T14:52:01+00:00","twitter_card":"summary_large_image","twitter_misc":{"Tempo di lettura stimato":"2 minuti"},"schema":{"@context":"https:\/\/schema.org","@graph":[{"@type":"WebPage","@id":"https:\/\/stomatologija-pula.com\/usluge\/paradontologija\/","url":"https:\/\/stomatologija-pula.com\/usluge\/paradontologija\/","name":"[:hr]Paradontologija[:en]Periodontics[:it]La parodontologia[:] - Ordinacija dentalne medicine Suboti\u0107","isPartOf":{"@id":"https:\/\/stomatologija-pula.com\/en\/#website"},"datePublished":"2018-11-20T12:28:34+00:00","dateModified":"2023-08-30T14:52:01+00:00","description":"Paradontologija podrazumijevama sve zahvate koje poduzimamo za lije\u010denje odnosno sanaciju bolesti potporne strukture zuba (parodonta). Saznajte vi\u0161e.","breadcrumb":{"@id":"https:\/\/stomatologija-pula.com\/usluge\/paradontologija\/#breadcrumb"},"inLanguage":"it-IT","potentialAction":[{"@type":"ReadAction","target":["https:\/\/stomatologija-pula.com\/usluge\/paradontologija\/"]}]},{"@type":"BreadcrumbList","@id":"https:\/\/stomatologija-pula.com\/usluge\/paradontologija\/#breadcrumb","itemListElement":[{"@type":"ListItem","position":1,"name":"Home","item":"https:\/\/stomatologija-pula.com\/"},{"@type":"ListItem","position":2,"name":"Services","item":"https:\/\/stomatologija-pula.com\/en\/usluge\/"},{"@type":"ListItem","position":3,"name":"Periodontics"}]},{"@type":"WebSite","@id":"https:\/\/stomatologija-pula.com\/en\/#website","url":"https:\/\/stomatologija-pula.com\/en\/","name":"Ordinacija dentalne medicine Suboti\u0107","description":"Studio dentistico dr. Suboti\u0107","potentialAction":[{"@type":"SearchAction","target":{"@type":"EntryPoint","urlTemplate":"https:\/\/stomatologija-pula.com\/en\/?s={search_term_string}"},"query-input":{"@type":"PropertyValueSpecification","valueRequired":true,"valueName":"search_term_string"}}],"inLanguage":"it-IT"}]}},"_links":{"self":[{"href":"https:\/\/stomatologija-pula.com\/it\/wp-json\/wp\/v2\/pages\/1321","targetHints":{"allow":["GET"]}}],"collection":[{"href":"https:\/\/stomatologija-pula.com\/it\/wp-json\/wp\/v2\/pages"}],"about":[{"href":"https:\/\/stomatologija-pula.com\/it\/wp-json\/wp\/v2\/types\/page"}],"author":[{"embeddable":true,"href":"https:\/\/stomatologija-pula.com\/it\/wp-json\/wp\/v2\/users\/2"}],"replies":[{"embeddable":true,"href":"https:\/\/stomatologija-pula.com\/it\/wp-json\/wp\/v2\/comments?post=1321"}],"version-history":[{"count":5,"href":"https:\/\/stomatologija-pula.com\/it\/wp-json\/wp\/v2\/pages\/1321\/revisions"}],"predecessor-version":[{"id":1737,"href":"https:\/\/stomatologija-pula.com\/it\/wp-json\/wp\/v2\/pages\/1321\/revisions\/1737"}],"up":[{"embeddable":true,"href":"https:\/\/stomatologija-pula.com\/it\/wp-json\/wp\/v2\/pages\/1166"}],"wp:attachment":[{"href":"https:\/\/stomatologija-pula.com\/it\/wp-json\/wp\/v2\/media?parent=1321"}],"curies":[{"name":"wp","href":"https:\/\/api.w.org\/{rel}","templated":true}]}}