{"id":1263,"date":"2018-10-24T11:55:48","date_gmt":"2018-10-24T11:55:48","guid":{"rendered":"https:\/\/stomatologija-pula.com\/?page_id=1263"},"modified":"2024-10-01T08:06:16","modified_gmt":"2024-10-01T08:06:16","slug":"nas-tim","status":"publish","type":"page","link":"https:\/\/stomatologija-pula.com\/it\/nas-tim\/","title":{"rendered":"Ci presentiamo"},"content":{"rendered":"<div class=\"wpb-content-wrapper\"><p>[vc_row type=&#8221;vc_default&#8221; full_width=&#8221;stretch_row&#8221; bg_type=&#8221;bg_color&#8221; seperator_enable=&#8221;seperator_enable_value&#8221; seperator_type=&#8221;xlarge_triangle_seperator&#8221; seperator_position=&#8221;bottom_seperator&#8221; seperator_svg_height=&#8221;60&#8243; seperator_shape_background=&#8221;#f4f4f4&#8243; css=&#8221;.vc_custom_1540388037419{padding-top: 70px !important;padding-bottom: 80px !important;}&#8221; bg_color_value=&#8221;#ffffff&#8221;][vc_column width=&#8221;1\/6&#8243;][\/vc_column][vc_column width=&#8221;2\/3&#8243;]<div id=\"ultimate-heading-684069ef21c15475d\" class=\"uvc-heading ult-adjust-bottom-margin ultimate-heading-684069ef21c15475d uvc-3226 \" data-hspacer=\"no_spacer\"  data-halign=\"center\" style=\"text-align:center\"><div class=\"uvc-heading-spacer no_spacer\" style=\"top\"><\/div><div class=\"uvc-main-heading ult-responsive\"  data-ultimate-target='.uvc-heading.ultimate-heading-684069ef21c15475d h5'  data-responsive-json-new='{\"font-size\":\"desktop:40px;\",\"line-height\":\"desktop:43px;\"}' ><h5 style=\"font-family:&#039;Poppins&#039;;font-weight:300;color:#2f2f2f;margin-bottom:30px;\">Ci presentiamo<\/h5><\/div><div class=\"uvc-sub-heading ult-responsive\"  data-ultimate-target='.uvc-heading.ultimate-heading-684069ef21c15475d .uvc-sub-heading '  data-responsive-json-new='{\"font-size\":\"desktop:15px;\",\"line-height\":\"desktop:28px;\"}'  style=\"font-weight:normal;color:#787d85;margin-bottom:20px;\"><\/p>\n<p style=\"text-align: center;\">Il nostro team conta quattro specialisti. Pur offrendo servizio convenzionato siamo uno studio privato in grado di offrire con elevata competenza e professionalit\u00e0 ogni tipo di prestazione connessa con le branche dell&#8217;odontoiatria ambulatoriale, dalla diagnostica fino al trattamento e alla cura dentaria, con la massima attenzione al comfort del paziente.<\/p>\n<p><\/div><\/div>[\/vc_column][vc_column width=&#8221;1\/6&#8243;][\/vc_column][\/vc_row][vc_row type=&#8221;vc_default&#8221; full_width=&#8221;stretch_row&#8221; gap=&#8221;20&#8243; bg_type=&#8221;bg_color&#8221; bg_color_value=&#8221;#f4f4f4&#8243; css=&#8221;.vc_custom_1693406454392{padding-bottom: 30px !important;}&#8221;][vc_column width=&#8221;1\/2&#8243;][vc_empty_space][vc_single_image image=&#8221;1731&#8243; img_size=&#8221;full&#8221; alignment=&#8221;center&#8221; css_animation=&#8221;none&#8221;][\/vc_column][vc_column width=&#8221;1\/2&#8243;][vc_empty_space]<div id=\"ultimate-heading-130869ef21c1547b3\" class=\"uvc-heading ult-adjust-bottom-margin ultimate-heading-130869ef21c1547b3 uvc-8025 accent-title-color color-title\" data-hspacer=\"no_spacer\"  data-halign=\"left\" style=\"text-align:left\"><div class=\"uvc-heading-spacer no_spacer\" style=\"top\"><\/div><div class=\"uvc-main-heading ult-responsive\"  data-ultimate-target='.uvc-heading.ultimate-heading-130869ef21c1547b3 h2'  data-responsive-json-new='{\"font-size\":\"desktop:18px;\",\"line-height\":\"desktop:34px;\"}' ><h2 style=\"font-family:&#039;Montserrat&#039;;font-weight:500;color:#2f2f2f;\">Titolare dello Studio, dottor<\/h2><\/div><\/div>[vc_column_text]<\/p>\n<h4 style=\"font-size: 28px;\">Milenko Suboti\u0107<\/h4>\n<p>[\/vc_column_text][vc_empty_space][vc_column_text css=&#8221;.vc_custom_1559829100696{margin-top: -15px !important;}&#8221;]Ultima gli studi di medicina dentale nel 1987 all&#8217;Universit\u00e0 di medicina di Fiume. Dopo un periodo di lavoro trascorso alla Casa della salute di Pola (servizio pubblico), nel 1997 apre uno studio dentistico privato di cui \u00e8 tutt&#8217;ora il titolare. Il suo staff conta cinque persone. Al passo con le pi\u00f9 moderne tecniche odontoiatriche, lo studio \u00e8 oggi completamente attrezzato grazie a investimenti fatti nell&#8217;acquisto dell&#8217;equipaggiamento medico e nella formazione del personale. Regolari infatti i corsi di aggiornamento professionale seguiti anche dallo stesso dott. Suboti\u0107. Lo studio \u00e8 oggi in grado di offrire trattamenti conservativi e di protesi dentaria, di parodontologia, di implantologia e di estetica dentale.<br \/>\n[\/vc_column_text][vc_empty_space]<a href=\"mailto:dr.subotic@email.ht.hr\" class=\"btn-shortcode dt-btn-m dt-btn default-btn-color default-btn-hover-color default-btn-bg-color default-btn-bg-hover-color\" id=\"dt-btn-5\"><span>Inviaci una email<\/span><\/a>[\/vc_column][\/vc_row][vc_row type=&#8221;vc_default&#8221; full_width=&#8221;stretch_row&#8221; gap=&#8221;20&#8243; css=&#8221;.vc_custom_1540385550024{padding-top: 40px !important;padding-bottom: 40px !important;}&#8221;][vc_column width=&#8221;1\/3&#8243;][vc_single_image image=&#8221;1729&#8243; img_size=&#8221;full&#8221; alignment=&#8221;center&#8221; css_animation=&#8221;none&#8221;][vc_empty_space]<div id=\"ultimate-heading-245169ef21c15481c\" class=\"uvc-heading ult-adjust-bottom-margin ultimate-heading-245169ef21c15481c uvc-7344 accent-title-color color-title\" data-hspacer=\"no_spacer\"  data-halign=\"left\" style=\"text-align:left\"><div class=\"uvc-heading-spacer no_spacer\" style=\"top\"><\/div><div class=\"uvc-main-heading ult-responsive\"  data-ultimate-target='.uvc-heading.ultimate-heading-245169ef21c15481c h2'  data-responsive-json-new='{\"font-size\":\"desktop:18px;\",\"line-height\":\"desktop:34px;\"}' ><h2 style=\"font-family:&#039;Montserrat&#039;;font-weight:500;color:#2f2f2f;\">Dottore<\/h2><\/div><\/div>[vc_column_text]<\/p>\n<h4>Dubravka Greblo dr.med.dent.<\/h4>\n<p>[\/vc_column_text][vc_empty_space][vc_column_text css=&#8221;.vc_custom_1693409213856{margin-top: -15px !important;}&#8221;]Ha completato i suoi studi in Medicina Dentale presso la Facolt\u00e0 di Medicina di Rijeka nel 2014. Dopo aver completato il suo tirocinio presso la nostra clinica, \u00e8 diventata un nuovo membro del nostro team.<\/p>\n<p>Nella clinica, si \u00e8 concentrata sulla odontoiatria estetica e sul lavoro con i bambini. Pi\u00f9 recentemente, dopo ulteriori formazioni, si \u00e8 dedicata al problema delle strutture di supporto dei denti (parodontologia) e all&#8217;estetica del viso (i-PRF).[\/vc_column_text][vc_empty_space][\/vc_column][vc_column width=&#8221;1\/3&#8243;][vc_single_image image=&#8221;1730&#8243; img_size=&#8221;full&#8221; alignment=&#8221;center&#8221; css_animation=&#8221;none&#8221;][vc_empty_space]<div id=\"ultimate-heading-412469ef21c154860\" class=\"uvc-heading ult-adjust-bottom-margin ultimate-heading-412469ef21c154860 uvc-8260 accent-title-color color-title\" data-hspacer=\"no_spacer\"  data-halign=\"left\" style=\"text-align:left\"><div class=\"uvc-heading-spacer no_spacer\" style=\"top\"><\/div><div class=\"uvc-main-heading ult-responsive\"  data-ultimate-target='.uvc-heading.ultimate-heading-412469ef21c154860 h2'  data-responsive-json-new='{\"font-size\":\"desktop:18px;\",\"line-height\":\"desktop:34px;\"}' ><h2 style=\"font-family:&#039;Montserrat&#039;;font-weight:500;color:#2f2f2f;\">Dottor<\/h2><\/div><\/div>[vc_column_text]<\/p>\n<h4>Luka Mirkovi\u0107 univ.mag. med.dent<\/h4>\n<p>[\/vc_column_text][vc_empty_space][vc_column_text css=&#8221;.vc_custom_1693409183313{margin-top: -15px !important;}&#8221;]Si laurea in medicina dentale nel 2017 all\u2019Universit\u00e0 di medicina di Fiume. Il suo percorso di studio \u00e8 ineccepibile. Nel 2018 entra a far parte del nostro team.<\/p>\n<p>Nel 2022 ha conseguito una laurea magistrale in Implantologia Dentale presso la Facolt\u00e0 di Medicina Dentale dell&#8217;Universit\u00e0 di Zagabria.[\/vc_column_text][vc_empty_space][\/vc_column][vc_column width=&#8221;1\/3&#8243;][vc_single_image image=&#8221;1728&#8243; img_size=&#8221;full&#8221; alignment=&#8221;center&#8221; css_animation=&#8221;none&#8221;][vc_empty_space]<div id=\"ultimate-heading-151269ef21c1548a4\" class=\"uvc-heading ult-adjust-bottom-margin ultimate-heading-151269ef21c1548a4 uvc-8406 accent-title-color color-title\" data-hspacer=\"no_spacer\"  data-halign=\"left\" style=\"text-align:left\"><div class=\"uvc-heading-spacer no_spacer\" style=\"top\"><\/div><div class=\"uvc-main-heading ult-responsive\"  data-ultimate-target='.uvc-heading.ultimate-heading-151269ef21c1548a4 h2'  data-responsive-json-new='{\"font-size\":\"desktop:18px;\",\"line-height\":\"desktop:34px;\"}' ><h2 style=\"font-family:&#039;Montserrat&#039;;font-weight:500;color:#2f2f2f;\">Assistente alla poltrona<\/h2><\/div><\/div>[vc_column_text]<\/p>\n<h4>Ivana Ladislovi\u0107<\/h4>\n<p>[\/vc_column_text][vc_empty_space][vc_column_text css=&#8221;.vc_custom_1559829195941{margin-top: -15px !important;}&#8221;]Terminata la scuola media superiore si impiega come assistente di studio odontoiatrico e assistente di chirurgia parodontale. Sorridente e cortese, accoglie e mette a proprio agio i pazienti. \u201cIvana \u00e8 il vostro primo contatto con il nostro studio odontoiatrico\u201d.[\/vc_column_text][vc_empty_space][\/vc_column][\/vc_row][vc_row type=&#8221;vc_default&#8221; full_width=&#8221;stretch_row&#8221; bg_type=&#8221;bg_color&#8221; bg_color_value=&#8221;#f4f4f4&#8243; css=&#8221;.vc_custom_1540385606297{padding-top: 40px !important;padding-bottom: 60px !important;}&#8221;][vc_column][vc_empty_space]<div class=\"text-centered\"><a href=\"https:\/\/stomatologija-pula.com\/kontakt\" class=\"btn-shortcode dt-btn-l dt-btn default-btn-color default-btn-hover-color default-btn-bg-color default-btn-bg-hover-color\" id=\"dt-btn-6\"><span>PRENOTA UN APPUNTAMENTO<\/span><\/a><\/div>[\/vc_column][\/vc_row]<\/p>\n<\/div>","protected":false},"excerpt":{"rendered":"<p>[vc_row type=&#8221;vc_default&#8221; full_width=&#8221;stretch_row&#8221; bg_type=&#8221;bg_color&#8221; seperator_enable=&#8221;seperator_enable_value&#8221; seperator_type=&#8221;xlarge_triangle_seperator&#8221; seperator_position=&#8221;bottom_seperator&#8221; seperator_svg_height=&#8221;60&#8243; seperator_shape_background=&#8221;#f4f4f4&#8243; css=&#8221;.vc_custom_1540388037419{padding-top: 70px !important;padding-bottom: 80px !important;}&#8221; bg_color_value=&#8221;#ffffff&#8221;][vc_column width=&#8221;1\/6&#8243;][\/vc_column][vc_column width=&#8221;2\/3&#8243;][\/vc_column][vc_column width=&#8221;1\/6&#8243;][\/vc_column][\/vc_row][vc_row type=&#8221;vc_default&#8221; full_width=&#8221;stretch_row&#8221; gap=&#8221;20&#8243; bg_type=&#8221;bg_color&#8221; bg_color_value=&#8221;#f4f4f4&#8243; css=&#8221;.vc_custom_1693406454392{padding-bottom: 30px !important;}&#8221;][vc_column width=&#8221;1\/2&#8243;][vc_empty_space][vc_single_image image=&#8221;1731&#8243; img_size=&#8221;full&#8221; alignment=&#8221;center&#8221; css_animation=&#8221;none&#8221;][\/vc_column][vc_column width=&#8221;1\/2&#8243;][vc_empty_space][vc_column_text] Milenko Suboti\u0107 [\/vc_column_text][vc_empty_space][vc_column_text css=&#8221;.vc_custom_1559829100696{margin-top: -15px !important;}&#8221;]Ultima gli studi di medicina dentale nel 1987 all&#8217;Universit\u00e0 di medicina di Fiume. Dopo un periodo di lavoro&hellip;<\/p>\n","protected":false},"author":2,"featured_media":0,"parent":0,"menu_order":0,"comment_status":"closed","ping_status":"open","template":"template-microsite.php","meta":{"footnotes":""},"class_list":["post-1263","page","type-page","status-publish","hentry","description-off"],"yoast_head":"<!-- This site is optimized with the Yoast SEO plugin v26.0 - https:\/\/yoast.com\/wordpress\/plugins\/seo\/ -->\n<title>Ci presentiamo - Ordinacija dentalne medicine Suboti\u0107<\/title>\n<meta name=\"description\" content=\"Tim dentalne medicine Suboti\u0107 danas broji pet \u010dlanova. Prepustite se u ruke stru\u010dnog, uvijek nasmijanog i ljubaznog osoblja. Upoznajte nas!\" \/>\n<meta name=\"robots\" content=\"index, follow, max-snippet:-1, max-image-preview:large, max-video-preview:-1\" \/>\n<link rel=\"canonical\" href=\"https:\/\/stomatologija-pula.com\/nas-tim\/\" \/>\n<meta property=\"og:locale\" content=\"it_IT\" \/>\n<meta property=\"og:type\" content=\"article\" \/>\n<meta property=\"og:title\" content=\"[:hr]Na\u0161 tim[:en]Our team[:it]Ci presentiamo[:] - Ordinacija dentalne medicine Suboti\u0107\" \/>\n<meta property=\"og:description\" content=\"Tim dentalne medicine Suboti\u0107 danas broji pet \u010dlanova. Prepustite se u ruke stru\u010dnog, uvijek nasmijanog i ljubaznog osoblja. Upoznajte nas!\" \/>\n<meta property=\"og:url\" content=\"https:\/\/stomatologija-pula.com\/nas-tim\/\" \/>\n<meta property=\"og:site_name\" content=\"Ordinacija dentalne medicine Suboti\u0107\" \/>\n<meta property=\"article:modified_time\" content=\"2024-10-01T08:06:16+00:00\" \/>\n<meta name=\"twitter:card\" content=\"summary_large_image\" \/>\n<meta name=\"twitter:label1\" content=\"Tempo di lettura stimato\" \/>\n\t<meta name=\"twitter:data1\" content=\"4 minuti\" \/>\n<script type=\"application\/ld+json\" class=\"yoast-schema-graph\">{\"@context\":\"https:\/\/schema.org\",\"@graph\":[{\"@type\":\"WebPage\",\"@id\":\"https:\/\/stomatologija-pula.com\/nas-tim\/\",\"url\":\"https:\/\/stomatologija-pula.com\/nas-tim\/\",\"name\":\"[:hr]Na\u0161 tim[:en]Our team[:it]Ci presentiamo[:] - Ordinacija dentalne medicine Suboti\u0107\",\"isPartOf\":{\"@id\":\"https:\/\/stomatologija-pula.com\/en\/#website\"},\"datePublished\":\"2018-10-24T11:55:48+00:00\",\"dateModified\":\"2024-10-01T08:06:16+00:00\",\"description\":\"Tim dentalne medicine Suboti\u0107 danas broji pet \u010dlanova. Prepustite se u ruke stru\u010dnog, uvijek nasmijanog i ljubaznog osoblja. Upoznajte nas!\",\"breadcrumb\":{\"@id\":\"https:\/\/stomatologija-pula.com\/nas-tim\/#breadcrumb\"},\"inLanguage\":\"it-IT\",\"potentialAction\":[{\"@type\":\"ReadAction\",\"target\":[\"https:\/\/stomatologija-pula.com\/nas-tim\/\"]}]},{\"@type\":\"BreadcrumbList\",\"@id\":\"https:\/\/stomatologija-pula.com\/nas-tim\/#breadcrumb\",\"itemListElement\":[{\"@type\":\"ListItem\",\"position\":1,\"name\":\"Home\",\"item\":\"https:\/\/stomatologija-pula.com\/\"},{\"@type\":\"ListItem\",\"position\":2,\"name\":\"Our team\"}]},{\"@type\":\"WebSite\",\"@id\":\"https:\/\/stomatologija-pula.com\/en\/#website\",\"url\":\"https:\/\/stomatologija-pula.com\/en\/\",\"name\":\"Ordinacija dentalne medicine Suboti\u0107\",\"description\":\"Studio dentistico dr. Suboti\u0107\",\"potentialAction\":[{\"@type\":\"SearchAction\",\"target\":{\"@type\":\"EntryPoint\",\"urlTemplate\":\"https:\/\/stomatologija-pula.com\/en\/?s={search_term_string}\"},\"query-input\":{\"@type\":\"PropertyValueSpecification\",\"valueRequired\":true,\"valueName\":\"search_term_string\"}}],\"inLanguage\":\"it-IT\"}]}<\/script>\n<!-- \/ Yoast SEO plugin. -->","yoast_head_json":{"title":"[:hr]Na\u0161 tim[:en]Our team[:it]Ci presentiamo[:] - Ordinacija dentalne medicine Suboti\u0107","description":"Tim dentalne medicine Suboti\u0107 danas broji pet \u010dlanova. Prepustite se u ruke stru\u010dnog, uvijek nasmijanog i ljubaznog osoblja. Upoznajte nas!","robots":{"index":"index","follow":"follow","max-snippet":"max-snippet:-1","max-image-preview":"max-image-preview:large","max-video-preview":"max-video-preview:-1"},"canonical":"https:\/\/stomatologija-pula.com\/nas-tim\/","og_locale":"it_IT","og_type":"article","og_title":"[:hr]Na\u0161 tim[:en]Our team[:it]Ci presentiamo[:] - Ordinacija dentalne medicine Suboti\u0107","og_description":"Tim dentalne medicine Suboti\u0107 danas broji pet \u010dlanova. Prepustite se u ruke stru\u010dnog, uvijek nasmijanog i ljubaznog osoblja. Upoznajte nas!","og_url":"https:\/\/stomatologija-pula.com\/nas-tim\/","og_site_name":"Ordinacija dentalne medicine Suboti\u0107","article_modified_time":"2024-10-01T08:06:16+00:00","twitter_card":"summary_large_image","twitter_misc":{"Tempo di lettura stimato":"4 minuti"},"schema":{"@context":"https:\/\/schema.org","@graph":[{"@type":"WebPage","@id":"https:\/\/stomatologija-pula.com\/nas-tim\/","url":"https:\/\/stomatologija-pula.com\/nas-tim\/","name":"[:hr]Na\u0161 tim[:en]Our team[:it]Ci presentiamo[:] - Ordinacija dentalne medicine Suboti\u0107","isPartOf":{"@id":"https:\/\/stomatologija-pula.com\/en\/#website"},"datePublished":"2018-10-24T11:55:48+00:00","dateModified":"2024-10-01T08:06:16+00:00","description":"Tim dentalne medicine Suboti\u0107 danas broji pet \u010dlanova. Prepustite se u ruke stru\u010dnog, uvijek nasmijanog i ljubaznog osoblja. Upoznajte nas!","breadcrumb":{"@id":"https:\/\/stomatologija-pula.com\/nas-tim\/#breadcrumb"},"inLanguage":"it-IT","potentialAction":[{"@type":"ReadAction","target":["https:\/\/stomatologija-pula.com\/nas-tim\/"]}]},{"@type":"BreadcrumbList","@id":"https:\/\/stomatologija-pula.com\/nas-tim\/#breadcrumb","itemListElement":[{"@type":"ListItem","position":1,"name":"Home","item":"https:\/\/stomatologija-pula.com\/"},{"@type":"ListItem","position":2,"name":"Our team"}]},{"@type":"WebSite","@id":"https:\/\/stomatologija-pula.com\/en\/#website","url":"https:\/\/stomatologija-pula.com\/en\/","name":"Ordinacija dentalne medicine Suboti\u0107","description":"Studio dentistico dr. Suboti\u0107","potentialAction":[{"@type":"SearchAction","target":{"@type":"EntryPoint","urlTemplate":"https:\/\/stomatologija-pula.com\/en\/?s={search_term_string}"},"query-input":{"@type":"PropertyValueSpecification","valueRequired":true,"valueName":"search_term_string"}}],"inLanguage":"it-IT"}]}},"_links":{"self":[{"href":"https:\/\/stomatologija-pula.com\/it\/wp-json\/wp\/v2\/pages\/1263","targetHints":{"allow":["GET"]}}],"collection":[{"href":"https:\/\/stomatologija-pula.com\/it\/wp-json\/wp\/v2\/pages"}],"about":[{"href":"https:\/\/stomatologija-pula.com\/it\/wp-json\/wp\/v2\/types\/page"}],"author":[{"embeddable":true,"href":"https:\/\/stomatologija-pula.com\/it\/wp-json\/wp\/v2\/users\/2"}],"replies":[{"embeddable":true,"href":"https:\/\/stomatologija-pula.com\/it\/wp-json\/wp\/v2\/comments?post=1263"}],"version-history":[{"count":5,"href":"https:\/\/stomatologija-pula.com\/it\/wp-json\/wp\/v2\/pages\/1263\/revisions"}],"predecessor-version":[{"id":1861,"href":"https:\/\/stomatologija-pula.com\/it\/wp-json\/wp\/v2\/pages\/1263\/revisions\/1861"}],"wp:attachment":[{"href":"https:\/\/stomatologija-pula.com\/it\/wp-json\/wp\/v2\/media?parent=1263"}],"curies":[{"name":"wp","href":"https:\/\/api.w.org\/{rel}","templated":true}]}}