{"id":1190,"date":"2018-10-23T11:46:12","date_gmt":"2018-10-23T11:46:12","guid":{"rendered":"https:\/\/stomatologija-pula.com\/?page_id=1190"},"modified":"2023-08-30T13:50:35","modified_gmt":"2023-08-30T13:50:35","slug":"galerija","status":"publish","type":"page","link":"https:\/\/stomatologija-pula.com\/it\/galerija\/","title":{"rendered":"Galleria"},"content":{"rendered":"<div class=\"wpb-content-wrapper\"><p><\/p>\n<p>[vc_row type=&#8221;vc_default&#8221; full_width=&#8221;stretch_row&#8221; seperator_enable=&#8221;seperator_enable_value&#8221; seperator_type=&#8221;triangle_svg_seperator&#8221; seperator_position=&#8221;bottom_seperator&#8221; seperator_svg_height=&#8221;30&#8243; seperator_shape_background=&#8221;#ffffff&#8221; css=&#8221;.vc_custom_1540295540028{padding-top: 100px !important;}&#8221;][vc_column width=&#8221;1\/6&#8243;][\/vc_column][vc_column width=&#8221;2\/3&#8243;]<div id=\"ultimate-heading-167769ed3d75a74df\" class=\"uvc-heading ult-adjust-bottom-margin ultimate-heading-167769ed3d75a74df uvc-1676 \" data-hspacer=\"icon_only\"  data-halign=\"center\" style=\"text-align:center\"><div class=\"uvc-main-heading ult-responsive\"  data-ultimate-target='.uvc-heading.ultimate-heading-167769ed3d75a74df h5'  data-responsive-json-new='{\"font-size\":\"desktop:37px;\",\"line-height\":\"desktop:40px;\"}' ><h5 style=\"font-family:&#039;Poppins&#039;;font-weight:300;color:#2f2f2f;margin-bottom:30px;\">Galleria<\/h5><\/div><div class=\"uvc-sub-heading ult-responsive\"  data-ultimate-target='.uvc-heading.ultimate-heading-167769ed3d75a74df .uvc-sub-heading '  data-responsive-json-new='{\"font-size\":\"desktop:15px;\",\"line-height\":\"desktop:28px;\"}'  style=\"font-weight:normal;color:#787d85;margin-bottom:20px;\"><\/p>\n<p style=\"text-align: center;\">La nostra equipe di medici odontoiatri \u00e8 composta da quattro medici dentisti, il dott. Milenko Suboti\u0107, dottor Luka Mirkovi\u0107, dall&#8217;infermiera e assistente alla poltrona Ivana Ladislovi\u0107 e Snje\u017eana Suboti\u0107 mag iur. responsabile degli affari amministrativi. Dai un&#8217;occhiata alla gallery e impara a conoscere il nostro ambiente lavorativo quotidiano.<\/p>\n<p><\/div><div class=\"uvc-heading-spacer icon_only\" style=\"top\"><div class=\"ult-just-icon-wrapper  \"><div class=\"align-icon\" style=\"text-align:center;\">\n<div class=\"aio-icon none \"  style=\"color:#00b4ce;font-size:38px;display:inline-block;\">\n\t<i class=\"Defaults-sort-desc sort-down\"><\/i>\n<\/div><\/div><\/div><\/div><\/div>[\/vc_column][vc_column width=&#8221;1\/6&#8243;][\/vc_column][\/vc_row][vc_row type=&#8221;vc_default&#8221; full_width=&#8221;stretch_row_content_no_spaces&#8221; gap=&#8221;20&#8243; bg_type=&#8221;bg_color&#8221; seperator_enable=&#8221;seperator_enable_value&#8221; seperator_type=&#8221;triangle_svg_seperator&#8221; seperator_svg_height=&#8221;30&#8243; seperator_shape_background=&#8221;#ffffff&#8221; bg_color_value=&#8221;#f4f4f4&#8243; css=&#8221;.vc_custom_1540815278316{padding-top: 30px !important;padding-bottom: 80px !important;}&#8221;][vc_column][vc_masonry_media_grid element_width=&#8221;3&#8243; gap=&#8221;4&#8243; grid_id=&#8221;vc_gid:1693403425685-9a485f30-e349-3&#8243; include=&#8221;1708,1723,1722,1720,1719,1718,1717,1716,1715,1714,1725,1713,1712,1711,1710,1709&#8243;][\/vc_column][\/vc_row]<\/p>\n<p><\/p>\n<\/div>","protected":false},"excerpt":{"rendered":"<p>[vc_row type=&#8221;vc_default&#8221; full_width=&#8221;stretch_row&#8221; seperator_enable=&#8221;seperator_enable_value&#8221; seperator_type=&#8221;triangle_svg_seperator&#8221; seperator_position=&#8221;bottom_seperator&#8221; seperator_svg_height=&#8221;30&#8243; seperator_shape_background=&#8221;#ffffff&#8221; css=&#8221;.vc_custom_1540295540028{padding-top: 100px !important;}&#8221;][vc_column width=&#8221;1\/6&#8243;][\/vc_column][vc_column width=&#8221;2\/3&#8243;][\/vc_column][vc_column width=&#8221;1\/6&#8243;][\/vc_column][\/vc_row][vc_row type=&#8221;vc_default&#8221; full_width=&#8221;stretch_row_content_no_spaces&#8221; gap=&#8221;20&#8243; bg_type=&#8221;bg_color&#8221; seperator_enable=&#8221;seperator_enable_value&#8221; seperator_type=&#8221;triangle_svg_seperator&#8221; seperator_svg_height=&#8221;30&#8243; seperator_shape_background=&#8221;#ffffff&#8221; bg_color_value=&#8221;#f4f4f4&#8243; css=&#8221;.vc_custom_1540815278316{padding-top: 30px !important;padding-bottom: 80px !important;}&#8221;][vc_column][vc_masonry_media_grid element_width=&#8221;3&#8243; gap=&#8221;4&#8243; grid_id=&#8221;vc_gid:1693403425685-9a485f30-e349-3&#8243; include=&#8221;1708,1723,1722,1720,1719,1718,1717,1716,1715,1714,1725,1713,1712,1711,1710,1709&#8243;][\/vc_column][\/vc_row]<\/p>\n","protected":false},"author":2,"featured_media":0,"parent":0,"menu_order":0,"comment_status":"closed","ping_status":"open","template":"template-microsite.php","meta":{"footnotes":""},"class_list":["post-1190","page","type-page","status-publish","hentry","description-off"],"yoast_head":"<!-- This site is optimized with the Yoast SEO plugin v26.0 - https:\/\/yoast.com\/wordpress\/plugins\/seo\/ -->\n<title>Galleria - Ordinacija dentalne medicine Suboti\u0107<\/title>\n<meta name=\"description\" content=\"Zavirite u galeriju i upoznajte na\u0161e svakodnevno radno okru\u017eenje te na\u0161e stru\u010dno, ljubazno i uvijek nasmijano osoblje. Upoznajte nas!\" \/>\n<meta name=\"robots\" content=\"index, follow, max-snippet:-1, max-image-preview:large, max-video-preview:-1\" \/>\n<link rel=\"canonical\" href=\"https:\/\/stomatologija-pula.com\/galerija\/\" \/>\n<meta property=\"og:locale\" content=\"it_IT\" \/>\n<meta property=\"og:type\" content=\"article\" \/>\n<meta property=\"og:title\" content=\"[:hr]Galerija[:en]Photo gallery[:it]Galleria[:] - Ordinacija dentalne medicine Suboti\u0107\" \/>\n<meta property=\"og:description\" content=\"Zavirite u galeriju i upoznajte na\u0161e svakodnevno radno okru\u017eenje te na\u0161e stru\u010dno, ljubazno i uvijek nasmijano osoblje. Upoznajte nas!\" \/>\n<meta property=\"og:url\" content=\"https:\/\/stomatologija-pula.com\/galerija\/\" \/>\n<meta property=\"og:site_name\" content=\"Ordinacija dentalne medicine Suboti\u0107\" \/>\n<meta property=\"article:modified_time\" content=\"2023-08-30T13:50:35+00:00\" \/>\n<meta name=\"twitter:card\" content=\"summary_large_image\" \/>\n<meta name=\"twitter:label1\" content=\"Tempo di lettura stimato\" \/>\n\t<meta name=\"twitter:data1\" content=\"2 minuti\" \/>\n<script type=\"application\/ld+json\" class=\"yoast-schema-graph\">{\"@context\":\"https:\/\/schema.org\",\"@graph\":[{\"@type\":\"WebPage\",\"@id\":\"https:\/\/stomatologija-pula.com\/galerija\/\",\"url\":\"https:\/\/stomatologija-pula.com\/galerija\/\",\"name\":\"[:hr]Galerija[:en]Photo gallery[:it]Galleria[:] - Ordinacija dentalne medicine Suboti\u0107\",\"isPartOf\":{\"@id\":\"https:\/\/stomatologija-pula.com\/en\/#website\"},\"datePublished\":\"2018-10-23T11:46:12+00:00\",\"dateModified\":\"2023-08-30T13:50:35+00:00\",\"description\":\"Zavirite u galeriju i upoznajte na\u0161e svakodnevno radno okru\u017eenje te na\u0161e stru\u010dno, ljubazno i uvijek nasmijano osoblje. Upoznajte nas!\",\"breadcrumb\":{\"@id\":\"https:\/\/stomatologija-pula.com\/galerija\/#breadcrumb\"},\"inLanguage\":\"it-IT\",\"potentialAction\":[{\"@type\":\"ReadAction\",\"target\":[\"https:\/\/stomatologija-pula.com\/galerija\/\"]}]},{\"@type\":\"BreadcrumbList\",\"@id\":\"https:\/\/stomatologija-pula.com\/galerija\/#breadcrumb\",\"itemListElement\":[{\"@type\":\"ListItem\",\"position\":1,\"name\":\"Home\",\"item\":\"https:\/\/stomatologija-pula.com\/\"},{\"@type\":\"ListItem\",\"position\":2,\"name\":\"Photo gallery\"}]},{\"@type\":\"WebSite\",\"@id\":\"https:\/\/stomatologija-pula.com\/en\/#website\",\"url\":\"https:\/\/stomatologija-pula.com\/en\/\",\"name\":\"Ordinacija dentalne medicine Suboti\u0107\",\"description\":\"Studio dentistico dr. Suboti\u0107\",\"potentialAction\":[{\"@type\":\"SearchAction\",\"target\":{\"@type\":\"EntryPoint\",\"urlTemplate\":\"https:\/\/stomatologija-pula.com\/en\/?s={search_term_string}\"},\"query-input\":{\"@type\":\"PropertyValueSpecification\",\"valueRequired\":true,\"valueName\":\"search_term_string\"}}],\"inLanguage\":\"it-IT\"}]}<\/script>\n<!-- \/ Yoast SEO plugin. -->","yoast_head_json":{"title":"[:hr]Galerija[:en]Photo gallery[:it]Galleria[:] - Ordinacija dentalne medicine Suboti\u0107","description":"Zavirite u galeriju i upoznajte na\u0161e svakodnevno radno okru\u017eenje te na\u0161e stru\u010dno, ljubazno i uvijek nasmijano osoblje. Upoznajte nas!","robots":{"index":"index","follow":"follow","max-snippet":"max-snippet:-1","max-image-preview":"max-image-preview:large","max-video-preview":"max-video-preview:-1"},"canonical":"https:\/\/stomatologija-pula.com\/galerija\/","og_locale":"it_IT","og_type":"article","og_title":"[:hr]Galerija[:en]Photo gallery[:it]Galleria[:] - Ordinacija dentalne medicine Suboti\u0107","og_description":"Zavirite u galeriju i upoznajte na\u0161e svakodnevno radno okru\u017eenje te na\u0161e stru\u010dno, ljubazno i uvijek nasmijano osoblje. Upoznajte nas!","og_url":"https:\/\/stomatologija-pula.com\/galerija\/","og_site_name":"Ordinacija dentalne medicine Suboti\u0107","article_modified_time":"2023-08-30T13:50:35+00:00","twitter_card":"summary_large_image","twitter_misc":{"Tempo di lettura stimato":"2 minuti"},"schema":{"@context":"https:\/\/schema.org","@graph":[{"@type":"WebPage","@id":"https:\/\/stomatologija-pula.com\/galerija\/","url":"https:\/\/stomatologija-pula.com\/galerija\/","name":"[:hr]Galerija[:en]Photo gallery[:it]Galleria[:] - Ordinacija dentalne medicine Suboti\u0107","isPartOf":{"@id":"https:\/\/stomatologija-pula.com\/en\/#website"},"datePublished":"2018-10-23T11:46:12+00:00","dateModified":"2023-08-30T13:50:35+00:00","description":"Zavirite u galeriju i upoznajte na\u0161e svakodnevno radno okru\u017eenje te na\u0161e stru\u010dno, ljubazno i uvijek nasmijano osoblje. Upoznajte nas!","breadcrumb":{"@id":"https:\/\/stomatologija-pula.com\/galerija\/#breadcrumb"},"inLanguage":"it-IT","potentialAction":[{"@type":"ReadAction","target":["https:\/\/stomatologija-pula.com\/galerija\/"]}]},{"@type":"BreadcrumbList","@id":"https:\/\/stomatologija-pula.com\/galerija\/#breadcrumb","itemListElement":[{"@type":"ListItem","position":1,"name":"Home","item":"https:\/\/stomatologija-pula.com\/"},{"@type":"ListItem","position":2,"name":"Photo gallery"}]},{"@type":"WebSite","@id":"https:\/\/stomatologija-pula.com\/en\/#website","url":"https:\/\/stomatologija-pula.com\/en\/","name":"Ordinacija dentalne medicine Suboti\u0107","description":"Studio dentistico dr. Suboti\u0107","potentialAction":[{"@type":"SearchAction","target":{"@type":"EntryPoint","urlTemplate":"https:\/\/stomatologija-pula.com\/en\/?s={search_term_string}"},"query-input":{"@type":"PropertyValueSpecification","valueRequired":true,"valueName":"search_term_string"}}],"inLanguage":"it-IT"}]}},"_links":{"self":[{"href":"https:\/\/stomatologija-pula.com\/it\/wp-json\/wp\/v2\/pages\/1190","targetHints":{"allow":["GET"]}}],"collection":[{"href":"https:\/\/stomatologija-pula.com\/it\/wp-json\/wp\/v2\/pages"}],"about":[{"href":"https:\/\/stomatologija-pula.com\/it\/wp-json\/wp\/v2\/types\/page"}],"author":[{"embeddable":true,"href":"https:\/\/stomatologija-pula.com\/it\/wp-json\/wp\/v2\/users\/2"}],"replies":[{"embeddable":true,"href":"https:\/\/stomatologija-pula.com\/it\/wp-json\/wp\/v2\/comments?post=1190"}],"version-history":[{"count":5,"href":"https:\/\/stomatologija-pula.com\/it\/wp-json\/wp\/v2\/pages\/1190\/revisions"}],"predecessor-version":[{"id":1727,"href":"https:\/\/stomatologija-pula.com\/it\/wp-json\/wp\/v2\/pages\/1190\/revisions\/1727"}],"wp:attachment":[{"href":"https:\/\/stomatologija-pula.com\/it\/wp-json\/wp\/v2\/media?parent=1190"}],"curies":[{"name":"wp","href":"https:\/\/api.w.org\/{rel}","templated":true}]}}