{"id":1166,"date":"2018-10-23T10:39:13","date_gmt":"2018-10-23T10:39:13","guid":{"rendered":"https:\/\/stomatologija-pula.com\/?page_id=1166"},"modified":"2019-06-06T14:27:03","modified_gmt":"2019-06-06T14:27:03","slug":"usluge","status":"publish","type":"page","link":"https:\/\/stomatologija-pula.com\/it\/usluge\/","title":{"rendered":"Prestazioni"},"content":{"rendered":"<div class=\"wpb-content-wrapper\"><p>[vc_row type=&#8221;vc_default&#8221; full_width=&#8221;stretch_row&#8221; seperator_enable=&#8221;seperator_enable_value&#8221; seperator_type=&#8221;triangle_svg_seperator&#8221; seperator_position=&#8221;bottom_seperator&#8221; seperator_svg_height=&#8221;30&#8243; seperator_shape_background=&#8221;#ffffff&#8221; css=&#8221;.vc_custom_1540295787876{padding-top: 100px !important;}&#8221;][vc_column width=&#8221;1\/6&#8243;][\/vc_column][vc_column width=&#8221;2\/3&#8243;]<div id=\"ultimate-heading-493169edcde2cd270\" class=\"uvc-heading ult-adjust-bottom-margin ultimate-heading-493169edcde2cd270 uvc-1362 \" data-hspacer=\"icon_only\"  data-halign=\"center\" style=\"text-align:center\"><div class=\"uvc-main-heading ult-responsive\"  data-ultimate-target='.uvc-heading.ultimate-heading-493169edcde2cd270 h5'  data-responsive-json-new='{\"font-size\":\"desktop:37px;\",\"line-height\":\"desktop:40px;\"}' ><h5 style=\"font-family:&#039;Poppins&#039;;font-weight:300;color:#2f2f2f;margin-bottom:30px;\">Le nostre prestazioni<\/h5><\/div><div class=\"uvc-sub-heading ult-responsive\"  data-ultimate-target='.uvc-heading.ultimate-heading-493169edcde2cd270 .uvc-sub-heading '  data-responsive-json-new='{\"font-size\":\"desktop:15px;\",\"line-height\":\"desktop:28px;\"}'  style=\"font-weight:normal;color:#787d85;margin-bottom:20px;\"><\/p>\n<p style=\"text-align: center;\">Siamo impegnati costantemente e da lungo tempo nell&#8217;offrire a chi ha bisogno di trattamenti odotontoiatrici, la qualit\u00e0 delle prestazioni. Interveniamo con grande esperienza nella  risoluzione di ogni problema in campo conservativo, di protesi dentale, di chirurgia orale e di odontoiatria estetica.<\/p>\n<p><\/div><div class=\"uvc-heading-spacer icon_only\" style=\"top\"><div class=\"ult-just-icon-wrapper  \"><div class=\"align-icon\" style=\"text-align:center;\">\n<div class=\"aio-icon none \"  style=\"color:#00b4ce;font-size:38px;display:inline-block;\">\n\t<i class=\"Defaults-sort-desc sort-down\"><\/i>\n<\/div><\/div><\/div><\/div><\/div>[\/vc_column][vc_column width=&#8221;1\/6&#8243;][\/vc_column][\/vc_row][vc_row type=&#8221;vc_default&#8221; full_width=&#8221;stretch_row&#8221; gap=&#8221;20&#8243; bg_type=&#8221;bg_color&#8221; seperator_enable=&#8221;seperator_enable_value&#8221; seperator_type=&#8221;triangle_svg_seperator&#8221; seperator_svg_height=&#8221;30&#8243; seperator_shape_background=&#8221;#ffffff&#8221; bg_color_value=&#8221;#f4f4f4&#8243; css=&#8221;.vc_custom_1540295297880{padding-top: 20px !important;}&#8221;][vc_column width=&#8221;1\/4&#8243;][vc_single_image image=&#8221;1172&#8243; img_size=&#8221;full&#8221; alignment=&#8221;center&#8221;]<div id=\"ultimate-heading-44169edcde2cd34c\" class=\"uvc-heading ult-adjust-bottom-margin ultimate-heading-44169edcde2cd34c uvc-9134 \" data-hspacer=\"no_spacer\"  data-halign=\"center\" style=\"text-align:center\"><div class=\"uvc-heading-spacer no_spacer\" style=\"top\"><\/div><div class=\"uvc-main-heading ult-responsive\"  data-ultimate-target='.uvc-heading.ultimate-heading-44169edcde2cd34c h5'  data-responsive-json-new='{\"font-size\":\"desktop:16px;\",\"line-height\":\"desktop:34px;\"}' ><h5 style=\"font-family:&#039;Montserrat&#039;;font-weight:500;color:#2f2f2f;margin-bottom:10px;\">Odontoiatria conservativa<\/h5><\/div><div class=\"uvc-sub-heading ult-responsive\"  data-ultimate-target='.uvc-heading.ultimate-heading-44169edcde2cd34c .uvc-sub-heading '  data-responsive-json-new='{\"font-size\":\"desktop:13px;\",\"line-height\":\"desktop:24px;\"}'  style=\"font-weight:normal;color:#787d85;\">Secondo le conoscenze scientifiche attuali le otturazioni devono essere realizzate con un materiale estetico composito a base resinosa per le sue caratteristiche di estetica, biotolleranza, adesione, durezza, resistenza ad usura ed abrasione, simile al dente naturale. In passato le otturazioni venivano realizzate in amalgama d&#8217;argento, materiale grigio contenente mercurio, un metallo potenzialmente pericoloso per l&#8217;organismo.  <\/p>\n<p><a href=\"https:\/\/stomatologija-pula.com\/usluge\/konzervativa\/\">Informazioni aggiuntive<\/a><\/div><\/div>[\/vc_column][vc_column width=&#8221;1\/4&#8243;][vc_single_image image=&#8221;1170&#8243; img_size=&#8221;full&#8221; alignment=&#8221;center&#8221;]<div id=\"ultimate-heading-587369edcde2cd3f9\" class=\"uvc-heading ult-adjust-bottom-margin ultimate-heading-587369edcde2cd3f9 uvc-8356 \" data-hspacer=\"no_spacer\"  data-halign=\"center\" style=\"text-align:center\"><div class=\"uvc-heading-spacer no_spacer\" style=\"top\"><\/div><div class=\"uvc-main-heading ult-responsive\"  data-ultimate-target='.uvc-heading.ultimate-heading-587369edcde2cd3f9 h5'  data-responsive-json-new='{\"font-size\":\"desktop:16px;\",\"line-height\":\"desktop:34px;\"}' ><h5 style=\"font-family:&#039;Montserrat&#039;;font-weight:500;color:#2f2f2f;margin-bottom:10px;\">L'Endodonzia<\/h5><\/div><div class=\"uvc-sub-heading ult-responsive\"  data-ultimate-target='.uvc-heading.ultimate-heading-587369edcde2cd3f9 .uvc-sub-heading '  data-responsive-json-new='{\"font-size\":\"desktop:13px;\",\"line-height\":\"desktop:24px;\"}'  style=\"font-weight:normal;color:#787d85;\">L\u2019Endodonzia \u00e8 la scienza medica, nell\u2019ambito dell\u2019odontoiatria, che ha per oggetto i tessuti interni del dente, le patologie e i trattamenti correlati. Quando questi tessuti o i tessuti che circondano la radice dentale si ammalano o danneggiano a causa di carie o traumi, il trattamento endodontico permette di salvare il dente. Ed \u00e8 ci\u00f2 che facciamo nel nostro centro dentistico.<\/p>\n<p><a href=\"https:\/\/stomatologija-pula.com\/usluge\/endodoncija\/\">Informazioni aggiuntive<\/a><\/div><\/div>[\/vc_column][vc_column width=&#8221;1\/4&#8243;][vc_single_image image=&#8221;1167&#8243; img_size=&#8221;full&#8221; alignment=&#8221;center&#8221;]<div id=\"ultimate-heading-512469edcde2cd4a5\" class=\"uvc-heading ult-adjust-bottom-margin ultimate-heading-512469edcde2cd4a5 uvc-8147 \" data-hspacer=\"no_spacer\"  data-halign=\"center\" style=\"text-align:center\"><div class=\"uvc-heading-spacer no_spacer\" style=\"top\"><\/div><div class=\"uvc-main-heading ult-responsive\"  data-ultimate-target='.uvc-heading.ultimate-heading-512469edcde2cd4a5 h5'  data-responsive-json-new='{\"font-size\":\"desktop:16px;\",\"line-height\":\"desktop:34px;\"}' ><h5 style=\"font-family:&#039;Montserrat&#039;;font-weight:500;color:#2f2f2f;margin-bottom:10px;\">La parodontologia<\/h5><\/div><div class=\"uvc-sub-heading ult-responsive\"  data-ultimate-target='.uvc-heading.ultimate-heading-512469edcde2cd4a5 .uvc-sub-heading '  data-responsive-json-new='{\"font-size\":\"desktop:14px;\",\"line-height\":\"desktop:24px;\"}'  style=\"font-weight:normal;color:#787d85;\">La parodontologia si occupa della prevenzione, diagnosi, terapia e mantenimento del parodonto, di cui fanno parte la gengiva, il legamento parodontale, il cemento radicolare e l\u2019osso alveolare. Il tessuto parodontale spesso \u00e8 colpito da gengiviti e parodontiti, causate dal permanere di depositi di placca batterica e tartaro a livello della superficie dentale e gengivale.<\/p>\n<p><a href=\"https:\/\/stomatologija-pula.com\/usluge\/paradontologija\/\">Informazioni aggiuntive<\/a><\/div><\/div>[\/vc_column][vc_column width=&#8221;1\/4&#8243;][vc_single_image image=&#8221;1171&#8243; img_size=&#8221;full&#8221; alignment=&#8221;center&#8221;]<div id=\"ultimate-heading-335769edcde2cd53c\" class=\"uvc-heading ult-adjust-bottom-margin ultimate-heading-335769edcde2cd53c uvc-8171 \" data-hspacer=\"no_spacer\"  data-halign=\"center\" style=\"text-align:center\"><div class=\"uvc-heading-spacer no_spacer\" style=\"top\"><\/div><div class=\"uvc-main-heading ult-responsive\"  data-ultimate-target='.uvc-heading.ultimate-heading-335769edcde2cd53c h5'  data-responsive-json-new='{\"font-size\":\"desktop:16px;\",\"line-height\":\"desktop:34px;\"}' ><h5 style=\"font-family:&#039;Montserrat&#039;;font-weight:500;color:#2f2f2f;margin-bottom:10px;\">Protesi dentale fissa e mobile<\/h5><\/div><div class=\"uvc-sub-heading ult-responsive\"  data-ultimate-target='.uvc-heading.ultimate-heading-335769edcde2cd53c .uvc-sub-heading '  data-responsive-json-new='{\"font-size\":\"desktop:14px;\",\"line-height\":\"desktop:24px;\"}'  style=\"font-weight:normal;color:#787d85;\">L\u2019odontoiatria protesica o protesi si occupa del ristabilimento e del mantenimento della funzione masticatoria ed estetica per mezzo del restauro dei denti naturali o della sostituzione dei denti mancanti.<\/p>\n<p><a href=\"https:\/\/stomatologija-pula.com\/usluge\/fiksna-i-mobilna-protetika\/\">Informazioni aggiuntive<\/a><\/div><\/div>[\/vc_column][\/vc_row][vc_row type=&#8221;vc_default&#8221; full_width=&#8221;stretch_row&#8221; gap=&#8221;20&#8243; bg_type=&#8221;bg_color&#8221; bg_color_value=&#8221;#f4f4f4&#8243;][vc_column width=&#8221;1\/4&#8243;][vc_single_image image=&#8221;1387&#8243; img_size=&#8221;full&#8221; alignment=&#8221;center&#8221;]<div id=\"ultimate-heading-980569edcde2cd5d3\" class=\"uvc-heading ult-adjust-bottom-margin ultimate-heading-980569edcde2cd5d3 uvc-6423 \" data-hspacer=\"no_spacer\"  data-halign=\"center\" style=\"text-align:center\"><div class=\"uvc-heading-spacer no_spacer\" style=\"top\"><\/div><div class=\"uvc-main-heading ult-responsive\"  data-ultimate-target='.uvc-heading.ultimate-heading-980569edcde2cd5d3 h5'  data-responsive-json-new='{\"font-size\":\"desktop:16px;\",\"line-height\":\"desktop:34px;\"}' ><h5 style=\"font-family:&#039;Montserrat&#039;;font-weight:500;color:#2f2f2f;margin-bottom:10px;\">La chirurgia orale<\/h5><\/div><div class=\"uvc-sub-heading ult-responsive\"  data-ultimate-target='.uvc-heading.ultimate-heading-980569edcde2cd5d3 .uvc-sub-heading '  data-responsive-json-new='{\"font-size\":\"desktop:14px;\",\"line-height\":\"desktop:24px;\"}'  style=\"font-weight:normal;color:#787d85;\">La chirurgia odontostomatologica o orale \u00e8 una branca della chirurgia. Include anche l\u2019implantologia e la parodontologia. Si occupa di estrazioni di denti fino a rialzi di seno mascellare.<\/p>\n<p><a href=\"https:\/\/stomatologija-pula.com\/usluge\/oralna-kirurgija\/\">Informazioni aggiuntive<\/a><\/div><\/div>[\/vc_column][vc_column width=&#8221;1\/4&#8243;][vc_single_image image=&#8221;1174&#8243; img_size=&#8221;full&#8221; alignment=&#8221;center&#8221;]<div id=\"ultimate-heading-436269edcde2cd68f\" class=\"uvc-heading ult-adjust-bottom-margin ultimate-heading-436269edcde2cd68f uvc-7505 \" data-hspacer=\"no_spacer\"  data-halign=\"center\" style=\"text-align:center\"><div class=\"uvc-heading-spacer no_spacer\" style=\"top\"><\/div><div class=\"uvc-main-heading ult-responsive\"  data-ultimate-target='.uvc-heading.ultimate-heading-436269edcde2cd68f h5'  data-responsive-json-new='{\"font-size\":\"desktop:16px;\",\"line-height\":\"desktop:34px;\"}' ><h5 style=\"font-family:&#039;Montserrat&#039;;font-weight:500;color:#2f2f2f;margin-bottom:10px;\">L'implantologia<\/h5><\/div><div class=\"uvc-sub-heading ult-responsive\"  data-ultimate-target='.uvc-heading.ultimate-heading-436269edcde2cd68f .uvc-sub-heading '  data-responsive-json-new='{\"font-size\":\"desktop:14px;\",\"line-height\":\"desktop:24px;\"}'  style=\"font-weight:normal;color:#787d85;\">L\u2019implantologia \u00e8 la branca dell\u2019odontoiatria che si occupa della sostituzione dei denti naturali mancanti mediante impianti: dispositivi in titanio altamente biocompatibili sui quali vengono inseriti i nuovi denti artificiali. Il ricorso all\u2019implantologia dentale permette una riabilitazione fissa della masticazione, evitando i fastidi legati all\u2019utilizzo di protesi mobili ottenendo un risultato estetico e funzionale conforme a quello naturale.<\/p>\n<p><a href=\"https:\/\/stomatologija-pula.com\/usluge\/implantologija\/\">Informazioni aggiuntive<\/a><\/div><\/div>[\/vc_column][vc_column width=&#8221;1\/4&#8243;][vc_single_image image=&#8221;1382&#8243; img_size=&#8221;full&#8221; alignment=&#8221;center&#8221;]<div id=\"ultimate-heading-496269edcde2cd73f\" class=\"uvc-heading ult-adjust-bottom-margin ultimate-heading-496269edcde2cd73f uvc-8110 \" data-hspacer=\"no_spacer\"  data-halign=\"center\" style=\"text-align:center\"><div class=\"uvc-heading-spacer no_spacer\" style=\"top\"><\/div><div class=\"uvc-main-heading ult-responsive\"  data-ultimate-target='.uvc-heading.ultimate-heading-496269edcde2cd73f h5'  data-responsive-json-new='{\"font-size\":\"desktop:16px;\",\"line-height\":\"desktop:34px;\"}' ><h5 style=\"font-family:&#039;Montserrat&#039;;font-weight:500;color:#2f2f2f;margin-bottom:10px;\">L'odontoiatria pediatrica<\/h5><\/div><div class=\"uvc-sub-heading ult-responsive\"  data-ultimate-target='.uvc-heading.ultimate-heading-496269edcde2cd73f .uvc-sub-heading '  data-responsive-json-new='{\"font-size\":\"desktop:14px;\",\"line-height\":\"desktop:24px;\"}'  style=\"font-weight:normal;color:#787d85;\">L\u2019odontoiatria pediatrica si occupa dei pi\u00f9 piccoli in un arco di tempo in cui ci prendiamo cura sia dei denti da latte (dentatura decidua), che non vanno assolutamente trascurati solo per la errata convinzione che \u201ctanto devono cadere\u201d, che della dentatura permanente dei nostri giovanissimi pazienti.  <\/p>\n<p><a href=\"https:\/\/stomatologija-pula.com\/usluge\/djecja-dentalna-medicina\/\">Informazioni aggiuntive<\/a><\/div><\/div>[\/vc_column][vc_column width=&#8221;1\/4&#8243;][vc_single_image image=&#8221;1385&#8243; img_size=&#8221;full&#8221; alignment=&#8221;center&#8221;]<div id=\"ultimate-heading-174469edcde2cd7f4\" class=\"uvc-heading ult-adjust-bottom-margin ultimate-heading-174469edcde2cd7f4 uvc-3115 \" data-hspacer=\"no_spacer\"  data-halign=\"center\" style=\"text-align:center\"><div class=\"uvc-heading-spacer no_spacer\" style=\"top\"><\/div><div class=\"uvc-main-heading ult-responsive\"  data-ultimate-target='.uvc-heading.ultimate-heading-174469edcde2cd7f4 h5'  data-responsive-json-new='{\"font-size\":\"desktop:16px;\",\"line-height\":\"desktop:34px;\"}' ><h5 style=\"font-family:&#039;Montserrat&#039;;font-weight:500;color:#2f2f2f;margin-bottom:10px;\">Estetica dentale<\/h5><\/div><div class=\"uvc-sub-heading ult-responsive\"  data-ultimate-target='.uvc-heading.ultimate-heading-174469edcde2cd7f4 .uvc-sub-heading '  data-responsive-json-new='{\"font-size\":\"desktop:14px;\",\"line-height\":\"desktop:24px;\"}'  style=\"font-weight:normal;color:#787d85;\">L&#8217;odontoiatria estetica o estetica dentale \u00e8 costituita da tutte quelle metodiche che sono finalizzate al miglioramento estetico del sorriso. Gli interventi pi\u00f9 frequentemente impiegati per ottenere la riabilitazione estetica del sorriso sono lo sbiancamento, l&#8217;applicazione di gioielli dentali e, da ultimo, l&#8217;utilizzo di filler con acido ialuronico.<\/p>\n<p><a href=\"https:\/\/stomatologija-pula.com\/usluge\/estetska-stomatologija\/\">Informazioni aggiuntive<\/a><\/div><\/div>[\/vc_column][\/vc_row][vc_row type=&#8221;vc_default&#8221; full_width=&#8221;stretch_row&#8221; bg_type=&#8221;bg_color&#8221; bg_color_value=&#8221;#f4f4f4&#8243; css=&#8221;.vc_custom_1540293787300{padding-top: 40px !important;padding-bottom: 110px !important;}&#8221;][vc_column]<div class=\"text-centered\"><a href=\"https:\/\/stomatologija-pula.com\/kontakt\" class=\"btn-shortcode dt-btn-l dt-btn default-btn-color default-btn-hover-color default-btn-bg-color default-btn-bg-hover-color\" id=\"dt-btn-3\"><span>PRENOTA UN APPUNTAMENTO<\/span><\/a><\/div>[\/vc_column][\/vc_row]<\/p>\n<\/div>","protected":false},"excerpt":{"rendered":"<p>[vc_row type=&#8221;vc_default&#8221; full_width=&#8221;stretch_row&#8221; seperator_enable=&#8221;seperator_enable_value&#8221; seperator_type=&#8221;triangle_svg_seperator&#8221; seperator_position=&#8221;bottom_seperator&#8221; seperator_svg_height=&#8221;30&#8243; seperator_shape_background=&#8221;#ffffff&#8221; css=&#8221;.vc_custom_1540295787876{padding-top: 100px !important;}&#8221;][vc_column width=&#8221;1\/6&#8243;][\/vc_column][vc_column width=&#8221;2\/3&#8243;][\/vc_column][vc_column width=&#8221;1\/6&#8243;][\/vc_column][\/vc_row][vc_row type=&#8221;vc_default&#8221; full_width=&#8221;stretch_row&#8221; gap=&#8221;20&#8243; bg_type=&#8221;bg_color&#8221; seperator_enable=&#8221;seperator_enable_value&#8221; seperator_type=&#8221;triangle_svg_seperator&#8221; seperator_svg_height=&#8221;30&#8243; seperator_shape_background=&#8221;#ffffff&#8221; bg_color_value=&#8221;#f4f4f4&#8243; css=&#8221;.vc_custom_1540295297880{padding-top: 20px !important;}&#8221;][vc_column width=&#8221;1\/4&#8243;][vc_single_image image=&#8221;1172&#8243; img_size=&#8221;full&#8221; alignment=&#8221;center&#8221;][\/vc_column][vc_column width=&#8221;1\/4&#8243;][vc_single_image image=&#8221;1170&#8243; img_size=&#8221;full&#8221; alignment=&#8221;center&#8221;][\/vc_column][vc_column width=&#8221;1\/4&#8243;][vc_single_image image=&#8221;1167&#8243; img_size=&#8221;full&#8221; alignment=&#8221;center&#8221;][\/vc_column][vc_column width=&#8221;1\/4&#8243;][vc_single_image image=&#8221;1171&#8243; img_size=&#8221;full&#8221; alignment=&#8221;center&#8221;][\/vc_column][\/vc_row][vc_row type=&#8221;vc_default&#8221; full_width=&#8221;stretch_row&#8221; gap=&#8221;20&#8243; bg_type=&#8221;bg_color&#8221; bg_color_value=&#8221;#f4f4f4&#8243;][vc_column width=&#8221;1\/4&#8243;][vc_single_image image=&#8221;1387&#8243; img_size=&#8221;full&#8221; alignment=&#8221;center&#8221;][\/vc_column][vc_column width=&#8221;1\/4&#8243;][vc_single_image image=&#8221;1174&#8243; img_size=&#8221;full&#8221; alignment=&#8221;center&#8221;][\/vc_column][vc_column&hellip;<\/p>\n","protected":false},"author":2,"featured_media":0,"parent":0,"menu_order":0,"comment_status":"closed","ping_status":"open","template":"template-microsite.php","meta":{"footnotes":""},"class_list":["post-1166","page","type-page","status-publish","hentry","description-off"],"yoast_head":"<!-- This site is optimized with the Yoast SEO plugin v26.0 - https:\/\/yoast.com\/wordpress\/plugins\/seo\/ -->\n<title>Stomatolo\u0161ke usluge - Ordinacija dentalne medicine Suboti\u0107<\/title>\n<meta name=\"description\" content=\"Pru\u017eamo sve vrste usluga koje se mogu ponuditi u jednoj suvremenoj dentalnoj ordinaciji, od konzervative, protetike i kirurgije do estetske stomatologije.\" \/>\n<meta name=\"robots\" content=\"index, follow, max-snippet:-1, max-image-preview:large, max-video-preview:-1\" \/>\n<link rel=\"canonical\" href=\"https:\/\/stomatologija-pula.com\/en\/usluge\/\" \/>\n<meta property=\"og:locale\" content=\"it_IT\" \/>\n<meta property=\"og:type\" content=\"article\" \/>\n<meta property=\"og:title\" content=\"Stomatolo\u0161ke usluge - Ordinacija dentalne medicine Suboti\u0107\" \/>\n<meta property=\"og:description\" content=\"Pru\u017eamo sve vrste usluga koje se mogu ponuditi u jednoj suvremenoj dentalnoj ordinaciji, od konzervative, protetike i kirurgije do estetske stomatologije.\" \/>\n<meta property=\"og:url\" content=\"https:\/\/stomatologija-pula.com\/en\/usluge\/\" \/>\n<meta property=\"og:site_name\" content=\"Ordinacija dentalne medicine Suboti\u0107\" \/>\n<meta property=\"article:modified_time\" content=\"2019-06-06T14:27:03+00:00\" \/>\n<meta name=\"twitter:card\" content=\"summary_large_image\" \/>\n<meta name=\"twitter:label1\" content=\"Tempo di lettura stimato\" \/>\n\t<meta name=\"twitter:data1\" content=\"21 minuti\" \/>\n<script type=\"application\/ld+json\" class=\"yoast-schema-graph\">{\"@context\":\"https:\/\/schema.org\",\"@graph\":[{\"@type\":\"WebPage\",\"@id\":\"https:\/\/stomatologija-pula.com\/en\/usluge\/\",\"url\":\"https:\/\/stomatologija-pula.com\/en\/usluge\/\",\"name\":\"Stomatolo\u0161ke usluge - Ordinacija dentalne medicine Suboti\u0107\",\"isPartOf\":{\"@id\":\"https:\/\/stomatologija-pula.com\/en\/#website\"},\"datePublished\":\"2018-10-23T10:39:13+00:00\",\"dateModified\":\"2019-06-06T14:27:03+00:00\",\"description\":\"Pru\u017eamo sve vrste usluga koje se mogu ponuditi u jednoj suvremenoj dentalnoj ordinaciji, od konzervative, protetike i kirurgije do estetske stomatologije.\",\"breadcrumb\":{\"@id\":\"https:\/\/stomatologija-pula.com\/en\/usluge\/#breadcrumb\"},\"inLanguage\":\"it-IT\",\"potentialAction\":[{\"@type\":\"ReadAction\",\"target\":[\"https:\/\/stomatologija-pula.com\/en\/usluge\/\"]}]},{\"@type\":\"BreadcrumbList\",\"@id\":\"https:\/\/stomatologija-pula.com\/en\/usluge\/#breadcrumb\",\"itemListElement\":[{\"@type\":\"ListItem\",\"position\":1,\"name\":\"Home\",\"item\":\"https:\/\/stomatologija-pula.com\/\"},{\"@type\":\"ListItem\",\"position\":2,\"name\":\"Services\"}]},{\"@type\":\"WebSite\",\"@id\":\"https:\/\/stomatologija-pula.com\/en\/#website\",\"url\":\"https:\/\/stomatologija-pula.com\/en\/\",\"name\":\"Ordinacija dentalne medicine Suboti\u0107\",\"description\":\"Studio dentistico dr. Suboti\u0107\",\"potentialAction\":[{\"@type\":\"SearchAction\",\"target\":{\"@type\":\"EntryPoint\",\"urlTemplate\":\"https:\/\/stomatologija-pula.com\/en\/?s={search_term_string}\"},\"query-input\":{\"@type\":\"PropertyValueSpecification\",\"valueRequired\":true,\"valueName\":\"search_term_string\"}}],\"inLanguage\":\"it-IT\"}]}<\/script>\n<!-- \/ Yoast SEO plugin. -->","yoast_head_json":{"title":"Stomatolo\u0161ke usluge - Ordinacija dentalne medicine Suboti\u0107","description":"Pru\u017eamo sve vrste usluga koje se mogu ponuditi u jednoj suvremenoj dentalnoj ordinaciji, od konzervative, protetike i kirurgije do estetske stomatologije.","robots":{"index":"index","follow":"follow","max-snippet":"max-snippet:-1","max-image-preview":"max-image-preview:large","max-video-preview":"max-video-preview:-1"},"canonical":"https:\/\/stomatologija-pula.com\/en\/usluge\/","og_locale":"it_IT","og_type":"article","og_title":"Stomatolo\u0161ke usluge - Ordinacija dentalne medicine Suboti\u0107","og_description":"Pru\u017eamo sve vrste usluga koje se mogu ponuditi u jednoj suvremenoj dentalnoj ordinaciji, od konzervative, protetike i kirurgije do estetske stomatologije.","og_url":"https:\/\/stomatologija-pula.com\/en\/usluge\/","og_site_name":"Ordinacija dentalne medicine Suboti\u0107","article_modified_time":"2019-06-06T14:27:03+00:00","twitter_card":"summary_large_image","twitter_misc":{"Tempo di lettura stimato":"21 minuti"},"schema":{"@context":"https:\/\/schema.org","@graph":[{"@type":"WebPage","@id":"https:\/\/stomatologija-pula.com\/en\/usluge\/","url":"https:\/\/stomatologija-pula.com\/en\/usluge\/","name":"Stomatolo\u0161ke usluge - Ordinacija dentalne medicine Suboti\u0107","isPartOf":{"@id":"https:\/\/stomatologija-pula.com\/en\/#website"},"datePublished":"2018-10-23T10:39:13+00:00","dateModified":"2019-06-06T14:27:03+00:00","description":"Pru\u017eamo sve vrste usluga koje se mogu ponuditi u jednoj suvremenoj dentalnoj ordinaciji, od konzervative, protetike i kirurgije do estetske stomatologije.","breadcrumb":{"@id":"https:\/\/stomatologija-pula.com\/en\/usluge\/#breadcrumb"},"inLanguage":"it-IT","potentialAction":[{"@type":"ReadAction","target":["https:\/\/stomatologija-pula.com\/en\/usluge\/"]}]},{"@type":"BreadcrumbList","@id":"https:\/\/stomatologija-pula.com\/en\/usluge\/#breadcrumb","itemListElement":[{"@type":"ListItem","position":1,"name":"Home","item":"https:\/\/stomatologija-pula.com\/"},{"@type":"ListItem","position":2,"name":"Services"}]},{"@type":"WebSite","@id":"https:\/\/stomatologija-pula.com\/en\/#website","url":"https:\/\/stomatologija-pula.com\/en\/","name":"Ordinacija dentalne medicine Suboti\u0107","description":"Studio dentistico dr. Suboti\u0107","potentialAction":[{"@type":"SearchAction","target":{"@type":"EntryPoint","urlTemplate":"https:\/\/stomatologija-pula.com\/en\/?s={search_term_string}"},"query-input":{"@type":"PropertyValueSpecification","valueRequired":true,"valueName":"search_term_string"}}],"inLanguage":"it-IT"}]}},"_links":{"self":[{"href":"https:\/\/stomatologija-pula.com\/it\/wp-json\/wp\/v2\/pages\/1166","targetHints":{"allow":["GET"]}}],"collection":[{"href":"https:\/\/stomatologija-pula.com\/it\/wp-json\/wp\/v2\/pages"}],"about":[{"href":"https:\/\/stomatologija-pula.com\/it\/wp-json\/wp\/v2\/types\/page"}],"author":[{"embeddable":true,"href":"https:\/\/stomatologija-pula.com\/it\/wp-json\/wp\/v2\/users\/2"}],"replies":[{"embeddable":true,"href":"https:\/\/stomatologija-pula.com\/it\/wp-json\/wp\/v2\/comments?post=1166"}],"version-history":[{"count":5,"href":"https:\/\/stomatologija-pula.com\/it\/wp-json\/wp\/v2\/pages\/1166\/revisions"}],"predecessor-version":[{"id":1484,"href":"https:\/\/stomatologija-pula.com\/it\/wp-json\/wp\/v2\/pages\/1166\/revisions\/1484"}],"wp:attachment":[{"href":"https:\/\/stomatologija-pula.com\/it\/wp-json\/wp\/v2\/media?parent=1166"}],"curies":[{"name":"wp","href":"https:\/\/api.w.org\/{rel}","templated":true}]}}