{"id":91,"date":"2016-06-08T00:11:00","date_gmt":"2016-06-07T23:11:00","guid":{"rendered":"http:\/\/the7.io\/psy\/?page_id=91"},"modified":"2019-06-06T14:32:30","modified_gmt":"2019-06-06T14:32:30","slug":"endodoncija","status":"publish","type":"page","link":"https:\/\/stomatologija-pula.com\/en\/usluge\/endodoncija\/","title":{"rendered":"Endodontics"},"content":{"rendered":"<div class=\"wpb-content-wrapper\"><p>[vc_row type=&#8221;vc_default&#8221; css=&#8221;.vc_custom_1540890971987{padding-top: 40px !important;padding-bottom: 40px !important;}&#8221;][vc_column width=&#8221;1\/2&#8243; css=&#8221;.vc_custom_1467303303610{padding-bottom: 20px !important;}&#8221;][vc_single_image image=&#8221;1361&#8243; img_size=&#8221;full&#8221; alignment=&#8221;center&#8221;][\/vc_column][vc_column width=&#8221;1\/2&#8243; css=&#8221;.vc_custom_1467303244842{padding-bottom: 40px !important;}&#8221;]<div id=\"ultimate-heading-85269eb7a9130e67\" class=\"uvc-heading ult-adjust-bottom-margin ultimate-heading-85269eb7a9130e67 uvc-9672 \" data-hspacer=\"no_spacer\"  data-halign=\"left\" style=\"text-align:left\"><div class=\"uvc-heading-spacer no_spacer\" style=\"top\"><\/div><div class=\"uvc-main-heading ult-responsive\"  data-ultimate-target='.uvc-heading.ultimate-heading-85269eb7a9130e67 h2'  data-responsive-json-new='{\"font-size\":\"desktop:30px;\",\"line-height\":\"desktop:40px;\"}' ><h2 style=\"font-weight:bold;margin-bottom:10px;\">Let's save the root of the tooth<\/h2><\/div><\/div>[vc_empty_space height=&#8221;24px&#8221;][vc_column_text]Our primary goal is to save the root of the tooth so that in case of loss of crown of the tooth due to caries or trauma, it can be used as a carrier for tooth upgrades, and therefore crowns. For this purpose, we use endodontic equipment specifically special titanium drill bits which enable us better root canal treatment, especially for molar canals which are curved and difficult to access.[\/vc_column_text][vc_empty_space height=&#8221;40px&#8221;]<a href=\"https:\/\/stomatologija-pula.com\/kontakt\/\" class=\"btn-shortcode dt-btn-l dt-btn default-btn-color default-btn-hover-color default-btn-bg-color default-btn-bg-hover-color\" id=\"dt-btn-3\"><span>Make an appointment<\/span><\/a>[\/vc_column][\/vc_row][vc_row type=&#8221;vc_default&#8221; bg_type=&#8221;bg_color&#8221; bg_override=&#8221;full&#8221; css=&#8221;.vc_custom_1540892929892{padding-top: 60px !important;padding-bottom: 60px !important;}&#8221; bg_color_value=&#8221;#f4f4f5&#8243;][vc_column width=&#8221;1\/2&#8243;][vc_column_text]Endodontics is a branch of dental medicine that includes prevention, diagnosis and treatment of dental pulp or tooth nerve disease.<\/p>\n<p>In our practice, we offer complete endodontics services, from prevention and modern diagnostics (classical examination, tooth extraction, additional testing) to therapy &#8211; root nerve removal, root canal length determination using endometric meter (el. device), mechanical cleaning with endodontic machine, chemical cleaning and filling of root canals.<\/p>\n<p>When the therapy is finished, appropriate tooth restoration is performed basing on the remaining amount of dental tissue &#8211; in the form of fillings, upgrades or crowns.[\/vc_column_text][vc_empty_space height=&#8221;40px&#8221;]<a href=\"https:\/\/stomatologija-pula.com\/usluge\/\" class=\"btn-shortcode dt-btn-l dt-btn default-btn-color default-btn-hover-color default-btn-bg-color default-btn-bg-hover-color\" id=\"dt-btn-4\"><span>Other services<\/span><\/a>[\/vc_column][vc_column width=&#8221;1\/2&#8243; css=&#8221;.vc_custom_1467303303610{padding-bottom: 20px !important;}&#8221;][vc_single_image image=&#8221;1362&#8243; img_size=&#8221;full&#8221; alignment=&#8221;center&#8221;][\/vc_column][\/vc_row]<\/p>\n<\/div>","protected":false},"excerpt":{"rendered":"<p>[vc_row type=&#8221;vc_default&#8221; css=&#8221;.vc_custom_1540890971987{padding-top: 40px !important;padding-bottom: 40px !important;}&#8221;][vc_column width=&#8221;1\/2&#8243; css=&#8221;.vc_custom_1467303303610{padding-bottom: 20px !important;}&#8221;][vc_single_image image=&#8221;1361&#8243; img_size=&#8221;full&#8221; alignment=&#8221;center&#8221;][\/vc_column][vc_column width=&#8221;1\/2&#8243; css=&#8221;.vc_custom_1467303244842{padding-bottom: 40px !important;}&#8221;][vc_empty_space height=&#8221;24px&#8221;][vc_column_text]Our primary goal is to save the root of the tooth so that in case of loss of crown of the tooth due to caries or trauma, it can be used as a carrier for tooth upgrades,&hellip;<\/p>\n","protected":false},"author":1,"featured_media":0,"parent":1166,"menu_order":1,"comment_status":"closed","ping_status":"closed","template":"template-microsite.php","meta":{"footnotes":""},"class_list":["post-91","page","type-page","status-publish","hentry","description-off"],"yoast_head":"<!-- This site is optimized with the Yoast SEO plugin v26.0 - https:\/\/yoast.com\/wordpress\/plugins\/seo\/ -->\n<title>Endodontics - Ordinacija dentalne medicine Suboti\u0107<\/title>\n<meta name=\"description\" content=\"Prvenstveni cilj je da sa\u010duvati korijen zuba kako bi ga u slu\u010daju gubitka krune zuba uslijed karijesa ili traume mogli iskoristiti kao nosa\u010d za nadogradnju.\" \/>\n<meta name=\"robots\" content=\"index, follow, max-snippet:-1, max-image-preview:large, max-video-preview:-1\" \/>\n<link rel=\"canonical\" href=\"https:\/\/stomatologija-pula.com\/en\/usluge\/endodoncija\/\" \/>\n<meta property=\"og:locale\" content=\"en_US\" \/>\n<meta property=\"og:type\" content=\"article\" \/>\n<meta property=\"og:title\" content=\"[:hr]Endodoncija[:en]Endodontics[:it]L&#039;Endodonzia[:] - Ordinacija dentalne medicine Suboti\u0107\" \/>\n<meta property=\"og:description\" content=\"Prvenstveni cilj je da sa\u010duvati korijen zuba kako bi ga u slu\u010daju gubitka krune zuba uslijed karijesa ili traume mogli iskoristiti kao nosa\u010d za nadogradnju.\" \/>\n<meta property=\"og:url\" content=\"https:\/\/stomatologija-pula.com\/en\/usluge\/endodoncija\/\" \/>\n<meta property=\"og:site_name\" content=\"Ordinacija dentalne medicine Suboti\u0107\" \/>\n<meta property=\"article:modified_time\" content=\"2019-06-06T14:32:30+00:00\" \/>\n<meta name=\"twitter:card\" content=\"summary_large_image\" \/>\n<meta name=\"twitter:label1\" content=\"Est. reading time\" \/>\n\t<meta name=\"twitter:data1\" content=\"6 minutes\" \/>\n<script type=\"application\/ld+json\" class=\"yoast-schema-graph\">{\"@context\":\"https:\/\/schema.org\",\"@graph\":[{\"@type\":\"WebPage\",\"@id\":\"https:\/\/stomatologija-pula.com\/en\/usluge\/endodoncija\/\",\"url\":\"https:\/\/stomatologija-pula.com\/en\/usluge\/endodoncija\/\",\"name\":\"[:hr]Endodoncija[:en]Endodontics[:it]L'Endodonzia[:] - Ordinacija dentalne medicine Suboti\u0107\",\"isPartOf\":{\"@id\":\"https:\/\/stomatologija-pula.com\/en\/#website\"},\"datePublished\":\"2016-06-07T23:11:00+00:00\",\"dateModified\":\"2019-06-06T14:32:30+00:00\",\"description\":\"Prvenstveni cilj je da sa\u010duvati korijen zuba kako bi ga u slu\u010daju gubitka krune zuba uslijed karijesa ili traume mogli iskoristiti kao nosa\u010d za nadogradnju.\",\"breadcrumb\":{\"@id\":\"https:\/\/stomatologija-pula.com\/en\/usluge\/endodoncija\/#breadcrumb\"},\"inLanguage\":\"en-US\",\"potentialAction\":[{\"@type\":\"ReadAction\",\"target\":[\"https:\/\/stomatologija-pula.com\/en\/usluge\/endodoncija\/\"]}]},{\"@type\":\"BreadcrumbList\",\"@id\":\"https:\/\/stomatologija-pula.com\/en\/usluge\/endodoncija\/#breadcrumb\",\"itemListElement\":[{\"@type\":\"ListItem\",\"position\":1,\"name\":\"Home\",\"item\":\"https:\/\/stomatologija-pula.com\/\"},{\"@type\":\"ListItem\",\"position\":2,\"name\":\"Services\",\"item\":\"https:\/\/stomatologija-pula.com\/en\/usluge\/\"},{\"@type\":\"ListItem\",\"position\":3,\"name\":\"Endodontics\"}]},{\"@type\":\"WebSite\",\"@id\":\"https:\/\/stomatologija-pula.com\/en\/#website\",\"url\":\"https:\/\/stomatologija-pula.com\/en\/\",\"name\":\"Ordinacija dentalne medicine Suboti\u0107\",\"description\":\"Studio dentistico dr. Suboti\u0107\",\"potentialAction\":[{\"@type\":\"SearchAction\",\"target\":{\"@type\":\"EntryPoint\",\"urlTemplate\":\"https:\/\/stomatologija-pula.com\/en\/?s={search_term_string}\"},\"query-input\":{\"@type\":\"PropertyValueSpecification\",\"valueRequired\":true,\"valueName\":\"search_term_string\"}}],\"inLanguage\":\"en-US\"}]}<\/script>\n<!-- \/ Yoast SEO plugin. -->","yoast_head_json":{"title":"[:hr]Endodoncija[:en]Endodontics[:it]L'Endodonzia[:] - Ordinacija dentalne medicine Suboti\u0107","description":"Prvenstveni cilj je da sa\u010duvati korijen zuba kako bi ga u slu\u010daju gubitka krune zuba uslijed karijesa ili traume mogli iskoristiti kao nosa\u010d za nadogradnju.","robots":{"index":"index","follow":"follow","max-snippet":"max-snippet:-1","max-image-preview":"max-image-preview:large","max-video-preview":"max-video-preview:-1"},"canonical":"https:\/\/stomatologija-pula.com\/en\/usluge\/endodoncija\/","og_locale":"en_US","og_type":"article","og_title":"[:hr]Endodoncija[:en]Endodontics[:it]L'Endodonzia[:] - Ordinacija dentalne medicine Suboti\u0107","og_description":"Prvenstveni cilj je da sa\u010duvati korijen zuba kako bi ga u slu\u010daju gubitka krune zuba uslijed karijesa ili traume mogli iskoristiti kao nosa\u010d za nadogradnju.","og_url":"https:\/\/stomatologija-pula.com\/en\/usluge\/endodoncija\/","og_site_name":"Ordinacija dentalne medicine Suboti\u0107","article_modified_time":"2019-06-06T14:32:30+00:00","twitter_card":"summary_large_image","twitter_misc":{"Est. reading time":"6 minutes"},"schema":{"@context":"https:\/\/schema.org","@graph":[{"@type":"WebPage","@id":"https:\/\/stomatologija-pula.com\/en\/usluge\/endodoncija\/","url":"https:\/\/stomatologija-pula.com\/en\/usluge\/endodoncija\/","name":"[:hr]Endodoncija[:en]Endodontics[:it]L'Endodonzia[:] - Ordinacija dentalne medicine Suboti\u0107","isPartOf":{"@id":"https:\/\/stomatologija-pula.com\/en\/#website"},"datePublished":"2016-06-07T23:11:00+00:00","dateModified":"2019-06-06T14:32:30+00:00","description":"Prvenstveni cilj je da sa\u010duvati korijen zuba kako bi ga u slu\u010daju gubitka krune zuba uslijed karijesa ili traume mogli iskoristiti kao nosa\u010d za nadogradnju.","breadcrumb":{"@id":"https:\/\/stomatologija-pula.com\/en\/usluge\/endodoncija\/#breadcrumb"},"inLanguage":"en-US","potentialAction":[{"@type":"ReadAction","target":["https:\/\/stomatologija-pula.com\/en\/usluge\/endodoncija\/"]}]},{"@type":"BreadcrumbList","@id":"https:\/\/stomatologija-pula.com\/en\/usluge\/endodoncija\/#breadcrumb","itemListElement":[{"@type":"ListItem","position":1,"name":"Home","item":"https:\/\/stomatologija-pula.com\/"},{"@type":"ListItem","position":2,"name":"Services","item":"https:\/\/stomatologija-pula.com\/en\/usluge\/"},{"@type":"ListItem","position":3,"name":"Endodontics"}]},{"@type":"WebSite","@id":"https:\/\/stomatologija-pula.com\/en\/#website","url":"https:\/\/stomatologija-pula.com\/en\/","name":"Ordinacija dentalne medicine Suboti\u0107","description":"Studio dentistico dr. Suboti\u0107","potentialAction":[{"@type":"SearchAction","target":{"@type":"EntryPoint","urlTemplate":"https:\/\/stomatologija-pula.com\/en\/?s={search_term_string}"},"query-input":{"@type":"PropertyValueSpecification","valueRequired":true,"valueName":"search_term_string"}}],"inLanguage":"en-US"}]}},"_links":{"self":[{"href":"https:\/\/stomatologija-pula.com\/en\/wp-json\/wp\/v2\/pages\/91","targetHints":{"allow":["GET"]}}],"collection":[{"href":"https:\/\/stomatologija-pula.com\/en\/wp-json\/wp\/v2\/pages"}],"about":[{"href":"https:\/\/stomatologija-pula.com\/en\/wp-json\/wp\/v2\/types\/page"}],"author":[{"embeddable":true,"href":"https:\/\/stomatologija-pula.com\/en\/wp-json\/wp\/v2\/users\/1"}],"replies":[{"embeddable":true,"href":"https:\/\/stomatologija-pula.com\/en\/wp-json\/wp\/v2\/comments?post=91"}],"version-history":[{"count":5,"href":"https:\/\/stomatologija-pula.com\/en\/wp-json\/wp\/v2\/pages\/91\/revisions"}],"predecessor-version":[{"id":1486,"href":"https:\/\/stomatologija-pula.com\/en\/wp-json\/wp\/v2\/pages\/91\/revisions\/1486"}],"up":[{"embeddable":true,"href":"https:\/\/stomatologija-pula.com\/en\/wp-json\/wp\/v2\/pages\/1166"}],"wp:attachment":[{"href":"https:\/\/stomatologija-pula.com\/en\/wp-json\/wp\/v2\/media?parent=91"}],"curies":[{"name":"wp","href":"https:\/\/api.w.org\/{rel}","templated":true}]}}