{"id":1419,"date":"2018-12-06T12:32:16","date_gmt":"2018-12-06T12:32:16","guid":{"rendered":"https:\/\/stomatologija-pula.com\/?page_id=1419"},"modified":"2025-09-09T07:09:21","modified_gmt":"2025-09-09T07:09:21","slug":"nacin-placanja","status":"publish","type":"page","link":"https:\/\/stomatologija-pula.com\/en\/nacin-placanja\/","title":{"rendered":"Payment methods"},"content":{"rendered":"<div class=\"wpb-content-wrapper\"><p>[vc_row type=&#8221;vc_default&#8221; full_width=&#8221;stretch_row&#8221; seperator_enable=&#8221;seperator_enable_value&#8221; seperator_type=&#8221;triangle_svg_seperator&#8221; seperator_position=&#8221;bottom_seperator&#8221; seperator_svg_height=&#8221;30&#8243; seperator_shape_background=&#8221;#ffffff&#8221; css=&#8221;.vc_custom_1540295787876{padding-top: 100px !important;}&#8221;][vc_column width=&#8221;1\/6&#8243;][\/vc_column][vc_column width=&#8221;2\/3&#8243;]<div id=\"ultimate-heading-664069eb7640252b6\" class=\"uvc-heading ult-adjust-bottom-margin ultimate-heading-664069eb7640252b6 uvc-3643 \" data-hspacer=\"icon_only\"  data-halign=\"center\" style=\"text-align:center\"><div class=\"uvc-main-heading ult-responsive\"  data-ultimate-target='.uvc-heading.ultimate-heading-664069eb7640252b6 h5'  data-responsive-json-new='{\"font-size\":\"desktop:37px;\",\"line-height\":\"desktop:40px;\"}' ><h5 style=\"font-family:&#039;Poppins&#039;;font-weight:300;color:#2f2f2f;margin-bottom:30px;\">Payment methods<\/h5><\/div><div class=\"uvc-sub-heading ult-responsive\"  data-ultimate-target='.uvc-heading.ultimate-heading-664069eb7640252b6 .uvc-sub-heading '  data-responsive-json-new='{\"font-size\":\"desktop:15px;\",\"line-height\":\"desktop:28px;\"}'  style=\"font-weight:normal;color:#787d85;margin-bottom:20px;\"><\/p>\n<p style=\"text-align: center;\">Our goal is to make our service accessible to all our patients so that everyone can afford quality and professional teeth care.We accept all credit cards and payment in installments.<\/p>\n<p><\/div><div class=\"uvc-heading-spacer icon_only\" style=\"top\"><div class=\"ult-just-icon-wrapper  \"><div class=\"align-icon\" style=\"text-align:center;\">\n<div class=\"aio-icon none \"  style=\"color:#00b4ce;font-size:38px;display:inline-block;\">\n\t<i class=\"Defaults-sort-desc sort-down\"><\/i>\n<\/div><\/div><\/div><\/div><\/div>[\/vc_column][vc_column width=&#8221;1\/6&#8243;][\/vc_column][\/vc_row][vc_row type=&#8221;vc_default&#8221; full_width=&#8221;stretch_row&#8221; gap=&#8221;20&#8243; bg_type=&#8221;bg_color&#8221; seperator_enable=&#8221;seperator_enable_value&#8221; seperator_type=&#8221;triangle_svg_seperator&#8221; seperator_svg_height=&#8221;30&#8243; seperator_shape_background=&#8221;#ffffff&#8221; bg_color_value=&#8221;#f4f4f4&#8243; css=&#8221;.vc_custom_1540295297880{padding-top: 20px !important;}&#8221;][vc_column width=&#8221;1\/3&#8243;][vc_single_image image=&#8221;1421&#8243; img_size=&#8221;full&#8221; alignment=&#8221;center&#8221;][\/vc_column][vc_column width=&#8221;2\/3&#8243;]<div id=\"ultimate-heading-458369eb76402538a\" class=\"uvc-heading ult-adjust-bottom-margin ultimate-heading-458369eb76402538a uvc-3223 \" data-hspacer=\"no_spacer\"  data-halign=\"left\" style=\"text-align:left\"><div class=\"uvc-heading-spacer no_spacer\" style=\"top\"><\/div><div class=\"uvc-main-heading ult-responsive\"  data-ultimate-target='.uvc-heading.ultimate-heading-458369eb76402538a h5'  data-responsive-json-new='{\"font-size\":\"desktop:16px;\",\"line-height\":\"desktop:34px;\"}' ><h5 style=\"font-family:&#039;Montserrat&#039;;font-weight:500;color:#2f2f2f;margin-bottom:10px;\">Payment in installments<\/h5><\/div><div class=\"uvc-sub-heading ult-responsive\"  data-ultimate-target='.uvc-heading.ultimate-heading-458369eb76402538a .uvc-sub-heading '  data-responsive-json-new='{\"font-size\":\"desktop:13px;\",\"line-height\":\"desktop:24px;\"}'  style=\"font-weight:normal;color:#787d85;\"><em>American Express up to 12 interest-free installments<br \/>\nMaster Card (ZABA) up to 24 interest-free installments<br \/>\nMaster Card (PBZ) up to 12 interest-free installments<br \/>\nVisa (PBZ) up to 12 interest-free installments<br \/>\nDiners up to 36 interest-free installments<br \/>\n<\/em><\/div><\/div>[vc_empty_space]<div id=\"ultimate-heading-52869eb76402543f\" class=\"uvc-heading ult-adjust-bottom-margin ultimate-heading-52869eb76402543f uvc-1292 \" data-hspacer=\"no_spacer\"  data-halign=\"left\" style=\"text-align:left\"><div class=\"uvc-heading-spacer no_spacer\" style=\"top\"><\/div><div class=\"uvc-main-heading ult-responsive\"  data-ultimate-target='.uvc-heading.ultimate-heading-52869eb76402543f h5'  data-responsive-json-new='{\"font-size\":\"desktop:16px;\",\"line-height\":\"desktop:34px;\"}' ><h5 style=\"font-family:&#039;Montserrat&#039;;font-weight:500;color:#2f2f2f;margin-bottom:10px;\">Loans<\/h5><\/div><div class=\"uvc-sub-heading ult-responsive\"  data-ultimate-target='.uvc-heading.ultimate-heading-52869eb76402543f .uvc-sub-heading '  data-responsive-json-new='{\"font-size\":\"desktop:13px;\",\"line-height\":\"desktop:24px;\"}'  style=\"font-weight:normal;color:#787d85;\"><em>American Express \u2013 18 to 60 installments<br \/>\nMaster Card (ZABA) \u2013 up to 36 installments<br \/>\nDiners \u2013 up to 36 installments<\/em><\/div><\/div>[vc_empty_space height=&#8221;40px&#8221;][vc_single_image image=&#8221;1420&#8243; img_size=&#8221;full&#8221;][vc_empty_space height=&#8221;40px&#8221;][\/vc_column][\/vc_row][vc_row type=&#8221;vc_default&#8221; full_width=&#8221;stretch_row&#8221; css=&#8221;.vc_custom_1544099791775{padding-top: 20px !important;padding-bottom: 50px !important;}&#8221;][vc_column]<div class=\"text-centered\"><a href=\"https:\/\/stomatologija-pula.com\/kontakt\" class=\"btn-shortcode dt-btn-l dt-btn default-btn-color default-btn-hover-color default-btn-bg-color default-btn-bg-hover-color\" id=\"dt-btn-2\"><span>CONTACT US<\/span><\/a><\/div>[\/vc_column][\/vc_row]<\/p>\n<\/div>","protected":false},"excerpt":{"rendered":"<p>[vc_row type=&#8221;vc_default&#8221; full_width=&#8221;stretch_row&#8221; seperator_enable=&#8221;seperator_enable_value&#8221; seperator_type=&#8221;triangle_svg_seperator&#8221; seperator_position=&#8221;bottom_seperator&#8221; seperator_svg_height=&#8221;30&#8243; seperator_shape_background=&#8221;#ffffff&#8221; css=&#8221;.vc_custom_1540295787876{padding-top: 100px !important;}&#8221;][vc_column width=&#8221;1\/6&#8243;][\/vc_column][vc_column width=&#8221;2\/3&#8243;][\/vc_column][vc_column width=&#8221;1\/6&#8243;][\/vc_column][\/vc_row][vc_row type=&#8221;vc_default&#8221; full_width=&#8221;stretch_row&#8221; gap=&#8221;20&#8243; bg_type=&#8221;bg_color&#8221; seperator_enable=&#8221;seperator_enable_value&#8221; seperator_type=&#8221;triangle_svg_seperator&#8221; seperator_svg_height=&#8221;30&#8243; seperator_shape_background=&#8221;#ffffff&#8221; bg_color_value=&#8221;#f4f4f4&#8243; css=&#8221;.vc_custom_1540295297880{padding-top: 20px !important;}&#8221;][vc_column width=&#8221;1\/3&#8243;][vc_single_image image=&#8221;1421&#8243; img_size=&#8221;full&#8221; alignment=&#8221;center&#8221;][\/vc_column][vc_column width=&#8221;2\/3&#8243;][vc_empty_space][vc_empty_space height=&#8221;40px&#8221;][vc_single_image image=&#8221;1420&#8243; img_size=&#8221;full&#8221;][vc_empty_space height=&#8221;40px&#8221;][\/vc_column][\/vc_row][vc_row type=&#8221;vc_default&#8221; full_width=&#8221;stretch_row&#8221; css=&#8221;.vc_custom_1544099791775{padding-top: 20px !important;padding-bottom: 50px !important;}&#8221;][vc_column][\/vc_column][\/vc_row]<\/p>\n","protected":false},"author":2,"featured_media":0,"parent":0,"menu_order":0,"comment_status":"closed","ping_status":"open","template":"template-microsite.php","meta":{"footnotes":""},"class_list":["post-1419","page","type-page","status-publish","hentry","description-off"],"yoast_head":"<!-- This site is optimized with the Yoast SEO plugin v26.0 - https:\/\/yoast.com\/wordpress\/plugins\/seo\/ -->\n<title>Payment methods - Ordinacija dentalne medicine Suboti\u0107<\/title>\n<meta name=\"description\" content=\"Pru\u017eamo sve vrste usluga koje se mogu ponuditi u jednoj suvremenoj dentalnoj ordinaciji, od konzervative, protetike i kirurgije do estetske stomatologije.\" \/>\n<meta name=\"robots\" content=\"index, follow, max-snippet:-1, max-image-preview:large, max-video-preview:-1\" \/>\n<link rel=\"canonical\" href=\"https:\/\/stomatologija-pula.com\/nacin-placanja\/\" \/>\n<meta property=\"og:locale\" content=\"en_US\" \/>\n<meta property=\"og:type\" content=\"article\" \/>\n<meta property=\"og:title\" content=\"[:hr]Na\u010din pla\u0107anja[:en]Payment methods[:it]Prezzi[:] - Ordinacija dentalne medicine Suboti\u0107\" \/>\n<meta property=\"og:description\" content=\"Pru\u017eamo sve vrste usluga koje se mogu ponuditi u jednoj suvremenoj dentalnoj ordinaciji, od konzervative, protetike i kirurgije do estetske stomatologije.\" \/>\n<meta property=\"og:url\" content=\"https:\/\/stomatologija-pula.com\/nacin-placanja\/\" \/>\n<meta property=\"og:site_name\" content=\"Ordinacija dentalne medicine Suboti\u0107\" \/>\n<meta property=\"article:modified_time\" content=\"2025-09-09T07:09:21+00:00\" \/>\n<meta name=\"twitter:card\" content=\"summary_large_image\" \/>\n<meta name=\"twitter:label1\" content=\"Est. reading time\" \/>\n\t<meta name=\"twitter:data1\" content=\"3 minutes\" \/>\n<script type=\"application\/ld+json\" class=\"yoast-schema-graph\">{\"@context\":\"https:\/\/schema.org\",\"@graph\":[{\"@type\":\"WebPage\",\"@id\":\"https:\/\/stomatologija-pula.com\/nacin-placanja\/\",\"url\":\"https:\/\/stomatologija-pula.com\/nacin-placanja\/\",\"name\":\"[:hr]Na\u010din pla\u0107anja[:en]Payment methods[:it]Prezzi[:] - Ordinacija dentalne medicine Suboti\u0107\",\"isPartOf\":{\"@id\":\"https:\/\/stomatologija-pula.com\/en\/#website\"},\"datePublished\":\"2018-12-06T12:32:16+00:00\",\"dateModified\":\"2025-09-09T07:09:21+00:00\",\"description\":\"Pru\u017eamo sve vrste usluga koje se mogu ponuditi u jednoj suvremenoj dentalnoj ordinaciji, od konzervative, protetike i kirurgije do estetske stomatologije.\",\"breadcrumb\":{\"@id\":\"https:\/\/stomatologija-pula.com\/nacin-placanja\/#breadcrumb\"},\"inLanguage\":\"en-US\",\"potentialAction\":[{\"@type\":\"ReadAction\",\"target\":[\"https:\/\/stomatologija-pula.com\/nacin-placanja\/\"]}]},{\"@type\":\"BreadcrumbList\",\"@id\":\"https:\/\/stomatologija-pula.com\/nacin-placanja\/#breadcrumb\",\"itemListElement\":[{\"@type\":\"ListItem\",\"position\":1,\"name\":\"Home\",\"item\":\"https:\/\/stomatologija-pula.com\/\"},{\"@type\":\"ListItem\",\"position\":2,\"name\":\"Payment methods\"}]},{\"@type\":\"WebSite\",\"@id\":\"https:\/\/stomatologija-pula.com\/en\/#website\",\"url\":\"https:\/\/stomatologija-pula.com\/en\/\",\"name\":\"Ordinacija dentalne medicine Suboti\u0107\",\"description\":\"Studio dentistico dr. Suboti\u0107\",\"potentialAction\":[{\"@type\":\"SearchAction\",\"target\":{\"@type\":\"EntryPoint\",\"urlTemplate\":\"https:\/\/stomatologija-pula.com\/en\/?s={search_term_string}\"},\"query-input\":{\"@type\":\"PropertyValueSpecification\",\"valueRequired\":true,\"valueName\":\"search_term_string\"}}],\"inLanguage\":\"en-US\"}]}<\/script>\n<!-- \/ Yoast SEO plugin. -->","yoast_head_json":{"title":"[:hr]Na\u010din pla\u0107anja[:en]Payment methods[:it]Prezzi[:] - Ordinacija dentalne medicine Suboti\u0107","description":"Pru\u017eamo sve vrste usluga koje se mogu ponuditi u jednoj suvremenoj dentalnoj ordinaciji, od konzervative, protetike i kirurgije do estetske stomatologije.","robots":{"index":"index","follow":"follow","max-snippet":"max-snippet:-1","max-image-preview":"max-image-preview:large","max-video-preview":"max-video-preview:-1"},"canonical":"https:\/\/stomatologija-pula.com\/nacin-placanja\/","og_locale":"en_US","og_type":"article","og_title":"[:hr]Na\u010din pla\u0107anja[:en]Payment methods[:it]Prezzi[:] - Ordinacija dentalne medicine Suboti\u0107","og_description":"Pru\u017eamo sve vrste usluga koje se mogu ponuditi u jednoj suvremenoj dentalnoj ordinaciji, od konzervative, protetike i kirurgije do estetske stomatologije.","og_url":"https:\/\/stomatologija-pula.com\/nacin-placanja\/","og_site_name":"Ordinacija dentalne medicine Suboti\u0107","article_modified_time":"2025-09-09T07:09:21+00:00","twitter_card":"summary_large_image","twitter_misc":{"Est. reading time":"3 minutes"},"schema":{"@context":"https:\/\/schema.org","@graph":[{"@type":"WebPage","@id":"https:\/\/stomatologija-pula.com\/nacin-placanja\/","url":"https:\/\/stomatologija-pula.com\/nacin-placanja\/","name":"[:hr]Na\u010din pla\u0107anja[:en]Payment methods[:it]Prezzi[:] - Ordinacija dentalne medicine Suboti\u0107","isPartOf":{"@id":"https:\/\/stomatologija-pula.com\/en\/#website"},"datePublished":"2018-12-06T12:32:16+00:00","dateModified":"2025-09-09T07:09:21+00:00","description":"Pru\u017eamo sve vrste usluga koje se mogu ponuditi u jednoj suvremenoj dentalnoj ordinaciji, od konzervative, protetike i kirurgije do estetske stomatologije.","breadcrumb":{"@id":"https:\/\/stomatologija-pula.com\/nacin-placanja\/#breadcrumb"},"inLanguage":"en-US","potentialAction":[{"@type":"ReadAction","target":["https:\/\/stomatologija-pula.com\/nacin-placanja\/"]}]},{"@type":"BreadcrumbList","@id":"https:\/\/stomatologija-pula.com\/nacin-placanja\/#breadcrumb","itemListElement":[{"@type":"ListItem","position":1,"name":"Home","item":"https:\/\/stomatologija-pula.com\/"},{"@type":"ListItem","position":2,"name":"Payment methods"}]},{"@type":"WebSite","@id":"https:\/\/stomatologija-pula.com\/en\/#website","url":"https:\/\/stomatologija-pula.com\/en\/","name":"Ordinacija dentalne medicine Suboti\u0107","description":"Studio dentistico dr. Suboti\u0107","potentialAction":[{"@type":"SearchAction","target":{"@type":"EntryPoint","urlTemplate":"https:\/\/stomatologija-pula.com\/en\/?s={search_term_string}"},"query-input":{"@type":"PropertyValueSpecification","valueRequired":true,"valueName":"search_term_string"}}],"inLanguage":"en-US"}]}},"_links":{"self":[{"href":"https:\/\/stomatologija-pula.com\/en\/wp-json\/wp\/v2\/pages\/1419","targetHints":{"allow":["GET"]}}],"collection":[{"href":"https:\/\/stomatologija-pula.com\/en\/wp-json\/wp\/v2\/pages"}],"about":[{"href":"https:\/\/stomatologija-pula.com\/en\/wp-json\/wp\/v2\/types\/page"}],"author":[{"embeddable":true,"href":"https:\/\/stomatologija-pula.com\/en\/wp-json\/wp\/v2\/users\/2"}],"replies":[{"embeddable":true,"href":"https:\/\/stomatologija-pula.com\/en\/wp-json\/wp\/v2\/comments?post=1419"}],"version-history":[{"count":5,"href":"https:\/\/stomatologija-pula.com\/en\/wp-json\/wp\/v2\/pages\/1419\/revisions"}],"predecessor-version":[{"id":1933,"href":"https:\/\/stomatologija-pula.com\/en\/wp-json\/wp\/v2\/pages\/1419\/revisions\/1933"}],"wp:attachment":[{"href":"https:\/\/stomatologija-pula.com\/en\/wp-json\/wp\/v2\/media?parent=1419"}],"curies":[{"name":"wp","href":"https:\/\/api.w.org\/{rel}","templated":true}]}}