{"id":1338,"date":"2018-11-20T13:11:42","date_gmt":"2018-11-20T13:11:42","guid":{"rendered":"https:\/\/stomatologija-pula.com\/?page_id=1338"},"modified":"2019-06-11T09:00:46","modified_gmt":"2019-06-11T09:00:46","slug":"six-month-smiles","status":"publish","type":"page","link":"https:\/\/stomatologija-pula.com\/en\/usluge\/six-month-smiles\/","title":{"rendered":"Six month smiles"},"content":{"rendered":"<div class=\"wpb-content-wrapper\"><p>[vc_row type=&#8221;vc_default&#8221; css=&#8221;.vc_custom_1540890971987{padding-top: 40px !important;padding-bottom: 40px !important;}&#8221;][vc_column width=&#8221;1\/2&#8243; css=&#8221;.vc_custom_1467303303610{padding-bottom: 20px !important;}&#8221;][vc_row_inner][vc_column_inner][vc_single_image image=&#8221;1356&#8243; img_size=&#8221;full&#8221; alignment=&#8221;center&#8221;][\/vc_column_inner][\/vc_row_inner][\/vc_column][vc_column width=&#8221;1\/2&#8243; css=&#8221;.vc_custom_1467303244842{padding-bottom: 40px !important;}&#8221;]<div id=\"ultimate-heading-774369edceb77b937\" class=\"uvc-heading ult-adjust-bottom-margin ultimate-heading-774369edceb77b937 uvc-2182 \" data-hspacer=\"no_spacer\"  data-halign=\"left\" style=\"text-align:left\"><div class=\"uvc-heading-spacer no_spacer\" style=\"top\"><\/div><div class=\"uvc-main-heading ult-responsive\"  data-ultimate-target='.uvc-heading.ultimate-heading-774369edceb77b937 h2'  data-responsive-json-new='{\"font-size\":\"desktop:30px;\",\"line-height\":\"desktop:40px;\"}' ><h2 style=\"font-weight:bold;margin-bottom:10px;\">Neka osmijeh govori umjesto Vas<\/h2><\/div><\/div>[vc_empty_space height=&#8221;24px&#8221;][vc_column_text]Six Month Smiles je ortodontska terapija za odrasle koja Vam u samo 6 mjeseci donosi osmijeh o kojem ste sanjali.\u00a0Six Month Smiles je terapija za odrasle koja kombinira ortodontske tehnike i moderne materijale, te uz pomo\u0107 inovativnih metoda posti\u017ee \u017eeljene rezultate u kratkom roku.\u00a0Bravice su prozirne, a u kombinaciji sa \u017eicom boje zubi, Va\u0161 aparati\u0107 je gotovo neprimjetan.[\/vc_column_text][vc_empty_space height=&#8221;24px&#8221;]<a href=\"https:\/\/stomatologija-pula.com\/kontakt\/\" class=\"btn-shortcode dt-btn-l dt-btn default-btn-color default-btn-hover-color default-btn-bg-color default-btn-bg-hover-color anchor-link\" id=\"dt-btn-3\"><span>Naru\u010dite se<\/span><\/a>[\/vc_column][\/vc_row][vc_row type=&#8221;vc_default&#8221; bg_type=&#8221;bg_color&#8221; bg_override=&#8221;full&#8221; css=&#8221;.vc_custom_1542719601524{padding-top: 60px !important;padding-bottom: 60px !important;}&#8221; bg_color_value=&#8221;#f4f4f5&#8243;][vc_column width=&#8221;1\/2&#8243;][vc_column_text]SMS-Six Month Smiles je ameri\u010dki sustav estetske ortodocije za odrasle. Cilj SMS-a je izravnati zube unutar samo 6 mjeseci-kratko i diskretno. Sustav se sastoji od prozirnih bravica i \u017eica u boji zuba, stoga je gotovo neprimjetan. Jedinstvenom tehnologijom i klasi\u010dnim ortodontskim tehnikama zubi se vrlo brzo, sigurno i nje\u017eno pomi\u010du u \u017eeljeni polo\u017eaj.<\/p>\n<p>Treba naravno naglasiti da postoje nepravilnosti u me\u0111u\u010deljusnim odnosima koje ova vrsta terapije ne\u0107e rije\u0161iti. One zahtjevaju dugotrajnu kompleksnu terapiju tradicionalnom ortodontskom terapijom. U na\u0161oj ordinaciji su Milenko Suboti\u0107, dr.med.dent. i Luka Mirkovi\u0107 dr.med.dent. certificirani za upotrebu Six Month Smiles sustava . Ako \u017eelite saznati jo\u0161 vi\u0161e kliknite ovdje <a href=\"https:\/\/www.6monthsmiles.com\/home\">https:\/\/www.6monthsmiles.com\/home<\/a>[\/vc_column_text][\/vc_column][vc_column width=&#8221;1\/2&#8243; css=&#8221;.vc_custom_1467303303610{padding-bottom: 20px !important;}&#8221;][vc_single_image image=&#8221;1396&#8243; img_size=&#8221;full&#8221; alignment=&#8221;center&#8221;][\/vc_column][\/vc_row][vc_row type=&#8221;vc_default&#8221; css=&#8221;.vc_custom_1542719619603{padding-top: 60px !important;padding-bottom: 40px !important;}&#8221;][vc_column width=&#8221;1\/2&#8243; css=&#8221;.vc_custom_1467303303610{padding-bottom: 20px !important;}&#8221;][vc_row_inner][vc_column_inner width=&#8221;1\/2&#8243;][vc_single_image image=&#8221;1357&#8243; img_size=&#8221;full&#8221; alignment=&#8221;center&#8221;][\/vc_column_inner][vc_column_inner width=&#8221;1\/2&#8243;][vc_single_image image=&#8221;1355&#8243; img_size=&#8221;full&#8221; alignment=&#8221;center&#8221;][\/vc_column_inner][\/vc_row_inner][\/vc_column][vc_column width=&#8221;1\/2&#8243; css=&#8221;.vc_custom_1467303244842{padding-bottom: 40px !important;}&#8221;]<div id=\"ultimate-heading-633969edceb77b9f9\" class=\"uvc-heading ult-adjust-bottom-margin ultimate-heading-633969edceb77b9f9 uvc-8851 \" data-hspacer=\"no_spacer\"  data-halign=\"left\" style=\"text-align:left\"><div class=\"uvc-heading-spacer no_spacer\" style=\"top\"><\/div><div class=\"uvc-main-heading ult-responsive\"  data-ultimate-target='.uvc-heading.ultimate-heading-633969edceb77b9f9 h2'  data-responsive-json-new='{\"font-size\":\"desktop:30px;\",\"line-height\":\"desktop:40px;\"}' ><h2 style=\"font-weight:bold;margin-bottom:10px;\">Reakcija pacijenta<\/h2><\/div><\/div>[vc_empty_space height=&#8221;24px&#8221;][vc_column_text]Osmjeh ne ko\u0161ta ni\u0161ta, ali daje mnogo. On oboga\u0107uje one koji primaju, a ne siroma\u0161ni one koji ga daju. Za osmjeh je potreban samo trenutak, ali sje\u0107anje na njega nekada traje zauvjek. Niko nije toliko bogat ili mo\u0107an da mo\u017ee bez njega i niko nije toliko siroma\u0161an da se ne mo\u017ee obogatiti od njega. Ipak, osmjeh ne mo\u017ee da se kupi, izmoli, pozajmi ili ukrade, jer je to ne\u0161to \u0161to nema vrijednost sve dok se ne pokloni. Neki ljudi su suvi\u0161e umorni da vam pru\u017ee osmjeh. Dajte im je jedan od svojih, jer nikome nije toliko potreban osmjeh kao onome koji nema vi\u0161e da ga da.<\/p>\n<p>Hvala onima koji znaju kako nekome vratiti osmjeh![\/vc_column_text][vc_empty_space height=&#8221;24px&#8221;]<a href=\"https:\/\/stomatologija-pula.com\/usluge\/\" class=\"btn-shortcode dt-btn-l dt-btn default-btn-color default-btn-hover-color default-btn-bg-color default-btn-bg-hover-color anchor-link\" id=\"dt-btn-4\"><span>Na\u0161e usluge<\/span><\/a>[\/vc_column][\/vc_row]<\/p>\n<\/div>","protected":false},"excerpt":{"rendered":"<p>[vc_row type=&#8221;vc_default&#8221; css=&#8221;.vc_custom_1540890971987{padding-top: 40px !important;padding-bottom: 40px !important;}&#8221;][vc_column width=&#8221;1\/2&#8243; css=&#8221;.vc_custom_1467303303610{padding-bottom: 20px !important;}&#8221;][vc_row_inner][vc_column_inner][vc_single_image image=&#8221;1356&#8243; img_size=&#8221;full&#8221; alignment=&#8221;center&#8221;][\/vc_column_inner][\/vc_row_inner][\/vc_column][vc_column width=&#8221;1\/2&#8243; css=&#8221;.vc_custom_1467303244842{padding-bottom: 40px !important;}&#8221;][vc_empty_space height=&#8221;24px&#8221;][vc_column_text]Six Month Smiles je ortodontska terapija za odrasle koja Vam u samo 6 mjeseci donosi osmijeh o kojem ste sanjali.\u00a0Six Month Smiles je terapija za odrasle koja kombinira ortodontske tehnike i moderne materijale, te uz pomo\u0107 inovativnih&hellip;<\/p>\n","protected":false},"author":2,"featured_media":0,"parent":1166,"menu_order":1,"comment_status":"closed","ping_status":"closed","template":"template-microsite.php","meta":{"footnotes":""},"class_list":["post-1338","page","type-page","status-publish","hentry","description-off"],"yoast_head":"<!-- This site is optimized with the Yoast SEO plugin v26.0 - https:\/\/yoast.com\/wordpress\/plugins\/seo\/ -->\n<title>Six month smiles - Ordinacija dentalne medicine Suboti\u0107<\/title>\n<meta name=\"description\" content=\"U samo 6 mjeseci mo\u017eete imati osmijeh o kojem ste sanjali uz pomo\u0107 inovativnih metoda, ortodontskih tehnike i modernih materijala. Kako? Saznajte ovdje!\" \/>\n<meta name=\"robots\" content=\"index, follow, max-snippet:-1, max-image-preview:large, max-video-preview:-1\" \/>\n<link rel=\"canonical\" href=\"https:\/\/stomatologija-pula.com\/en\/usluge\/six-month-smiles\/\" \/>\n<meta property=\"og:locale\" content=\"en_US\" \/>\n<meta property=\"og:type\" content=\"article\" \/>\n<meta property=\"og:title\" content=\"Six month smiles - Ordinacija dentalne medicine Suboti\u0107\" \/>\n<meta property=\"og:description\" content=\"U samo 6 mjeseci mo\u017eete imati osmijeh o kojem ste sanjali uz pomo\u0107 inovativnih metoda, ortodontskih tehnike i modernih materijala. Kako? Saznajte ovdje!\" \/>\n<meta property=\"og:url\" content=\"https:\/\/stomatologija-pula.com\/en\/usluge\/six-month-smiles\/\" \/>\n<meta property=\"og:site_name\" content=\"Ordinacija dentalne medicine Suboti\u0107\" \/>\n<meta property=\"article:modified_time\" content=\"2019-06-11T09:00:46+00:00\" \/>\n<meta name=\"twitter:card\" content=\"summary_large_image\" \/>\n<meta name=\"twitter:label1\" content=\"Est. reading time\" \/>\n\t<meta name=\"twitter:data1\" content=\"9 minutes\" \/>\n<script type=\"application\/ld+json\" class=\"yoast-schema-graph\">{\"@context\":\"https:\/\/schema.org\",\"@graph\":[{\"@type\":\"WebPage\",\"@id\":\"https:\/\/stomatologija-pula.com\/en\/usluge\/six-month-smiles\/\",\"url\":\"https:\/\/stomatologija-pula.com\/en\/usluge\/six-month-smiles\/\",\"name\":\"Six month smiles - Ordinacija dentalne medicine Suboti\u0107\",\"isPartOf\":{\"@id\":\"https:\/\/stomatologija-pula.com\/en\/#website\"},\"datePublished\":\"2018-11-20T13:11:42+00:00\",\"dateModified\":\"2019-06-11T09:00:46+00:00\",\"description\":\"U samo 6 mjeseci mo\u017eete imati osmijeh o kojem ste sanjali uz pomo\u0107 inovativnih metoda, ortodontskih tehnike i modernih materijala. Kako? Saznajte ovdje!\",\"breadcrumb\":{\"@id\":\"https:\/\/stomatologija-pula.com\/en\/usluge\/six-month-smiles\/#breadcrumb\"},\"inLanguage\":\"en-US\",\"potentialAction\":[{\"@type\":\"ReadAction\",\"target\":[\"https:\/\/stomatologija-pula.com\/en\/usluge\/six-month-smiles\/\"]}]},{\"@type\":\"BreadcrumbList\",\"@id\":\"https:\/\/stomatologija-pula.com\/en\/usluge\/six-month-smiles\/#breadcrumb\",\"itemListElement\":[{\"@type\":\"ListItem\",\"position\":1,\"name\":\"Home\",\"item\":\"https:\/\/stomatologija-pula.com\/\"},{\"@type\":\"ListItem\",\"position\":2,\"name\":\"Services\",\"item\":\"https:\/\/stomatologija-pula.com\/en\/usluge\/\"},{\"@type\":\"ListItem\",\"position\":3,\"name\":\"Six month smiles\"}]},{\"@type\":\"WebSite\",\"@id\":\"https:\/\/stomatologija-pula.com\/en\/#website\",\"url\":\"https:\/\/stomatologija-pula.com\/en\/\",\"name\":\"Ordinacija dentalne medicine Suboti\u0107\",\"description\":\"Studio dentistico dr. Suboti\u0107\",\"potentialAction\":[{\"@type\":\"SearchAction\",\"target\":{\"@type\":\"EntryPoint\",\"urlTemplate\":\"https:\/\/stomatologija-pula.com\/en\/?s={search_term_string}\"},\"query-input\":{\"@type\":\"PropertyValueSpecification\",\"valueRequired\":true,\"valueName\":\"search_term_string\"}}],\"inLanguage\":\"en-US\"}]}<\/script>\n<!-- \/ Yoast SEO plugin. -->","yoast_head_json":{"title":"Six month smiles - Ordinacija dentalne medicine Suboti\u0107","description":"U samo 6 mjeseci mo\u017eete imati osmijeh o kojem ste sanjali uz pomo\u0107 inovativnih metoda, ortodontskih tehnike i modernih materijala. Kako? Saznajte ovdje!","robots":{"index":"index","follow":"follow","max-snippet":"max-snippet:-1","max-image-preview":"max-image-preview:large","max-video-preview":"max-video-preview:-1"},"canonical":"https:\/\/stomatologija-pula.com\/en\/usluge\/six-month-smiles\/","og_locale":"en_US","og_type":"article","og_title":"Six month smiles - Ordinacija dentalne medicine Suboti\u0107","og_description":"U samo 6 mjeseci mo\u017eete imati osmijeh o kojem ste sanjali uz pomo\u0107 inovativnih metoda, ortodontskih tehnike i modernih materijala. Kako? Saznajte ovdje!","og_url":"https:\/\/stomatologija-pula.com\/en\/usluge\/six-month-smiles\/","og_site_name":"Ordinacija dentalne medicine Suboti\u0107","article_modified_time":"2019-06-11T09:00:46+00:00","twitter_card":"summary_large_image","twitter_misc":{"Est. reading time":"9 minutes"},"schema":{"@context":"https:\/\/schema.org","@graph":[{"@type":"WebPage","@id":"https:\/\/stomatologija-pula.com\/en\/usluge\/six-month-smiles\/","url":"https:\/\/stomatologija-pula.com\/en\/usluge\/six-month-smiles\/","name":"Six month smiles - Ordinacija dentalne medicine Suboti\u0107","isPartOf":{"@id":"https:\/\/stomatologija-pula.com\/en\/#website"},"datePublished":"2018-11-20T13:11:42+00:00","dateModified":"2019-06-11T09:00:46+00:00","description":"U samo 6 mjeseci mo\u017eete imati osmijeh o kojem ste sanjali uz pomo\u0107 inovativnih metoda, ortodontskih tehnike i modernih materijala. Kako? Saznajte ovdje!","breadcrumb":{"@id":"https:\/\/stomatologija-pula.com\/en\/usluge\/six-month-smiles\/#breadcrumb"},"inLanguage":"en-US","potentialAction":[{"@type":"ReadAction","target":["https:\/\/stomatologija-pula.com\/en\/usluge\/six-month-smiles\/"]}]},{"@type":"BreadcrumbList","@id":"https:\/\/stomatologija-pula.com\/en\/usluge\/six-month-smiles\/#breadcrumb","itemListElement":[{"@type":"ListItem","position":1,"name":"Home","item":"https:\/\/stomatologija-pula.com\/"},{"@type":"ListItem","position":2,"name":"Services","item":"https:\/\/stomatologija-pula.com\/en\/usluge\/"},{"@type":"ListItem","position":3,"name":"Six month smiles"}]},{"@type":"WebSite","@id":"https:\/\/stomatologija-pula.com\/en\/#website","url":"https:\/\/stomatologija-pula.com\/en\/","name":"Ordinacija dentalne medicine Suboti\u0107","description":"Studio dentistico dr. Suboti\u0107","potentialAction":[{"@type":"SearchAction","target":{"@type":"EntryPoint","urlTemplate":"https:\/\/stomatologija-pula.com\/en\/?s={search_term_string}"},"query-input":{"@type":"PropertyValueSpecification","valueRequired":true,"valueName":"search_term_string"}}],"inLanguage":"en-US"}]}},"_links":{"self":[{"href":"https:\/\/stomatologija-pula.com\/en\/wp-json\/wp\/v2\/pages\/1338","targetHints":{"allow":["GET"]}}],"collection":[{"href":"https:\/\/stomatologija-pula.com\/en\/wp-json\/wp\/v2\/pages"}],"about":[{"href":"https:\/\/stomatologija-pula.com\/en\/wp-json\/wp\/v2\/types\/page"}],"author":[{"embeddable":true,"href":"https:\/\/stomatologija-pula.com\/en\/wp-json\/wp\/v2\/users\/2"}],"replies":[{"embeddable":true,"href":"https:\/\/stomatologija-pula.com\/en\/wp-json\/wp\/v2\/comments?post=1338"}],"version-history":[{"count":5,"href":"https:\/\/stomatologija-pula.com\/en\/wp-json\/wp\/v2\/pages\/1338\/revisions"}],"predecessor-version":[{"id":1500,"href":"https:\/\/stomatologija-pula.com\/en\/wp-json\/wp\/v2\/pages\/1338\/revisions\/1500"}],"up":[{"embeddable":true,"href":"https:\/\/stomatologija-pula.com\/en\/wp-json\/wp\/v2\/pages\/1166"}],"wp:attachment":[{"href":"https:\/\/stomatologija-pula.com\/en\/wp-json\/wp\/v2\/media?parent=1338"}],"curies":[{"name":"wp","href":"https:\/\/api.w.org\/{rel}","templated":true}]}}