{"id":1334,"date":"2018-11-20T12:42:54","date_gmt":"2018-11-20T12:42:54","guid":{"rendered":"https:\/\/stomatologija-pula.com\/?page_id=1334"},"modified":"2023-08-30T15:02:35","modified_gmt":"2023-08-30T15:02:35","slug":"implantologija","status":"publish","type":"page","link":"https:\/\/stomatologija-pula.com\/en\/usluge\/implantologija\/","title":{"rendered":"Implantology"},"content":{"rendered":"<div class=\"wpb-content-wrapper\"><p>[vc_row type=&#8221;vc_default&#8221; css=&#8221;.vc_custom_1540890971987{padding-top: 40px !important;padding-bottom: 40px !important;}&#8221;][vc_column width=&#8221;1\/2&#8243; css=&#8221;.vc_custom_1467303303610{padding-bottom: 20px !important;}&#8221;][vc_single_image image=&#8221;1373&#8243; img_size=&#8221;full&#8221; alignment=&#8221;center&#8221;][\/vc_column][vc_column width=&#8221;1\/2&#8243; css=&#8221;.vc_custom_1467303244842{padding-bottom: 40px !important;}&#8221;]<div id=\"ultimate-heading-254369eb731938d53\" class=\"uvc-heading ult-adjust-bottom-margin ultimate-heading-254369eb731938d53 uvc-7496 \" data-hspacer=\"no_spacer\"  data-halign=\"left\" style=\"text-align:left\"><div class=\"uvc-heading-spacer no_spacer\" style=\"top\"><\/div><div class=\"uvc-main-heading ult-responsive\"  data-ultimate-target='.uvc-heading.ultimate-heading-254369eb731938d53 h2'  data-responsive-json-new='{\"font-size\":\"desktop:30px;\",\"line-height\":\"desktop:40px;\"}' ><h2 style=\"font-weight:bold;margin-bottom:10px;\">Let\u2019s solve the lack of your teeth<\/h2><\/div><\/div>[vc_empty_space height=&#8221;24px&#8221;][vc_column_text]Initially as a part of oral surgery, implantology has developed as an independent branch of dental medicine in the last 20 years, following Braenemark&#8217;s discovery of osseointegration (process in which bone and implant form a permanent bond and implant becomes part of your jaw). Based on these insights today we use titanium implants, mainly in the form of bolts or cylinders.<\/p>\n<p>Dental implantology is a branch of dental medicine that deals with quality solutions for the lack of one, several or all of the teeth by placing one or more dental implants into the upper and \/ or lower jaw. In our practice we use Nobel Biocare implants which are among the best of implants. Computer-guided implantology is currently the most modern and safest way to place the implants.<\/p>\n<div>\n<p><span lang=\"HR\">In our clinic, exclusively premium dental implants from the brands Nobel Biocare and Aadva are utilized.<\/span><\/p>\n<\/div>\n<p>[\/vc_column_text][vc_empty_space height=&#8221;40px&#8221;]<a href=\"https:\/\/stomatologija-pula.com\/kontakt\/\" class=\"btn-shortcode dt-btn-l dt-btn default-btn-color default-btn-hover-color default-btn-bg-color default-btn-bg-hover-color\" id=\"dt-btn-2\"><span>Make an appointment<\/span><\/a>[\/vc_column][\/vc_row][vc_row type=&#8221;vc_default&#8221; bg_type=&#8221;bg_color&#8221; bg_override=&#8221;full&#8221; css=&#8221;.vc_custom_1540892929892{padding-top: 60px !important;padding-bottom: 60px !important;}&#8221; bg_color_value=&#8221;#f4f4f5&#8243;][vc_column][vc_column_text]<\/p>\n<p style=\"text-align: center;\">We begin the procedure by CT (CBCT) scanning of the jaw (in our practice we use the latest Carestream 3D CT) and then transferring the three-dimensional image of the jaw to specialized software (in our case the NobelClinician) which enables precision placing of NobelBiocare implants using its special tools. After the planning process has been completed, a detailed therapy plan is passed on to a dental technician who uses it to create a surgical template using a 3D printer.<\/p>\n<p style=\"text-align: center;\">The next phase is a surgical procedure during which the surgical template is placed on the patient\u2019s jaw. The template itself is very well suited because it is made according to the patient\u2019s anatomy. Special drills and tools incorporate Nobel Biocare implants through the template, exactly at the places that are defined by the template.\u00a0All of this allows the implantation process to be performed much more precisely than in classical implantation: much safer, more predictable and faster.\u00a0In addition to the aforementioned advantages, the procedure is less invasive for the patient, allowing for shorter period of patient\u2019s recovery, and most importantly, a much better functional and aesthetic finish.<\/p>\n<p>[\/vc_column_text][\/vc_column][\/vc_row][vc_row type=&#8221;vc_default&#8221; css=&#8221;.vc_custom_1540890971987{padding-top: 40px !important;padding-bottom: 40px !important;}&#8221;][vc_column width=&#8221;1\/2&#8243; css=&#8221;.vc_custom_1467303303610{padding-bottom: 20px !important;}&#8221;][vc_single_image image=&#8221;1372&#8243; img_size=&#8221;full&#8221; alignment=&#8221;center&#8221;][\/vc_column][vc_column width=&#8221;1\/2&#8243;][vc_single_image image=&#8221;1371&#8243; img_size=&#8221;full&#8221; alignment=&#8221;center&#8221;][\/vc_column][\/vc_row]<\/p>\n<\/div>","protected":false},"excerpt":{"rendered":"<p>[vc_row type=&#8221;vc_default&#8221; css=&#8221;.vc_custom_1540890971987{padding-top: 40px !important;padding-bottom: 40px !important;}&#8221;][vc_column width=&#8221;1\/2&#8243; css=&#8221;.vc_custom_1467303303610{padding-bottom: 20px !important;}&#8221;][vc_single_image image=&#8221;1373&#8243; img_size=&#8221;full&#8221; alignment=&#8221;center&#8221;][\/vc_column][vc_column width=&#8221;1\/2&#8243; css=&#8221;.vc_custom_1467303244842{padding-bottom: 40px !important;}&#8221;][vc_empty_space height=&#8221;24px&#8221;][vc_column_text]Initially as a part of oral surgery, implantology has developed as an independent branch of dental medicine in the last 20 years, following Braenemark&#8217;s discovery of osseointegration (process in which bone and implant form a permanent bond&hellip;<\/p>\n","protected":false},"author":2,"featured_media":0,"parent":1166,"menu_order":1,"comment_status":"closed","ping_status":"closed","template":"template-microsite.php","meta":{"footnotes":""},"class_list":["post-1334","page","type-page","status-publish","hentry","description-off"],"yoast_head":"<!-- This site is optimized with the Yoast SEO plugin v26.0 - https:\/\/yoast.com\/wordpress\/plugins\/seo\/ -->\n<title>Implantology - Ordinacija dentalne medicine Suboti\u0107<\/title>\n<meta name=\"description\" content=\"Rije\u0161avamo nedostatak jednog, vi\u0161e ili svih zuba postavljanjem implantata u gornju odnosno donju \u010deljust pri \u010demu koristimo najkvalitetnijie materijale.\" \/>\n<meta name=\"robots\" content=\"index, follow, max-snippet:-1, max-image-preview:large, max-video-preview:-1\" \/>\n<link rel=\"canonical\" href=\"https:\/\/stomatologija-pula.com\/usluge\/implantologija\/\" \/>\n<meta property=\"og:locale\" content=\"en_US\" \/>\n<meta property=\"og:type\" content=\"article\" \/>\n<meta property=\"og:title\" content=\"[:hr]Implantologija[:en]Implantology[:it]L&#039;implantologia[:] - Ordinacija dentalne medicine Suboti\u0107\" \/>\n<meta property=\"og:description\" content=\"Rije\u0161avamo nedostatak jednog, vi\u0161e ili svih zuba postavljanjem implantata u gornju odnosno donju \u010deljust pri \u010demu koristimo najkvalitetnijie materijale.\" \/>\n<meta property=\"og:url\" content=\"https:\/\/stomatologija-pula.com\/usluge\/implantologija\/\" \/>\n<meta property=\"og:site_name\" content=\"Ordinacija dentalne medicine Suboti\u0107\" \/>\n<meta property=\"article:modified_time\" content=\"2023-08-30T15:02:35+00:00\" \/>\n<meta name=\"twitter:card\" content=\"summary_large_image\" \/>\n<meta name=\"twitter:label1\" content=\"Est. reading time\" \/>\n\t<meta name=\"twitter:data1\" content=\"2 minutes\" \/>\n<script type=\"application\/ld+json\" class=\"yoast-schema-graph\">{\"@context\":\"https:\/\/schema.org\",\"@graph\":[{\"@type\":\"WebPage\",\"@id\":\"https:\/\/stomatologija-pula.com\/usluge\/implantologija\/\",\"url\":\"https:\/\/stomatologija-pula.com\/usluge\/implantologija\/\",\"name\":\"[:hr]Implantologija[:en]Implantology[:it]L'implantologia[:] - Ordinacija dentalne medicine Suboti\u0107\",\"isPartOf\":{\"@id\":\"https:\/\/stomatologija-pula.com\/en\/#website\"},\"datePublished\":\"2018-11-20T12:42:54+00:00\",\"dateModified\":\"2023-08-30T15:02:35+00:00\",\"description\":\"Rije\u0161avamo nedostatak jednog, vi\u0161e ili svih zuba postavljanjem implantata u gornju odnosno donju \u010deljust pri \u010demu koristimo najkvalitetnijie materijale.\",\"breadcrumb\":{\"@id\":\"https:\/\/stomatologija-pula.com\/usluge\/implantologija\/#breadcrumb\"},\"inLanguage\":\"en-US\",\"potentialAction\":[{\"@type\":\"ReadAction\",\"target\":[\"https:\/\/stomatologija-pula.com\/usluge\/implantologija\/\"]}]},{\"@type\":\"BreadcrumbList\",\"@id\":\"https:\/\/stomatologija-pula.com\/usluge\/implantologija\/#breadcrumb\",\"itemListElement\":[{\"@type\":\"ListItem\",\"position\":1,\"name\":\"Home\",\"item\":\"https:\/\/stomatologija-pula.com\/\"},{\"@type\":\"ListItem\",\"position\":2,\"name\":\"Services\",\"item\":\"https:\/\/stomatologija-pula.com\/en\/usluge\/\"},{\"@type\":\"ListItem\",\"position\":3,\"name\":\"Implantology\"}]},{\"@type\":\"WebSite\",\"@id\":\"https:\/\/stomatologija-pula.com\/en\/#website\",\"url\":\"https:\/\/stomatologija-pula.com\/en\/\",\"name\":\"Ordinacija dentalne medicine Suboti\u0107\",\"description\":\"Studio dentistico dr. Suboti\u0107\",\"potentialAction\":[{\"@type\":\"SearchAction\",\"target\":{\"@type\":\"EntryPoint\",\"urlTemplate\":\"https:\/\/stomatologija-pula.com\/en\/?s={search_term_string}\"},\"query-input\":{\"@type\":\"PropertyValueSpecification\",\"valueRequired\":true,\"valueName\":\"search_term_string\"}}],\"inLanguage\":\"en-US\"}]}<\/script>\n<!-- \/ Yoast SEO plugin. -->","yoast_head_json":{"title":"[:hr]Implantologija[:en]Implantology[:it]L'implantologia[:] - Ordinacija dentalne medicine Suboti\u0107","description":"Rije\u0161avamo nedostatak jednog, vi\u0161e ili svih zuba postavljanjem implantata u gornju odnosno donju \u010deljust pri \u010demu koristimo najkvalitetnijie materijale.","robots":{"index":"index","follow":"follow","max-snippet":"max-snippet:-1","max-image-preview":"max-image-preview:large","max-video-preview":"max-video-preview:-1"},"canonical":"https:\/\/stomatologija-pula.com\/usluge\/implantologija\/","og_locale":"en_US","og_type":"article","og_title":"[:hr]Implantologija[:en]Implantology[:it]L'implantologia[:] - Ordinacija dentalne medicine Suboti\u0107","og_description":"Rije\u0161avamo nedostatak jednog, vi\u0161e ili svih zuba postavljanjem implantata u gornju odnosno donju \u010deljust pri \u010demu koristimo najkvalitetnijie materijale.","og_url":"https:\/\/stomatologija-pula.com\/usluge\/implantologija\/","og_site_name":"Ordinacija dentalne medicine Suboti\u0107","article_modified_time":"2023-08-30T15:02:35+00:00","twitter_card":"summary_large_image","twitter_misc":{"Est. reading time":"2 minutes"},"schema":{"@context":"https:\/\/schema.org","@graph":[{"@type":"WebPage","@id":"https:\/\/stomatologija-pula.com\/usluge\/implantologija\/","url":"https:\/\/stomatologija-pula.com\/usluge\/implantologija\/","name":"[:hr]Implantologija[:en]Implantology[:it]L'implantologia[:] - Ordinacija dentalne medicine Suboti\u0107","isPartOf":{"@id":"https:\/\/stomatologija-pula.com\/en\/#website"},"datePublished":"2018-11-20T12:42:54+00:00","dateModified":"2023-08-30T15:02:35+00:00","description":"Rije\u0161avamo nedostatak jednog, vi\u0161e ili svih zuba postavljanjem implantata u gornju odnosno donju \u010deljust pri \u010demu koristimo najkvalitetnijie materijale.","breadcrumb":{"@id":"https:\/\/stomatologija-pula.com\/usluge\/implantologija\/#breadcrumb"},"inLanguage":"en-US","potentialAction":[{"@type":"ReadAction","target":["https:\/\/stomatologija-pula.com\/usluge\/implantologija\/"]}]},{"@type":"BreadcrumbList","@id":"https:\/\/stomatologija-pula.com\/usluge\/implantologija\/#breadcrumb","itemListElement":[{"@type":"ListItem","position":1,"name":"Home","item":"https:\/\/stomatologija-pula.com\/"},{"@type":"ListItem","position":2,"name":"Services","item":"https:\/\/stomatologija-pula.com\/en\/usluge\/"},{"@type":"ListItem","position":3,"name":"Implantology"}]},{"@type":"WebSite","@id":"https:\/\/stomatologija-pula.com\/en\/#website","url":"https:\/\/stomatologija-pula.com\/en\/","name":"Ordinacija dentalne medicine Suboti\u0107","description":"Studio dentistico dr. Suboti\u0107","potentialAction":[{"@type":"SearchAction","target":{"@type":"EntryPoint","urlTemplate":"https:\/\/stomatologija-pula.com\/en\/?s={search_term_string}"},"query-input":{"@type":"PropertyValueSpecification","valueRequired":true,"valueName":"search_term_string"}}],"inLanguage":"en-US"}]}},"_links":{"self":[{"href":"https:\/\/stomatologija-pula.com\/en\/wp-json\/wp\/v2\/pages\/1334","targetHints":{"allow":["GET"]}}],"collection":[{"href":"https:\/\/stomatologija-pula.com\/en\/wp-json\/wp\/v2\/pages"}],"about":[{"href":"https:\/\/stomatologija-pula.com\/en\/wp-json\/wp\/v2\/types\/page"}],"author":[{"embeddable":true,"href":"https:\/\/stomatologija-pula.com\/en\/wp-json\/wp\/v2\/users\/2"}],"replies":[{"embeddable":true,"href":"https:\/\/stomatologija-pula.com\/en\/wp-json\/wp\/v2\/comments?post=1334"}],"version-history":[{"count":5,"href":"https:\/\/stomatologija-pula.com\/en\/wp-json\/wp\/v2\/pages\/1334\/revisions"}],"predecessor-version":[{"id":1739,"href":"https:\/\/stomatologija-pula.com\/en\/wp-json\/wp\/v2\/pages\/1334\/revisions\/1739"}],"up":[{"embeddable":true,"href":"https:\/\/stomatologija-pula.com\/en\/wp-json\/wp\/v2\/pages\/1166"}],"wp:attachment":[{"href":"https:\/\/stomatologija-pula.com\/en\/wp-json\/wp\/v2\/media?parent=1334"}],"curies":[{"name":"wp","href":"https:\/\/api.w.org\/{rel}","templated":true}]}}