{"id":1328,"date":"2018-11-20T12:35:45","date_gmt":"2018-11-20T12:35:45","guid":{"rendered":"https:\/\/stomatologija-pula.com\/?page_id=1328"},"modified":"2023-08-30T15:04:40","modified_gmt":"2023-08-30T15:04:40","slug":"djecja-dentalna-medicina","status":"publish","type":"page","link":"https:\/\/stomatologija-pula.com\/en\/usluge\/djecja-dentalna-medicina\/","title":{"rendered":"Pediatric dentistry"},"content":{"rendered":"<div class=\"wpb-content-wrapper\"><p>[vc_row type=&#8221;vc_default&#8221; css=&#8221;.vc_custom_1540890971987{padding-top: 40px !important;padding-bottom: 40px !important;}&#8221;][vc_column width=&#8221;1\/2&#8243; css=&#8221;.vc_custom_1467303303610{padding-bottom: 20px !important;}&#8221;][vc_single_image image=&#8221;1376&#8243; img_size=&#8221;full&#8221; alignment=&#8221;center&#8221;][\/vc_column][vc_column width=&#8221;1\/2&#8243; css=&#8221;.vc_custom_1467303244842{padding-bottom: 40px !important;}&#8221;]<div id=\"ultimate-heading-267569eb72f147370\" class=\"uvc-heading ult-adjust-bottom-margin ultimate-heading-267569eb72f147370 uvc-7654 \" data-hspacer=\"no_spacer\"  data-halign=\"left\" style=\"text-align:left\"><div class=\"uvc-heading-spacer no_spacer\" style=\"top\"><\/div><div class=\"uvc-main-heading ult-responsive\"  data-ultimate-target='.uvc-heading.ultimate-heading-267569eb72f147370 h2'  data-responsive-json-new='{\"font-size\":\"desktop:30px;\",\"line-height\":\"desktop:40px;\"}' ><h2 style=\"font-weight:bold;margin-bottom:10px;\">Trust is most important<\/h2><\/div><\/div>[vc_empty_space height=&#8221;24px&#8221;][vc_column_text]Pediatric dentistry is a branch of dental medicine dedicated to our little patients. It includes taking care of both deciduous(milk teeth) and permanent children\u2019s teeth.<\/p>\n<p>Our patient-focused doctor, Dr. Dubravka Greblo, approaches each of our young patients and their parents individually from their first visit to the clinic. It involves acquainting the child with the clinic and staff, gradually easing the child through play into the planned treatment. It&#8217;s essential for both the child and parents to have trust in our team.[\/vc_column_text][\/vc_column][\/vc_row][vc_row type=&#8221;vc_default&#8221; bg_type=&#8221;bg_color&#8221; bg_override=&#8221;full&#8221; css=&#8221;.vc_custom_1540892929892{padding-top: 60px !important;padding-bottom: 60px !important;}&#8221; bg_color_value=&#8221;#f4f4f5&#8243;][vc_column width=&#8221;1\/2&#8243;][vc_column_text]If the child is very young, parents are taught about proper hygiene, nutrition and the importance of dental health care. An older child is gradually prepared to work with the therapist he has previously gained trust in. Parents and children are continually educated about the importance of the care for both milk and permanent teeth.<\/p>\n<p>In our clinic, all children, as means of stimulation for further collaboration, get a deserved &#8220;Commendation for Courage&#8221; with instructions about oral hygiene, and those who are the bravest and most patient get their own toothbrush, tasty toothpaste, coloring book or \u201cdental kit\u201d.[\/vc_column_text][vc_empty_space height=&#8221;24px&#8221;]<a href=\"https:\/\/stomatologija-pula.com\/kontakt\/\" class=\"btn-shortcode dt-btn-l dt-btn default-btn-color default-btn-hover-color default-btn-bg-color default-btn-bg-hover-color anchor-link\" id=\"dt-btn-2\"><span>Make an appointment<\/span><\/a>[\/vc_column][vc_column width=&#8221;1\/2&#8243; css=&#8221;.vc_custom_1467303303610{padding-bottom: 20px !important;}&#8221;][vc_single_image image=&#8221;1375&#8243; img_size=&#8221;full&#8221; alignment=&#8221;center&#8221;][\/vc_column][\/vc_row]<\/p>\n<\/div>","protected":false},"excerpt":{"rendered":"<p>[vc_row type=&#8221;vc_default&#8221; css=&#8221;.vc_custom_1540890971987{padding-top: 40px !important;padding-bottom: 40px !important;}&#8221;][vc_column width=&#8221;1\/2&#8243; css=&#8221;.vc_custom_1467303303610{padding-bottom: 20px !important;}&#8221;][vc_single_image image=&#8221;1376&#8243; img_size=&#8221;full&#8221; alignment=&#8221;center&#8221;][\/vc_column][vc_column width=&#8221;1\/2&#8243; css=&#8221;.vc_custom_1467303244842{padding-bottom: 40px !important;}&#8221;][vc_empty_space height=&#8221;24px&#8221;][vc_column_text]Pediatric dentistry is a branch of dental medicine dedicated to our little patients. It includes taking care of both deciduous(milk teeth) and permanent children\u2019s teeth. Our patient-focused doctor, Dr. Dubravka Greblo, approaches each of our young patients&hellip;<\/p>\n","protected":false},"author":2,"featured_media":0,"parent":1166,"menu_order":1,"comment_status":"closed","ping_status":"closed","template":"template-microsite.php","meta":{"footnotes":""},"class_list":["post-1328","page","type-page","status-publish","hentry","description-off"],"yoast_head":"<!-- This site is optimized with the Yoast SEO plugin v26.0 - https:\/\/yoast.com\/wordpress\/plugins\/seo\/ -->\n<title>Pediatric dentistry - Ordinacija dentalne medicine Suboti\u0107<\/title>\n<meta name=\"description\" content=\"Dje\u010dja dentalna medicina grana je dentalne medicine koja je posve\u0107ena na\u0161im malim pacijentima. Ona obuhva\u0107a brigu i o mlije\u010dnim i o trajnim zubima.\" \/>\n<meta name=\"robots\" content=\"index, follow, max-snippet:-1, max-image-preview:large, max-video-preview:-1\" \/>\n<link rel=\"canonical\" href=\"https:\/\/stomatologija-pula.com\/usluge\/djecja-dentalna-medicina\/\" \/>\n<meta property=\"og:locale\" content=\"en_US\" \/>\n<meta property=\"og:type\" content=\"article\" \/>\n<meta property=\"og:title\" content=\"[:hr]Dje\u010dja dentalna medicina[:en]Pediatric dentistry[:it]L&#039;odontoiatria pediatrica[:] - Ordinacija dentalne medicine Suboti\u0107\" \/>\n<meta property=\"og:description\" content=\"Dje\u010dja dentalna medicina grana je dentalne medicine koja je posve\u0107ena na\u0161im malim pacijentima. Ona obuhva\u0107a brigu i o mlije\u010dnim i o trajnim zubima.\" \/>\n<meta property=\"og:url\" content=\"https:\/\/stomatologija-pula.com\/usluge\/djecja-dentalna-medicina\/\" \/>\n<meta property=\"og:site_name\" content=\"Ordinacija dentalne medicine Suboti\u0107\" \/>\n<meta property=\"article:modified_time\" content=\"2023-08-30T15:04:40+00:00\" \/>\n<meta name=\"twitter:card\" content=\"summary_large_image\" \/>\n<meta name=\"twitter:label1\" content=\"Est. reading time\" \/>\n\t<meta name=\"twitter:data1\" content=\"1 minute\" \/>\n<script type=\"application\/ld+json\" class=\"yoast-schema-graph\">{\"@context\":\"https:\/\/schema.org\",\"@graph\":[{\"@type\":\"WebPage\",\"@id\":\"https:\/\/stomatologija-pula.com\/usluge\/djecja-dentalna-medicina\/\",\"url\":\"https:\/\/stomatologija-pula.com\/usluge\/djecja-dentalna-medicina\/\",\"name\":\"[:hr]Dje\u010dja dentalna medicina[:en]Pediatric dentistry[:it]L'odontoiatria pediatrica[:] - Ordinacija dentalne medicine Suboti\u0107\",\"isPartOf\":{\"@id\":\"https:\/\/stomatologija-pula.com\/en\/#website\"},\"datePublished\":\"2018-11-20T12:35:45+00:00\",\"dateModified\":\"2023-08-30T15:04:40+00:00\",\"description\":\"Dje\u010dja dentalna medicina grana je dentalne medicine koja je posve\u0107ena na\u0161im malim pacijentima. Ona obuhva\u0107a brigu i o mlije\u010dnim i o trajnim zubima.\",\"breadcrumb\":{\"@id\":\"https:\/\/stomatologija-pula.com\/usluge\/djecja-dentalna-medicina\/#breadcrumb\"},\"inLanguage\":\"en-US\",\"potentialAction\":[{\"@type\":\"ReadAction\",\"target\":[\"https:\/\/stomatologija-pula.com\/usluge\/djecja-dentalna-medicina\/\"]}]},{\"@type\":\"BreadcrumbList\",\"@id\":\"https:\/\/stomatologija-pula.com\/usluge\/djecja-dentalna-medicina\/#breadcrumb\",\"itemListElement\":[{\"@type\":\"ListItem\",\"position\":1,\"name\":\"Home\",\"item\":\"https:\/\/stomatologija-pula.com\/\"},{\"@type\":\"ListItem\",\"position\":2,\"name\":\"Services\",\"item\":\"https:\/\/stomatologija-pula.com\/en\/usluge\/\"},{\"@type\":\"ListItem\",\"position\":3,\"name\":\"Pediatric dentistry\"}]},{\"@type\":\"WebSite\",\"@id\":\"https:\/\/stomatologija-pula.com\/en\/#website\",\"url\":\"https:\/\/stomatologija-pula.com\/en\/\",\"name\":\"Ordinacija dentalne medicine Suboti\u0107\",\"description\":\"Studio dentistico dr. Suboti\u0107\",\"potentialAction\":[{\"@type\":\"SearchAction\",\"target\":{\"@type\":\"EntryPoint\",\"urlTemplate\":\"https:\/\/stomatologija-pula.com\/en\/?s={search_term_string}\"},\"query-input\":{\"@type\":\"PropertyValueSpecification\",\"valueRequired\":true,\"valueName\":\"search_term_string\"}}],\"inLanguage\":\"en-US\"}]}<\/script>\n<!-- \/ Yoast SEO plugin. -->","yoast_head_json":{"title":"[:hr]Dje\u010dja dentalna medicina[:en]Pediatric dentistry[:it]L'odontoiatria pediatrica[:] - Ordinacija dentalne medicine Suboti\u0107","description":"Dje\u010dja dentalna medicina grana je dentalne medicine koja je posve\u0107ena na\u0161im malim pacijentima. Ona obuhva\u0107a brigu i o mlije\u010dnim i o trajnim zubima.","robots":{"index":"index","follow":"follow","max-snippet":"max-snippet:-1","max-image-preview":"max-image-preview:large","max-video-preview":"max-video-preview:-1"},"canonical":"https:\/\/stomatologija-pula.com\/usluge\/djecja-dentalna-medicina\/","og_locale":"en_US","og_type":"article","og_title":"[:hr]Dje\u010dja dentalna medicina[:en]Pediatric dentistry[:it]L'odontoiatria pediatrica[:] - Ordinacija dentalne medicine Suboti\u0107","og_description":"Dje\u010dja dentalna medicina grana je dentalne medicine koja je posve\u0107ena na\u0161im malim pacijentima. Ona obuhva\u0107a brigu i o mlije\u010dnim i o trajnim zubima.","og_url":"https:\/\/stomatologija-pula.com\/usluge\/djecja-dentalna-medicina\/","og_site_name":"Ordinacija dentalne medicine Suboti\u0107","article_modified_time":"2023-08-30T15:04:40+00:00","twitter_card":"summary_large_image","twitter_misc":{"Est. reading time":"1 minute"},"schema":{"@context":"https:\/\/schema.org","@graph":[{"@type":"WebPage","@id":"https:\/\/stomatologija-pula.com\/usluge\/djecja-dentalna-medicina\/","url":"https:\/\/stomatologija-pula.com\/usluge\/djecja-dentalna-medicina\/","name":"[:hr]Dje\u010dja dentalna medicina[:en]Pediatric dentistry[:it]L'odontoiatria pediatrica[:] - Ordinacija dentalne medicine Suboti\u0107","isPartOf":{"@id":"https:\/\/stomatologija-pula.com\/en\/#website"},"datePublished":"2018-11-20T12:35:45+00:00","dateModified":"2023-08-30T15:04:40+00:00","description":"Dje\u010dja dentalna medicina grana je dentalne medicine koja je posve\u0107ena na\u0161im malim pacijentima. Ona obuhva\u0107a brigu i o mlije\u010dnim i o trajnim zubima.","breadcrumb":{"@id":"https:\/\/stomatologija-pula.com\/usluge\/djecja-dentalna-medicina\/#breadcrumb"},"inLanguage":"en-US","potentialAction":[{"@type":"ReadAction","target":["https:\/\/stomatologija-pula.com\/usluge\/djecja-dentalna-medicina\/"]}]},{"@type":"BreadcrumbList","@id":"https:\/\/stomatologija-pula.com\/usluge\/djecja-dentalna-medicina\/#breadcrumb","itemListElement":[{"@type":"ListItem","position":1,"name":"Home","item":"https:\/\/stomatologija-pula.com\/"},{"@type":"ListItem","position":2,"name":"Services","item":"https:\/\/stomatologija-pula.com\/en\/usluge\/"},{"@type":"ListItem","position":3,"name":"Pediatric dentistry"}]},{"@type":"WebSite","@id":"https:\/\/stomatologija-pula.com\/en\/#website","url":"https:\/\/stomatologija-pula.com\/en\/","name":"Ordinacija dentalne medicine Suboti\u0107","description":"Studio dentistico dr. Suboti\u0107","potentialAction":[{"@type":"SearchAction","target":{"@type":"EntryPoint","urlTemplate":"https:\/\/stomatologija-pula.com\/en\/?s={search_term_string}"},"query-input":{"@type":"PropertyValueSpecification","valueRequired":true,"valueName":"search_term_string"}}],"inLanguage":"en-US"}]}},"_links":{"self":[{"href":"https:\/\/stomatologija-pula.com\/en\/wp-json\/wp\/v2\/pages\/1328","targetHints":{"allow":["GET"]}}],"collection":[{"href":"https:\/\/stomatologija-pula.com\/en\/wp-json\/wp\/v2\/pages"}],"about":[{"href":"https:\/\/stomatologija-pula.com\/en\/wp-json\/wp\/v2\/types\/page"}],"author":[{"embeddable":true,"href":"https:\/\/stomatologija-pula.com\/en\/wp-json\/wp\/v2\/users\/2"}],"replies":[{"embeddable":true,"href":"https:\/\/stomatologija-pula.com\/en\/wp-json\/wp\/v2\/comments?post=1328"}],"version-history":[{"count":5,"href":"https:\/\/stomatologija-pula.com\/en\/wp-json\/wp\/v2\/pages\/1328\/revisions"}],"predecessor-version":[{"id":1740,"href":"https:\/\/stomatologija-pula.com\/en\/wp-json\/wp\/v2\/pages\/1328\/revisions\/1740"}],"up":[{"embeddable":true,"href":"https:\/\/stomatologija-pula.com\/en\/wp-json\/wp\/v2\/pages\/1166"}],"wp:attachment":[{"href":"https:\/\/stomatologija-pula.com\/en\/wp-json\/wp\/v2\/media?parent=1328"}],"curies":[{"name":"wp","href":"https:\/\/api.w.org\/{rel}","templated":true}]}}