{"id":1263,"date":"2018-10-24T11:55:48","date_gmt":"2018-10-24T11:55:48","guid":{"rendered":"https:\/\/stomatologija-pula.com\/?page_id=1263"},"modified":"2024-10-01T08:06:16","modified_gmt":"2024-10-01T08:06:16","slug":"nas-tim","status":"publish","type":"page","link":"https:\/\/stomatologija-pula.com\/en\/nas-tim\/","title":{"rendered":"Our team"},"content":{"rendered":"<div class=\"wpb-content-wrapper\"><p>[vc_row type=&#8221;vc_default&#8221; full_width=&#8221;stretch_row&#8221; bg_type=&#8221;bg_color&#8221; seperator_enable=&#8221;seperator_enable_value&#8221; seperator_type=&#8221;xlarge_triangle_seperator&#8221; seperator_position=&#8221;bottom_seperator&#8221; seperator_svg_height=&#8221;60&#8243; seperator_shape_background=&#8221;#f4f4f4&#8243; css=&#8221;.vc_custom_1540388037419{padding-top: 70px !important;padding-bottom: 80px !important;}&#8221; bg_color_value=&#8221;#ffffff&#8221;][vc_column width=&#8221;1\/6&#8243;][\/vc_column][vc_column width=&#8221;2\/3&#8243;]<div id=\"ultimate-heading-531569eb760f8a332\" class=\"uvc-heading ult-adjust-bottom-margin ultimate-heading-531569eb760f8a332 uvc-8466 \" data-hspacer=\"no_spacer\"  data-halign=\"center\" style=\"text-align:center\"><div class=\"uvc-heading-spacer no_spacer\" style=\"top\"><\/div><div class=\"uvc-main-heading ult-responsive\"  data-ultimate-target='.uvc-heading.ultimate-heading-531569eb760f8a332 h5'  data-responsive-json-new='{\"font-size\":\"desktop:40px;\",\"line-height\":\"desktop:43px;\"}' ><h5 style=\"font-family:&#039;Poppins&#039;;font-weight:300;color:#2f2f2f;margin-bottom:30px;\">About Us<\/h5><\/div><div class=\"uvc-sub-heading ult-responsive\"  data-ultimate-target='.uvc-heading.ultimate-heading-531569eb760f8a332 .uvc-sub-heading '  data-responsive-json-new='{\"font-size\":\"desktop:15px;\",\"line-height\":\"desktop:28px;\"}'  style=\"font-weight:normal;color:#787d85;margin-bottom:20px;\"><\/p>\n<p style=\"text-align: center;\">Today, our team consists of four members. Apart from the private aspect, we have a contract with the Croatian Health Insurance Fund, whose insurers who have chosen our team are offered all the services established by the insurer. Rest assured in the hands of our always smiling, courteous and professional personnel and trust us with your smile and oral health.<\/p>\n<p><\/div><\/div>[\/vc_column][vc_column width=&#8221;1\/6&#8243;][\/vc_column][\/vc_row][vc_row type=&#8221;vc_default&#8221; full_width=&#8221;stretch_row&#8221; gap=&#8221;20&#8243; bg_type=&#8221;bg_color&#8221; bg_color_value=&#8221;#f4f4f4&#8243; css=&#8221;.vc_custom_1693406494574{padding-bottom: 30px !important;}&#8221;][vc_column width=&#8221;1\/2&#8243;][vc_empty_space][vc_single_image image=&#8221;1731&#8243; img_size=&#8221;full&#8221; alignment=&#8221;center&#8221; css_animation=&#8221;none&#8221;][\/vc_column][vc_column width=&#8221;1\/2&#8243;][vc_empty_space]<div id=\"ultimate-heading-45669eb760f8a384\" class=\"uvc-heading ult-adjust-bottom-margin ultimate-heading-45669eb760f8a384 uvc-4514 accent-title-color color-title\" data-hspacer=\"no_spacer\"  data-halign=\"left\" style=\"text-align:left\"><div class=\"uvc-heading-spacer no_spacer\" style=\"top\"><\/div><div class=\"uvc-main-heading ult-responsive\"  data-ultimate-target='.uvc-heading.ultimate-heading-45669eb760f8a384 h2'  data-responsive-json-new='{\"font-size\":\"desktop:18px;\",\"line-height\":\"desktop:34px;\"}' ><h2 style=\"font-family:&#039;Montserrat&#039;;font-weight:500;color:#2f2f2f;\">Doctor of Dental Medicine<\/h2><\/div><\/div>[vc_column_text]<\/p>\n<h4 style=\"font-size: 28px;\">Milenko Suboti\u0107<\/h4>\n<p>[\/vc_column_text][vc_empty_space][vc_column_text css=&#8221;.vc_custom_1559726826396{margin-top: -15px !important;}&#8221;]Graduated from Faculty of Medicine, Department of Dental Medicine in 1987. Started his private practice in 1997 and before that he worked at the Health Center Pula. Today he runs a private practice with five employees constantly investing in quality equipment, materials, instruments and especially in professional education. He additionally completed numerous courses, especially in the field of implantology, aesthetic dentistry, periodontology and dental prosthetics.[\/vc_column_text][vc_empty_space]<a href=\"mailto:dr.subotic@email.ht.hr\" class=\"btn-shortcode dt-btn-m dt-btn default-btn-color default-btn-hover-color default-btn-bg-color default-btn-bg-hover-color\" id=\"dt-btn-3\"><span>Send an email<\/span><\/a>[\/vc_column][\/vc_row][vc_row type=&#8221;vc_default&#8221; full_width=&#8221;stretch_row&#8221; gap=&#8221;20&#8243; css=&#8221;.vc_custom_1540385550024{padding-top: 40px !important;padding-bottom: 40px !important;}&#8221;][vc_column width=&#8221;1\/3&#8243;][vc_single_image image=&#8221;1729&#8243; img_size=&#8221;full&#8221; alignment=&#8221;center&#8221; css_animation=&#8221;none&#8221;][vc_empty_space]<div id=\"ultimate-heading-175469eb760f8a3f7\" class=\"uvc-heading ult-adjust-bottom-margin ultimate-heading-175469eb760f8a3f7 uvc-661 accent-title-color color-title\" data-hspacer=\"no_spacer\"  data-halign=\"left\" style=\"text-align:left\"><div class=\"uvc-heading-spacer no_spacer\" style=\"top\"><\/div><div class=\"uvc-main-heading ult-responsive\"  data-ultimate-target='.uvc-heading.ultimate-heading-175469eb760f8a3f7 h2'  data-responsive-json-new='{\"font-size\":\"desktop:18px;\",\"line-height\":\"desktop:34px;\"}' ><h2 style=\"font-family:&#039;Montserrat&#039;;font-weight:500;color:#2f2f2f;\">Doctor of Dental Medicine<\/h2><\/div><\/div>[vc_column_text]<\/p>\n<h4>Dubravka Greblo dr.med.dent.<\/h4>\n<p>[\/vc_column_text][vc_empty_space][vc_column_text css=&#8221;.vc_custom_1693409234672{margin-top: -15px !important;}&#8221;]She completed her studies in Dental Medicine at the Medical Faculty in Rijeka in 2014. After completing her internship at our clinic, she became a new member of our team.<\/p>\n<p>In the clinic, she has focused on aesthetic dentistry and working with children. More recently, after further training, she has dedicated herself to the issue of tooth-supporting structures (periodontics) and facial aesthetics (i-PRF).[\/vc_column_text][vc_empty_space][\/vc_column][vc_column width=&#8221;1\/3&#8243;][vc_single_image image=&#8221;1730&#8243; img_size=&#8221;full&#8221; alignment=&#8221;center&#8221; css_animation=&#8221;none&#8221;][vc_empty_space]<div id=\"ultimate-heading-680469eb760f8a443\" class=\"uvc-heading ult-adjust-bottom-margin ultimate-heading-680469eb760f8a443 uvc-339 accent-title-color color-title\" data-hspacer=\"no_spacer\"  data-halign=\"left\" style=\"text-align:left\"><div class=\"uvc-heading-spacer no_spacer\" style=\"top\"><\/div><div class=\"uvc-main-heading ult-responsive\"  data-ultimate-target='.uvc-heading.ultimate-heading-680469eb760f8a443 h2'  data-responsive-json-new='{\"font-size\":\"desktop:18px;\",\"line-height\":\"desktop:34px;\"}' ><h2 style=\"font-family:&#039;Montserrat&#039;;font-weight:500;color:#2f2f2f;\">Doctor of Dental Medicine<\/h2><\/div><\/div>[vc_column_text]<\/p>\n<h4>Luka Mirkovi\u0107 univ.mag. med.dent<\/h4>\n<p>[\/vc_column_text][vc_empty_space][vc_column_text css=&#8221;.vc_custom_1693409147715{margin-top: -15px !important;}&#8221;]Graduated from Faculty of Medicine, Department of Dental Medicine in Rijeka in 2017. One year later he became our new team member, temporarily replacing doctor Greblo.<\/p>\n<p>In 2022, he obtained a Master&#8217;s degree in Dental Implantology from the School of Dental Medicine at the University of Zagreb.[\/vc_column_text][vc_empty_space][\/vc_column][vc_column width=&#8221;1\/3&#8243;][vc_single_image image=&#8221;1728&#8243; img_size=&#8221;full&#8221; alignment=&#8221;center&#8221; css_animation=&#8221;none&#8221;][vc_empty_space]<div id=\"ultimate-heading-588269eb760f8a48b\" class=\"uvc-heading ult-adjust-bottom-margin ultimate-heading-588269eb760f8a48b uvc-1713 accent-title-color color-title\" data-hspacer=\"no_spacer\"  data-halign=\"left\" style=\"text-align:left\"><div class=\"uvc-heading-spacer no_spacer\" style=\"top\"><\/div><div class=\"uvc-main-heading ult-responsive\"  data-ultimate-target='.uvc-heading.ultimate-heading-588269eb760f8a48b h2'  data-responsive-json-new='{\"font-size\":\"desktop:18px;\",\"line-height\":\"desktop:34px;\"}' ><h2 style=\"font-family:&#039;Montserrat&#039;;font-weight:500;color:#2f2f2f;\">Dental Assistant<\/h2><\/div><\/div>[vc_column_text]<\/p>\n<h4>Ivana Ladislovi\u0107<\/h4>\n<p>[\/vc_column_text][vc_empty_space][vc_column_text css=&#8221;.vc_custom_1559726928040{margin-top: -15px !important;}&#8221;]She graduated from the Medical School in Pula and has been working as a dental assistant and a surgical dental assistant ever since. She is always smiling and kind to our patients making it easier for them to conquer their eventual fear of \u201edentist&#8221; &#8211; Ivana is your first contact with our practice.[\/vc_column_text][vc_empty_space][\/vc_column][\/vc_row][vc_row type=&#8221;vc_default&#8221; full_width=&#8221;stretch_row&#8221; bg_type=&#8221;bg_color&#8221; bg_color_value=&#8221;#f4f4f4&#8243; css=&#8221;.vc_custom_1540385606297{padding-top: 40px !important;padding-bottom: 60px !important;}&#8221;][vc_column][vc_empty_space]<div class=\"text-centered\"><a href=\"https:\/\/stomatologija-pula.com\/kontakt\" class=\"btn-shortcode dt-btn-l dt-btn default-btn-color default-btn-hover-color default-btn-bg-color default-btn-bg-hover-color\" id=\"dt-btn-4\"><span>CONTACT US<\/span><\/a><\/div>[\/vc_column][\/vc_row]<\/p>\n<\/div>","protected":false},"excerpt":{"rendered":"<p>[vc_row type=&#8221;vc_default&#8221; full_width=&#8221;stretch_row&#8221; bg_type=&#8221;bg_color&#8221; seperator_enable=&#8221;seperator_enable_value&#8221; seperator_type=&#8221;xlarge_triangle_seperator&#8221; seperator_position=&#8221;bottom_seperator&#8221; seperator_svg_height=&#8221;60&#8243; seperator_shape_background=&#8221;#f4f4f4&#8243; css=&#8221;.vc_custom_1540388037419{padding-top: 70px !important;padding-bottom: 80px !important;}&#8221; bg_color_value=&#8221;#ffffff&#8221;][vc_column width=&#8221;1\/6&#8243;][\/vc_column][vc_column width=&#8221;2\/3&#8243;][\/vc_column][vc_column width=&#8221;1\/6&#8243;][\/vc_column][\/vc_row][vc_row type=&#8221;vc_default&#8221; full_width=&#8221;stretch_row&#8221; gap=&#8221;20&#8243; bg_type=&#8221;bg_color&#8221; bg_color_value=&#8221;#f4f4f4&#8243; css=&#8221;.vc_custom_1693406494574{padding-bottom: 30px !important;}&#8221;][vc_column width=&#8221;1\/2&#8243;][vc_empty_space][vc_single_image image=&#8221;1731&#8243; img_size=&#8221;full&#8221; alignment=&#8221;center&#8221; css_animation=&#8221;none&#8221;][\/vc_column][vc_column width=&#8221;1\/2&#8243;][vc_empty_space][vc_column_text] Milenko Suboti\u0107 [\/vc_column_text][vc_empty_space][vc_column_text css=&#8221;.vc_custom_1559726826396{margin-top: -15px !important;}&#8221;]Graduated from Faculty of Medicine, Department of Dental Medicine in 1987. Started his private practice in 1997 and&hellip;<\/p>\n","protected":false},"author":2,"featured_media":0,"parent":0,"menu_order":0,"comment_status":"closed","ping_status":"open","template":"template-microsite.php","meta":{"footnotes":""},"class_list":["post-1263","page","type-page","status-publish","hentry","description-off"],"yoast_head":"<!-- This site is optimized with the Yoast SEO plugin v26.0 - https:\/\/yoast.com\/wordpress\/plugins\/seo\/ -->\n<title>Our team - Ordinacija dentalne medicine Suboti\u0107<\/title>\n<meta name=\"description\" content=\"Tim dentalne medicine Suboti\u0107 danas broji pet \u010dlanova. Prepustite se u ruke stru\u010dnog, uvijek nasmijanog i ljubaznog osoblja. Upoznajte nas!\" \/>\n<meta name=\"robots\" content=\"index, follow, max-snippet:-1, max-image-preview:large, max-video-preview:-1\" \/>\n<link rel=\"canonical\" href=\"https:\/\/stomatologija-pula.com\/nas-tim\/\" \/>\n<meta property=\"og:locale\" content=\"en_US\" \/>\n<meta property=\"og:type\" content=\"article\" \/>\n<meta property=\"og:title\" content=\"[:hr]Na\u0161 tim[:en]Our team[:it]Ci presentiamo[:] - Ordinacija dentalne medicine Suboti\u0107\" \/>\n<meta property=\"og:description\" content=\"Tim dentalne medicine Suboti\u0107 danas broji pet \u010dlanova. Prepustite se u ruke stru\u010dnog, uvijek nasmijanog i ljubaznog osoblja. Upoznajte nas!\" \/>\n<meta property=\"og:url\" content=\"https:\/\/stomatologija-pula.com\/nas-tim\/\" \/>\n<meta property=\"og:site_name\" content=\"Ordinacija dentalne medicine Suboti\u0107\" \/>\n<meta property=\"article:modified_time\" content=\"2024-10-01T08:06:16+00:00\" \/>\n<meta name=\"twitter:card\" content=\"summary_large_image\" \/>\n<meta name=\"twitter:label1\" content=\"Est. reading time\" \/>\n\t<meta name=\"twitter:data1\" content=\"4 minutes\" \/>\n<script type=\"application\/ld+json\" class=\"yoast-schema-graph\">{\"@context\":\"https:\/\/schema.org\",\"@graph\":[{\"@type\":\"WebPage\",\"@id\":\"https:\/\/stomatologija-pula.com\/nas-tim\/\",\"url\":\"https:\/\/stomatologija-pula.com\/nas-tim\/\",\"name\":\"[:hr]Na\u0161 tim[:en]Our team[:it]Ci presentiamo[:] - Ordinacija dentalne medicine Suboti\u0107\",\"isPartOf\":{\"@id\":\"https:\/\/stomatologija-pula.com\/en\/#website\"},\"datePublished\":\"2018-10-24T11:55:48+00:00\",\"dateModified\":\"2024-10-01T08:06:16+00:00\",\"description\":\"Tim dentalne medicine Suboti\u0107 danas broji pet \u010dlanova. Prepustite se u ruke stru\u010dnog, uvijek nasmijanog i ljubaznog osoblja. Upoznajte nas!\",\"breadcrumb\":{\"@id\":\"https:\/\/stomatologija-pula.com\/nas-tim\/#breadcrumb\"},\"inLanguage\":\"en-US\",\"potentialAction\":[{\"@type\":\"ReadAction\",\"target\":[\"https:\/\/stomatologija-pula.com\/nas-tim\/\"]}]},{\"@type\":\"BreadcrumbList\",\"@id\":\"https:\/\/stomatologija-pula.com\/nas-tim\/#breadcrumb\",\"itemListElement\":[{\"@type\":\"ListItem\",\"position\":1,\"name\":\"Home\",\"item\":\"https:\/\/stomatologija-pula.com\/\"},{\"@type\":\"ListItem\",\"position\":2,\"name\":\"Our team\"}]},{\"@type\":\"WebSite\",\"@id\":\"https:\/\/stomatologija-pula.com\/en\/#website\",\"url\":\"https:\/\/stomatologija-pula.com\/en\/\",\"name\":\"Ordinacija dentalne medicine Suboti\u0107\",\"description\":\"Studio dentistico dr. Suboti\u0107\",\"potentialAction\":[{\"@type\":\"SearchAction\",\"target\":{\"@type\":\"EntryPoint\",\"urlTemplate\":\"https:\/\/stomatologija-pula.com\/en\/?s={search_term_string}\"},\"query-input\":{\"@type\":\"PropertyValueSpecification\",\"valueRequired\":true,\"valueName\":\"search_term_string\"}}],\"inLanguage\":\"en-US\"}]}<\/script>\n<!-- \/ Yoast SEO plugin. -->","yoast_head_json":{"title":"[:hr]Na\u0161 tim[:en]Our team[:it]Ci presentiamo[:] - Ordinacija dentalne medicine Suboti\u0107","description":"Tim dentalne medicine Suboti\u0107 danas broji pet \u010dlanova. Prepustite se u ruke stru\u010dnog, uvijek nasmijanog i ljubaznog osoblja. Upoznajte nas!","robots":{"index":"index","follow":"follow","max-snippet":"max-snippet:-1","max-image-preview":"max-image-preview:large","max-video-preview":"max-video-preview:-1"},"canonical":"https:\/\/stomatologija-pula.com\/nas-tim\/","og_locale":"en_US","og_type":"article","og_title":"[:hr]Na\u0161 tim[:en]Our team[:it]Ci presentiamo[:] - Ordinacija dentalne medicine Suboti\u0107","og_description":"Tim dentalne medicine Suboti\u0107 danas broji pet \u010dlanova. Prepustite se u ruke stru\u010dnog, uvijek nasmijanog i ljubaznog osoblja. Upoznajte nas!","og_url":"https:\/\/stomatologija-pula.com\/nas-tim\/","og_site_name":"Ordinacija dentalne medicine Suboti\u0107","article_modified_time":"2024-10-01T08:06:16+00:00","twitter_card":"summary_large_image","twitter_misc":{"Est. reading time":"4 minutes"},"schema":{"@context":"https:\/\/schema.org","@graph":[{"@type":"WebPage","@id":"https:\/\/stomatologija-pula.com\/nas-tim\/","url":"https:\/\/stomatologija-pula.com\/nas-tim\/","name":"[:hr]Na\u0161 tim[:en]Our team[:it]Ci presentiamo[:] - Ordinacija dentalne medicine Suboti\u0107","isPartOf":{"@id":"https:\/\/stomatologija-pula.com\/en\/#website"},"datePublished":"2018-10-24T11:55:48+00:00","dateModified":"2024-10-01T08:06:16+00:00","description":"Tim dentalne medicine Suboti\u0107 danas broji pet \u010dlanova. Prepustite se u ruke stru\u010dnog, uvijek nasmijanog i ljubaznog osoblja. Upoznajte nas!","breadcrumb":{"@id":"https:\/\/stomatologija-pula.com\/nas-tim\/#breadcrumb"},"inLanguage":"en-US","potentialAction":[{"@type":"ReadAction","target":["https:\/\/stomatologija-pula.com\/nas-tim\/"]}]},{"@type":"BreadcrumbList","@id":"https:\/\/stomatologija-pula.com\/nas-tim\/#breadcrumb","itemListElement":[{"@type":"ListItem","position":1,"name":"Home","item":"https:\/\/stomatologija-pula.com\/"},{"@type":"ListItem","position":2,"name":"Our team"}]},{"@type":"WebSite","@id":"https:\/\/stomatologija-pula.com\/en\/#website","url":"https:\/\/stomatologija-pula.com\/en\/","name":"Ordinacija dentalne medicine Suboti\u0107","description":"Studio dentistico dr. Suboti\u0107","potentialAction":[{"@type":"SearchAction","target":{"@type":"EntryPoint","urlTemplate":"https:\/\/stomatologija-pula.com\/en\/?s={search_term_string}"},"query-input":{"@type":"PropertyValueSpecification","valueRequired":true,"valueName":"search_term_string"}}],"inLanguage":"en-US"}]}},"_links":{"self":[{"href":"https:\/\/stomatologija-pula.com\/en\/wp-json\/wp\/v2\/pages\/1263","targetHints":{"allow":["GET"]}}],"collection":[{"href":"https:\/\/stomatologija-pula.com\/en\/wp-json\/wp\/v2\/pages"}],"about":[{"href":"https:\/\/stomatologija-pula.com\/en\/wp-json\/wp\/v2\/types\/page"}],"author":[{"embeddable":true,"href":"https:\/\/stomatologija-pula.com\/en\/wp-json\/wp\/v2\/users\/2"}],"replies":[{"embeddable":true,"href":"https:\/\/stomatologija-pula.com\/en\/wp-json\/wp\/v2\/comments?post=1263"}],"version-history":[{"count":5,"href":"https:\/\/stomatologija-pula.com\/en\/wp-json\/wp\/v2\/pages\/1263\/revisions"}],"predecessor-version":[{"id":1861,"href":"https:\/\/stomatologija-pula.com\/en\/wp-json\/wp\/v2\/pages\/1263\/revisions\/1861"}],"wp:attachment":[{"href":"https:\/\/stomatologija-pula.com\/en\/wp-json\/wp\/v2\/media?parent=1263"}],"curies":[{"name":"wp","href":"https:\/\/api.w.org\/{rel}","templated":true}]}}