{"id":1166,"date":"2018-10-23T10:39:13","date_gmt":"2018-10-23T10:39:13","guid":{"rendered":"https:\/\/stomatologija-pula.com\/?page_id=1166"},"modified":"2019-06-06T14:27:03","modified_gmt":"2019-06-06T14:27:03","slug":"usluge","status":"publish","type":"page","link":"https:\/\/stomatologija-pula.com\/en\/usluge\/","title":{"rendered":"Services"},"content":{"rendered":"<div class=\"wpb-content-wrapper\"><p>[vc_row type=&#8221;vc_default&#8221; full_width=&#8221;stretch_row&#8221; seperator_enable=&#8221;seperator_enable_value&#8221; seperator_type=&#8221;triangle_svg_seperator&#8221; seperator_position=&#8221;bottom_seperator&#8221; seperator_svg_height=&#8221;30&#8243; seperator_shape_background=&#8221;#ffffff&#8221; css=&#8221;.vc_custom_1540295787876{padding-top: 100px !important;}&#8221;][vc_column width=&#8221;1\/6&#8243;][\/vc_column][vc_column width=&#8221;2\/3&#8243;]<div id=\"ultimate-heading-4636a0733dbe7ef9\" class=\"uvc-heading ult-adjust-bottom-margin ultimate-heading-4636a0733dbe7ef9 uvc-3154 \" data-hspacer=\"icon_only\"  data-halign=\"center\" style=\"text-align:center\"><div class=\"uvc-main-heading ult-responsive\"  data-ultimate-target='.uvc-heading.ultimate-heading-4636a0733dbe7ef9 h5'  data-responsive-json-new='{\"font-size\":\"desktop:37px;\",\"line-height\":\"desktop:40px;\"}' ><h5 style=\"font-family:&#039;Poppins&#039;;font-weight:300;color:#2f2f2f;margin-bottom:30px;\">Our Services<\/h5><\/div><div class=\"uvc-sub-heading ult-responsive\"  data-ultimate-target='.uvc-heading.ultimate-heading-4636a0733dbe7ef9 .uvc-sub-heading '  data-responsive-json-new='{\"font-size\":\"desktop:15px;\",\"line-height\":\"desktop:28px;\"}'  style=\"font-weight:normal;color:#787d85;margin-bottom:20px;\"><\/p>\n<p style=\"text-align: center;\">Primarily, our goal is to provide you with quality services to mutual satisfaction. We provide all kinds of services that can be offered in a modern dental practice, from conservative, prosthetics and surgery to aesthetic dentistry. We will try to explain this in more detail below.<\/p>\n<p><\/div><div class=\"uvc-heading-spacer icon_only\" style=\"top\"><div class=\"ult-just-icon-wrapper  \"><div class=\"align-icon\" style=\"text-align:center;\">\n<div class=\"aio-icon none \"  style=\"color:#00b4ce;font-size:38px;display:inline-block;\">\n\t<i class=\"Defaults-sort-desc sort-down\"><\/i>\n<\/div><\/div><\/div><\/div><\/div>[\/vc_column][vc_column width=&#8221;1\/6&#8243;][\/vc_column][\/vc_row][vc_row type=&#8221;vc_default&#8221; full_width=&#8221;stretch_row&#8221; gap=&#8221;20&#8243; bg_type=&#8221;bg_color&#8221; seperator_enable=&#8221;seperator_enable_value&#8221; seperator_type=&#8221;triangle_svg_seperator&#8221; seperator_svg_height=&#8221;30&#8243; seperator_shape_background=&#8221;#ffffff&#8221; bg_color_value=&#8221;#f4f4f4&#8243; css=&#8221;.vc_custom_1540295297880{padding-top: 20px !important;}&#8221;][vc_column width=&#8221;1\/4&#8243;][vc_single_image image=&#8221;1172&#8243; img_size=&#8221;full&#8221; alignment=&#8221;center&#8221;]<div id=\"ultimate-heading-7166a0733dbe7f5d\" class=\"uvc-heading ult-adjust-bottom-margin ultimate-heading-7166a0733dbe7f5d uvc-7011 \" data-hspacer=\"no_spacer\"  data-halign=\"center\" style=\"text-align:center\"><div class=\"uvc-heading-spacer no_spacer\" style=\"top\"><\/div><div class=\"uvc-main-heading ult-responsive\"  data-ultimate-target='.uvc-heading.ultimate-heading-7166a0733dbe7f5d h5'  data-responsive-json-new='{\"font-size\":\"desktop:16px;\",\"line-height\":\"desktop:34px;\"}' ><h5 style=\"font-family:&#039;Montserrat&#039;;font-weight:500;color:#2f2f2f;margin-bottom:10px;\">Conservative<\/h5><\/div><div class=\"uvc-sub-heading ult-responsive\"  data-ultimate-target='.uvc-heading.ultimate-heading-7166a0733dbe7f5d .uvc-sub-heading '  data-responsive-json-new='{\"font-size\":\"desktop:13px;\",\"line-height\":\"desktop:24px;\"}'  style=\"font-weight:normal;color:#787d85;\">We work with fillings of composite materials (\u201cwhite fillings\u201d) that completely fulfill aesthetic and functional criteria. For back teeth, except for composites, we also use glass ionomer that can completely replace amalgam (&#8220;black fillings&#8221;).<\/p>\n<p><a href=\"https:\/\/stomatologija-pula.com\/usluge\/konzervativa\/\">Know more<\/a><\/div><\/div>[\/vc_column][vc_column width=&#8221;1\/4&#8243;][vc_single_image image=&#8221;1170&#8243; img_size=&#8221;full&#8221; alignment=&#8221;center&#8221;]<div id=\"ultimate-heading-45356a0733dbe7fad\" class=\"uvc-heading ult-adjust-bottom-margin ultimate-heading-45356a0733dbe7fad uvc-4487 \" data-hspacer=\"no_spacer\"  data-halign=\"center\" style=\"text-align:center\"><div class=\"uvc-heading-spacer no_spacer\" style=\"top\"><\/div><div class=\"uvc-main-heading ult-responsive\"  data-ultimate-target='.uvc-heading.ultimate-heading-45356a0733dbe7fad h5'  data-responsive-json-new='{\"font-size\":\"desktop:16px;\",\"line-height\":\"desktop:34px;\"}' ><h5 style=\"font-family:&#039;Montserrat&#039;;font-weight:500;color:#2f2f2f;margin-bottom:10px;\">Endodontics<\/h5><\/div><div class=\"uvc-sub-heading ult-responsive\"  data-ultimate-target='.uvc-heading.ultimate-heading-45356a0733dbe7fad .uvc-sub-heading '  data-responsive-json-new='{\"font-size\":\"desktop:13px;\",\"line-height\":\"desktop:24px;\"}'  style=\"font-weight:normal;color:#787d85;\">Our primary goal is to save the root of the tooth so that in case of loss of crown of the tooth due to caries or trauma, it can be used as a carrier for tooth upgrades, and therefore crowns.<\/p>\n<p><a href=\"https:\/\/stomatologija-pula.com\/usluge\/endodoncija\/\">Know more<\/a><\/div><\/div>[\/vc_column][vc_column width=&#8221;1\/4&#8243;][vc_single_image image=&#8221;1167&#8243; img_size=&#8221;full&#8221; alignment=&#8221;center&#8221;]<div id=\"ultimate-heading-18586a0733dbe7ff5\" class=\"uvc-heading ult-adjust-bottom-margin ultimate-heading-18586a0733dbe7ff5 uvc-5703 \" data-hspacer=\"no_spacer\"  data-halign=\"center\" style=\"text-align:center\"><div class=\"uvc-heading-spacer no_spacer\" style=\"top\"><\/div><div class=\"uvc-main-heading ult-responsive\"  data-ultimate-target='.uvc-heading.ultimate-heading-18586a0733dbe7ff5 h5'  data-responsive-json-new='{\"font-size\":\"desktop:16px;\",\"line-height\":\"desktop:34px;\"}' ><h5 style=\"font-family:&#039;Montserrat&#039;;font-weight:500;color:#2f2f2f;margin-bottom:10px;\">Periodontics<\/h5><\/div><div class=\"uvc-sub-heading ult-responsive\"  data-ultimate-target='.uvc-heading.ultimate-heading-18586a0733dbe7ff5 .uvc-sub-heading '  data-responsive-json-new='{\"font-size\":\"desktop:14px;\",\"line-height\":\"desktop:24px;\"}'  style=\"font-weight:normal;color:#787d85;\">This is what we call all the procedures related to the treatment or repair of the disease of the supporting structure of the tooth (periodontium). The most common and least demanding procedure is removing dental plaque.<\/p>\n<p><a href=\"https:\/\/stomatologija-pula.com\/usluge\/paradontologija\/\">Know more<\/a><\/div><\/div>[\/vc_column][vc_column width=&#8221;1\/4&#8243;][vc_single_image image=&#8221;1171&#8243; img_size=&#8221;full&#8221; alignment=&#8221;center&#8221;]<div id=\"ultimate-heading-84976a0733dbe803b\" class=\"uvc-heading ult-adjust-bottom-margin ultimate-heading-84976a0733dbe803b uvc-4452 \" data-hspacer=\"no_spacer\"  data-halign=\"center\" style=\"text-align:center\"><div class=\"uvc-heading-spacer no_spacer\" style=\"top\"><\/div><div class=\"uvc-main-heading ult-responsive\"  data-ultimate-target='.uvc-heading.ultimate-heading-84976a0733dbe803b h5'  data-responsive-json-new='{\"font-size\":\"desktop:16px;\",\"line-height\":\"desktop:34px;\"}' ><h5 style=\"font-family:&#039;Montserrat&#039;;font-weight:500;color:#2f2f2f;margin-bottom:10px;\">Fixed and mobile prosthetics<\/h5><\/div><div class=\"uvc-sub-heading ult-responsive\"  data-ultimate-target='.uvc-heading.ultimate-heading-84976a0733dbe803b .uvc-sub-heading '  data-responsive-json-new='{\"font-size\":\"desktop:14px;\",\"line-height\":\"desktop:24px;\"}'  style=\"font-weight:normal;color:#787d85;\">Prosthetics is a branch of dental medicine that deals with solutions when lacking one or more of your teeth, even all of them. Mobile prosthetics offers mobile solutions for missing teeth such as total and partial dentures, and fixed prosthetics offers solutions like crowns, veneers, bridges, implants that are fixed and are not removed.<\/p>\n<p><a href=\"https:\/\/stomatologija-pula.com\/usluge\/fiksna-i-mobilna-protetika\/\">Know more<\/a><\/div><\/div>[\/vc_column][\/vc_row][vc_row type=&#8221;vc_default&#8221; full_width=&#8221;stretch_row&#8221; gap=&#8221;20&#8243; bg_type=&#8221;bg_color&#8221; bg_color_value=&#8221;#f4f4f4&#8243;][vc_column width=&#8221;1\/4&#8243;][vc_single_image image=&#8221;1387&#8243; img_size=&#8221;full&#8221; alignment=&#8221;center&#8221;]<div id=\"ultimate-heading-67826a0733dbe8081\" class=\"uvc-heading ult-adjust-bottom-margin ultimate-heading-67826a0733dbe8081 uvc-7577 \" data-hspacer=\"no_spacer\"  data-halign=\"center\" style=\"text-align:center\"><div class=\"uvc-heading-spacer no_spacer\" style=\"top\"><\/div><div class=\"uvc-main-heading ult-responsive\"  data-ultimate-target='.uvc-heading.ultimate-heading-67826a0733dbe8081 h5'  data-responsive-json-new='{\"font-size\":\"desktop:16px;\",\"line-height\":\"desktop:34px;\"}' ><h5 style=\"font-family:&#039;Montserrat&#039;;font-weight:500;color:#2f2f2f;margin-bottom:10px;\">Oral surgery<\/h5><\/div><div class=\"uvc-sub-heading ult-responsive\"  data-ultimate-target='.uvc-heading.ultimate-heading-67826a0733dbe8081 .uvc-sub-heading '  data-responsive-json-new='{\"font-size\":\"desktop:14px;\",\"line-height\":\"desktop:24px;\"}'  style=\"font-weight:normal;color:#787d85;\">Oral surgery is a branch of dental medicine that deals with the treatment of such conditions that require oral surgery methods, which refers to situations from the simplest tooth extraction up to the sinus lift in implantology.<\/p>\n<p><a href=\"https:\/\/stomatologija-pula.com\/usluge\/oralna-kirurgija\/\">Know more<\/a><\/div><\/div>[\/vc_column][vc_column width=&#8221;1\/4&#8243;][vc_single_image image=&#8221;1174&#8243; img_size=&#8221;full&#8221; alignment=&#8221;center&#8221;]<div id=\"ultimate-heading-2876a0733dbe80ce\" class=\"uvc-heading ult-adjust-bottom-margin ultimate-heading-2876a0733dbe80ce uvc-6609 \" data-hspacer=\"no_spacer\"  data-halign=\"center\" style=\"text-align:center\"><div class=\"uvc-heading-spacer no_spacer\" style=\"top\"><\/div><div class=\"uvc-main-heading ult-responsive\"  data-ultimate-target='.uvc-heading.ultimate-heading-2876a0733dbe80ce h5'  data-responsive-json-new='{\"font-size\":\"desktop:16px;\",\"line-height\":\"desktop:34px;\"}' ><h5 style=\"font-family:&#039;Montserrat&#039;;font-weight:500;color:#2f2f2f;margin-bottom:10px;\">Implantology<\/h5><\/div><div class=\"uvc-sub-heading ult-responsive\"  data-ultimate-target='.uvc-heading.ultimate-heading-2876a0733dbe80ce .uvc-sub-heading '  data-responsive-json-new='{\"font-size\":\"desktop:14px;\",\"line-height\":\"desktop:24px;\"}'  style=\"font-weight:normal;color:#787d85;\">Initially as a part of oral surgery, implantology has developed as an independent branch of dental medicine in the last 20 years, following Braenemark&#8217;s discovery of osseointegration (process in which bone and implant form a permanent bond and implant becomes part of your jaw). Based on these insights today we use titanium implants, mainly in the form of bolts or cylinders.<\/p>\n<p><a href=\"https:\/\/stomatologija-pula.com\/usluge\/implantologija\/\">Know more<\/a><\/div><\/div>[\/vc_column][vc_column width=&#8221;1\/4&#8243;][vc_single_image image=&#8221;1382&#8243; img_size=&#8221;full&#8221; alignment=&#8221;center&#8221;]<div id=\"ultimate-heading-81646a0733dbe8114\" class=\"uvc-heading ult-adjust-bottom-margin ultimate-heading-81646a0733dbe8114 uvc-7332 \" data-hspacer=\"no_spacer\"  data-halign=\"center\" style=\"text-align:center\"><div class=\"uvc-heading-spacer no_spacer\" style=\"top\"><\/div><div class=\"uvc-main-heading ult-responsive\"  data-ultimate-target='.uvc-heading.ultimate-heading-81646a0733dbe8114 h5'  data-responsive-json-new='{\"font-size\":\"desktop:16px;\",\"line-height\":\"desktop:34px;\"}' ><h5 style=\"font-family:&#039;Montserrat&#039;;font-weight:500;color:#2f2f2f;margin-bottom:10px;\">Pediatric dentistry<\/h5><\/div><div class=\"uvc-sub-heading ult-responsive\"  data-ultimate-target='.uvc-heading.ultimate-heading-81646a0733dbe8114 .uvc-sub-heading '  data-responsive-json-new='{\"font-size\":\"desktop:14px;\",\"line-height\":\"desktop:24px;\"}'  style=\"font-weight:normal;color:#787d85;\">Pediatric dentistry is a branch of dental medicine dedicated to our little patients. It includes taking care of both deciduous (milk teeth) and permanent children\u2019s teeth.<\/p>\n<p><a href=\"https:\/\/stomatologija-pula.com\/usluge\/djecja-dentalna-medicina\/\">Know more<\/a><\/div><\/div>[\/vc_column][vc_column width=&#8221;1\/4&#8243;][vc_single_image image=&#8221;1385&#8243; img_size=&#8221;full&#8221; alignment=&#8221;center&#8221;]<div id=\"ultimate-heading-64496a0733dbe8158\" class=\"uvc-heading ult-adjust-bottom-margin ultimate-heading-64496a0733dbe8158 uvc-8605 \" data-hspacer=\"no_spacer\"  data-halign=\"center\" style=\"text-align:center\"><div class=\"uvc-heading-spacer no_spacer\" style=\"top\"><\/div><div class=\"uvc-main-heading ult-responsive\"  data-ultimate-target='.uvc-heading.ultimate-heading-64496a0733dbe8158 h5'  data-responsive-json-new='{\"font-size\":\"desktop:16px;\",\"line-height\":\"desktop:34px;\"}' ><h5 style=\"font-family:&#039;Montserrat&#039;;font-weight:500;color:#2f2f2f;margin-bottom:10px;\">Aesthetic dentistry<\/h5><\/div><div class=\"uvc-sub-heading ult-responsive\"  data-ultimate-target='.uvc-heading.ultimate-heading-64496a0733dbe8158 .uvc-sub-heading '  data-responsive-json-new='{\"font-size\":\"desktop:14px;\",\"line-height\":\"desktop:24px;\"}'  style=\"font-weight:normal;color:#787d85;\">Aesthetic dentistry is a branch of dental medicine that is primarily an aesthetic component of health service, and it mostly consists of teeth bleaching, dental jewelry, and lately, hyaluronic filers.<\/p>\n<p><a href=\"https:\/\/stomatologija-pula.com\/usluge\/estetska-stomatologija\/\">Know more<\/a><\/div><\/div>[\/vc_column][\/vc_row][vc_row type=&#8221;vc_default&#8221; full_width=&#8221;stretch_row&#8221; bg_type=&#8221;bg_color&#8221; bg_color_value=&#8221;#f4f4f4&#8243; css=&#8221;.vc_custom_1540293787300{padding-top: 40px !important;padding-bottom: 110px !important;}&#8221;][vc_column]<div class=\"text-centered\"><a href=\"https:\/\/stomatologija-pula.com\/kontakt\" class=\"btn-shortcode dt-btn-l dt-btn default-btn-color default-btn-hover-color default-btn-bg-color default-btn-bg-hover-color\" id=\"dt-btn-2\"><span>CONTACT US<\/span><\/a><\/div>[\/vc_column][\/vc_row]<\/p>\n<\/div>","protected":false},"excerpt":{"rendered":"<p>[vc_row type=&#8221;vc_default&#8221; full_width=&#8221;stretch_row&#8221; seperator_enable=&#8221;seperator_enable_value&#8221; seperator_type=&#8221;triangle_svg_seperator&#8221; seperator_position=&#8221;bottom_seperator&#8221; seperator_svg_height=&#8221;30&#8243; seperator_shape_background=&#8221;#ffffff&#8221; css=&#8221;.vc_custom_1540295787876{padding-top: 100px !important;}&#8221;][vc_column width=&#8221;1\/6&#8243;][\/vc_column][vc_column width=&#8221;2\/3&#8243;][\/vc_column][vc_column width=&#8221;1\/6&#8243;][\/vc_column][\/vc_row][vc_row type=&#8221;vc_default&#8221; full_width=&#8221;stretch_row&#8221; gap=&#8221;20&#8243; bg_type=&#8221;bg_color&#8221; seperator_enable=&#8221;seperator_enable_value&#8221; seperator_type=&#8221;triangle_svg_seperator&#8221; seperator_svg_height=&#8221;30&#8243; seperator_shape_background=&#8221;#ffffff&#8221; bg_color_value=&#8221;#f4f4f4&#8243; css=&#8221;.vc_custom_1540295297880{padding-top: 20px !important;}&#8221;][vc_column width=&#8221;1\/4&#8243;][vc_single_image image=&#8221;1172&#8243; img_size=&#8221;full&#8221; alignment=&#8221;center&#8221;][\/vc_column][vc_column width=&#8221;1\/4&#8243;][vc_single_image image=&#8221;1170&#8243; img_size=&#8221;full&#8221; alignment=&#8221;center&#8221;][\/vc_column][vc_column width=&#8221;1\/4&#8243;][vc_single_image image=&#8221;1167&#8243; img_size=&#8221;full&#8221; alignment=&#8221;center&#8221;][\/vc_column][vc_column width=&#8221;1\/4&#8243;][vc_single_image image=&#8221;1171&#8243; img_size=&#8221;full&#8221; alignment=&#8221;center&#8221;][\/vc_column][\/vc_row][vc_row type=&#8221;vc_default&#8221; full_width=&#8221;stretch_row&#8221; gap=&#8221;20&#8243; bg_type=&#8221;bg_color&#8221; bg_color_value=&#8221;#f4f4f4&#8243;][vc_column width=&#8221;1\/4&#8243;][vc_single_image image=&#8221;1387&#8243; img_size=&#8221;full&#8221; alignment=&#8221;center&#8221;][\/vc_column][vc_column width=&#8221;1\/4&#8243;][vc_single_image image=&#8221;1174&#8243; img_size=&#8221;full&#8221; alignment=&#8221;center&#8221;][\/vc_column][vc_column&hellip;<\/p>\n","protected":false},"author":2,"featured_media":0,"parent":0,"menu_order":0,"comment_status":"closed","ping_status":"open","template":"template-microsite.php","meta":{"footnotes":""},"class_list":["post-1166","page","type-page","status-publish","hentry","description-off"],"yoast_head":"<!-- This site is optimized with the Yoast SEO plugin v26.0 - https:\/\/yoast.com\/wordpress\/plugins\/seo\/ -->\n<title>Stomatolo\u0161ke usluge - Ordinacija dentalne medicine Suboti\u0107<\/title>\n<meta name=\"description\" content=\"Pru\u017eamo sve vrste usluga koje se mogu ponuditi u jednoj suvremenoj dentalnoj ordinaciji, od konzervative, protetike i kirurgije do estetske stomatologije.\" \/>\n<meta name=\"robots\" content=\"index, follow, max-snippet:-1, max-image-preview:large, max-video-preview:-1\" \/>\n<link rel=\"canonical\" href=\"https:\/\/stomatologija-pula.com\/en\/usluge\/\" \/>\n<meta property=\"og:locale\" content=\"en_US\" \/>\n<meta property=\"og:type\" content=\"article\" \/>\n<meta property=\"og:title\" content=\"Stomatolo\u0161ke usluge - Ordinacija dentalne medicine Suboti\u0107\" \/>\n<meta property=\"og:description\" content=\"Pru\u017eamo sve vrste usluga koje se mogu ponuditi u jednoj suvremenoj dentalnoj ordinaciji, od konzervative, protetike i kirurgije do estetske stomatologije.\" \/>\n<meta property=\"og:url\" content=\"https:\/\/stomatologija-pula.com\/en\/usluge\/\" \/>\n<meta property=\"og:site_name\" content=\"Ordinacija dentalne medicine Suboti\u0107\" \/>\n<meta property=\"article:modified_time\" content=\"2019-06-06T14:27:03+00:00\" \/>\n<meta name=\"twitter:card\" content=\"summary_large_image\" \/>\n<meta name=\"twitter:label1\" content=\"Est. reading time\" \/>\n\t<meta name=\"twitter:data1\" content=\"21 minutes\" \/>\n<script type=\"application\/ld+json\" class=\"yoast-schema-graph\">{\"@context\":\"https:\/\/schema.org\",\"@graph\":[{\"@type\":\"WebPage\",\"@id\":\"https:\/\/stomatologija-pula.com\/en\/usluge\/\",\"url\":\"https:\/\/stomatologija-pula.com\/en\/usluge\/\",\"name\":\"Stomatolo\u0161ke usluge - Ordinacija dentalne medicine Suboti\u0107\",\"isPartOf\":{\"@id\":\"https:\/\/stomatologija-pula.com\/en\/#website\"},\"datePublished\":\"2018-10-23T10:39:13+00:00\",\"dateModified\":\"2019-06-06T14:27:03+00:00\",\"description\":\"Pru\u017eamo sve vrste usluga koje se mogu ponuditi u jednoj suvremenoj dentalnoj ordinaciji, od konzervative, protetike i kirurgije do estetske stomatologije.\",\"breadcrumb\":{\"@id\":\"https:\/\/stomatologija-pula.com\/en\/usluge\/#breadcrumb\"},\"inLanguage\":\"en-US\",\"potentialAction\":[{\"@type\":\"ReadAction\",\"target\":[\"https:\/\/stomatologija-pula.com\/en\/usluge\/\"]}]},{\"@type\":\"BreadcrumbList\",\"@id\":\"https:\/\/stomatologija-pula.com\/en\/usluge\/#breadcrumb\",\"itemListElement\":[{\"@type\":\"ListItem\",\"position\":1,\"name\":\"Home\",\"item\":\"https:\/\/stomatologija-pula.com\/\"},{\"@type\":\"ListItem\",\"position\":2,\"name\":\"Services\"}]},{\"@type\":\"WebSite\",\"@id\":\"https:\/\/stomatologija-pula.com\/en\/#website\",\"url\":\"https:\/\/stomatologija-pula.com\/en\/\",\"name\":\"Ordinacija dentalne medicine Suboti\u0107\",\"description\":\"Studio dentistico dr. Suboti\u0107\",\"potentialAction\":[{\"@type\":\"SearchAction\",\"target\":{\"@type\":\"EntryPoint\",\"urlTemplate\":\"https:\/\/stomatologija-pula.com\/en\/?s={search_term_string}\"},\"query-input\":{\"@type\":\"PropertyValueSpecification\",\"valueRequired\":true,\"valueName\":\"search_term_string\"}}],\"inLanguage\":\"en-US\"}]}<\/script>\n<!-- \/ Yoast SEO plugin. -->","yoast_head_json":{"title":"Stomatolo\u0161ke usluge - Ordinacija dentalne medicine Suboti\u0107","description":"Pru\u017eamo sve vrste usluga koje se mogu ponuditi u jednoj suvremenoj dentalnoj ordinaciji, od konzervative, protetike i kirurgije do estetske stomatologije.","robots":{"index":"index","follow":"follow","max-snippet":"max-snippet:-1","max-image-preview":"max-image-preview:large","max-video-preview":"max-video-preview:-1"},"canonical":"https:\/\/stomatologija-pula.com\/en\/usluge\/","og_locale":"en_US","og_type":"article","og_title":"Stomatolo\u0161ke usluge - Ordinacija dentalne medicine Suboti\u0107","og_description":"Pru\u017eamo sve vrste usluga koje se mogu ponuditi u jednoj suvremenoj dentalnoj ordinaciji, od konzervative, protetike i kirurgije do estetske stomatologije.","og_url":"https:\/\/stomatologija-pula.com\/en\/usluge\/","og_site_name":"Ordinacija dentalne medicine Suboti\u0107","article_modified_time":"2019-06-06T14:27:03+00:00","twitter_card":"summary_large_image","twitter_misc":{"Est. reading time":"21 minutes"},"schema":{"@context":"https:\/\/schema.org","@graph":[{"@type":"WebPage","@id":"https:\/\/stomatologija-pula.com\/en\/usluge\/","url":"https:\/\/stomatologija-pula.com\/en\/usluge\/","name":"Stomatolo\u0161ke usluge - Ordinacija dentalne medicine Suboti\u0107","isPartOf":{"@id":"https:\/\/stomatologija-pula.com\/en\/#website"},"datePublished":"2018-10-23T10:39:13+00:00","dateModified":"2019-06-06T14:27:03+00:00","description":"Pru\u017eamo sve vrste usluga koje se mogu ponuditi u jednoj suvremenoj dentalnoj ordinaciji, od konzervative, protetike i kirurgije do estetske stomatologije.","breadcrumb":{"@id":"https:\/\/stomatologija-pula.com\/en\/usluge\/#breadcrumb"},"inLanguage":"en-US","potentialAction":[{"@type":"ReadAction","target":["https:\/\/stomatologija-pula.com\/en\/usluge\/"]}]},{"@type":"BreadcrumbList","@id":"https:\/\/stomatologija-pula.com\/en\/usluge\/#breadcrumb","itemListElement":[{"@type":"ListItem","position":1,"name":"Home","item":"https:\/\/stomatologija-pula.com\/"},{"@type":"ListItem","position":2,"name":"Services"}]},{"@type":"WebSite","@id":"https:\/\/stomatologija-pula.com\/en\/#website","url":"https:\/\/stomatologija-pula.com\/en\/","name":"Ordinacija dentalne medicine Suboti\u0107","description":"Studio dentistico dr. Suboti\u0107","potentialAction":[{"@type":"SearchAction","target":{"@type":"EntryPoint","urlTemplate":"https:\/\/stomatologija-pula.com\/en\/?s={search_term_string}"},"query-input":{"@type":"PropertyValueSpecification","valueRequired":true,"valueName":"search_term_string"}}],"inLanguage":"en-US"}]}},"_links":{"self":[{"href":"https:\/\/stomatologija-pula.com\/en\/wp-json\/wp\/v2\/pages\/1166","targetHints":{"allow":["GET"]}}],"collection":[{"href":"https:\/\/stomatologija-pula.com\/en\/wp-json\/wp\/v2\/pages"}],"about":[{"href":"https:\/\/stomatologija-pula.com\/en\/wp-json\/wp\/v2\/types\/page"}],"author":[{"embeddable":true,"href":"https:\/\/stomatologija-pula.com\/en\/wp-json\/wp\/v2\/users\/2"}],"replies":[{"embeddable":true,"href":"https:\/\/stomatologija-pula.com\/en\/wp-json\/wp\/v2\/comments?post=1166"}],"version-history":[{"count":5,"href":"https:\/\/stomatologija-pula.com\/en\/wp-json\/wp\/v2\/pages\/1166\/revisions"}],"predecessor-version":[{"id":1484,"href":"https:\/\/stomatologija-pula.com\/en\/wp-json\/wp\/v2\/pages\/1166\/revisions\/1484"}],"wp:attachment":[{"href":"https:\/\/stomatologija-pula.com\/en\/wp-json\/wp\/v2\/media?parent=1166"}],"curies":[{"name":"wp","href":"https:\/\/api.w.org\/{rel}","templated":true}]}}